{"id":114,"date":"2023-02-25T13:35:49","date_gmt":"2023-02-25T11:35:49","guid":{"rendered":"https:\/\/tunkka.measte.fi\/?page_id=114"},"modified":"2025-12-18T23:07:28","modified_gmt":"2025-12-18T21:07:28","slug":"a-yritys","status":"publish","type":"page","link":"https:\/\/www.measte.fi\/","title":{"rendered":"Yritys"},"content":{"rendered":"\t\t<div data-elementor-type=\"wp-page\" data-elementor-id=\"114\" class=\"elementor elementor-114\" data-elementor-post-type=\"page\">\n\t\t\t\t\t\t<section class=\"elementor-section elementor-top-section elementor-element elementor-element-3ee35203 elementor-section-boxed elementor-section-height-default elementor-section-height-default\" data-id=\"3ee35203\" data-element_type=\"section\">\n\t\t\t\t\t\t<div class=\"elementor-container elementor-column-gap-default\">\n\t\t\t\t\t<div class=\"elementor-column elementor-col-100 elementor-top-column elementor-element elementor-element-61f17fd0\" data-id=\"61f17fd0\" data-element_type=\"column\">\n\t\t\t<div class=\"elementor-widget-wrap elementor-element-populated\">\n\t\t\t\t\t\t<section class=\"elementor-section elementor-inner-section elementor-element elementor-element-2028896 elementor-section-boxed elementor-section-height-default elementor-section-height-default\" data-id=\"2028896\" data-element_type=\"section\">\n\t\t\t\t\t\t<div class=\"elementor-container elementor-column-gap-default\">\n\t\t\t\t\t<div class=\"elementor-column elementor-col-50 elementor-inner-column elementor-element elementor-element-f6db4b9\" data-id=\"f6db4b9\" data-element_type=\"column\">\n\t\t\t<div class=\"elementor-widget-wrap elementor-element-populated\">\n\t\t\t\t\t\t<div class=\"elementor-element elementor-element-235b8cd elementor-widget__width-initial elementor-widget elementor-widget-text-editor\" data-id=\"235b8cd\" data-element_type=\"widget\" data-widget_type=\"text-editor.default\">\n\t\t\t\t<div class=\"elementor-widget-container\">\n\t\t\t\t\t\t\t\t\t<p><span style=\"color: #000000;\">Measte Oy on 1990 perustettu yritys, jonka kotipaikkakuntana toimii Raahe.&nbsp;<\/span><\/p><p><span style=\"color: #000000;\">Toimialoja ovat mittaus- ja tutkimuslaitteet, sek\u00e4 erilaiset asiakasprojektit.<\/span><\/p>\n<p><span style=\"color: #000000;\">Measte Oy on kehitt\u00e4nyt ohjausj\u00e4rjestelmi\u00e4 muun muassa valaistukseen ja tuotannon ohjaukseen.<br><\/span><\/p>\n<p><\/p>\t\t\t\t\t\t\t\t<\/div>\n\t\t\t\t<\/div>\n\t\t\t\t\t<\/div>\n\t\t<\/div>\n\t\t\t\t<div class=\"elementor-column elementor-col-50 elementor-inner-column elementor-element elementor-element-d06103b\" data-id=\"d06103b\" data-element_type=\"column\">\n\t\t\t<div class=\"elementor-widget-wrap elementor-element-populated\">\n\t\t\t\t\t\t<div class=\"elementor-element elementor-element-fdebffe elementor-widget__width-initial elementor-widget elementor-widget-image\" data-id=\"fdebffe\" data-element_type=\"widget\" data-widget_type=\"image.default\">\n\t\t\t\t<div class=\"elementor-widget-container\">\n\t\t\t\t\t\t\t\t\t\t\t\t\t\t\t<img decoding=\"async\" src=\"https:\/\/www.measte.fi\/wp-content\/uploads\/2024\/08\/Asentaja-JR-2-1-scaled.jpg\" title=\"Asentaja JR-2\" alt=\"Asentaja JR-2\" loading=\"lazy\" \/>\t\t\t\t\t\t\t\t\t\t\t\t\t\t\t<\/div>\n\t\t\t\t<\/div>\n\t\t\t\t\t<\/div>\n\t\t<\/div>\n\t\t\t\t\t<\/div>\n\t\t<\/section>\n\t\t\t\t\t<\/div>\n\t\t<\/div>\n\t\t\t\t\t<\/div>\n\t\t<\/section>\n\t\t\t\t<section class=\"elementor-section elementor-top-section elementor-element elementor-element-843b1e3 elementor-section-boxed elementor-section-height-default elementor-section-height-default\" data-id=\"843b1e3\" data-element_type=\"section\">\n\t\t\t\t\t\t<div class=\"elementor-container elementor-column-gap-default\">\n\t\t\t\t\t<div class=\"elementor-column elementor-col-100 elementor-top-column elementor-element elementor-element-11a2814\" data-id=\"11a2814\" data-element_type=\"column\">\n\t\t\t<div class=\"elementor-widget-wrap elementor-element-populated\">\n\t\t\t\t\t\t<section class=\"elementor-section elementor-inner-section elementor-element elementor-element-cc6d460 elementor-section-boxed elementor-section-height-default elementor-section-height-default\" data-id=\"cc6d460\" data-element_type=\"section\">\n\t\t\t\t\t\t<div class=\"elementor-container elementor-column-gap-default\">\n\t\t\t\t\t<div class=\"elementor-column elementor-col-50 elementor-inner-column elementor-element elementor-element-65a2ccf\" data-id=\"65a2ccf\" data-element_type=\"column\">\n\t\t\t<div class=\"elementor-widget-wrap elementor-element-populated\">\n\t\t\t\t\t\t<div class=\"elementor-element elementor-element-528e358 elementor-widget elementor-widget-text-editor\" data-id=\"528e358\" data-element_type=\"widget\" data-widget_type=\"text-editor.default\">\n\t\t\t\t<div class=\"elementor-widget-container\">\n\t\t\t\t\t\t\t\t\t<p><span style=\"color: #000000;\">Measte Oy:n viimeisimp\u00e4n\u00e4 kehitystuotteena on sis\u00e4ilman ilmanlaadun seurantalaite Tunkka 100, joka mittaa asunnon tai rakennuksen paine-eroa asunnon sis\u00e4tilan ja ulkotilan v\u00e4lill\u00e4.<\/span><\/p><p><span style=\"color: #000000;\">Tunkka 100:n avulla havaitaan jos rakennuksen tai asunnon ilmanvaihto h\u00e4iriintyy ja sis\u00e4ilmaan erittyy henkil\u00f6ille haitallisia partikkeleita tai rakennus altistuu esim. homevaurioille. <\/span><\/p>\t\t\t\t\t\t\t\t<\/div>\n\t\t\t\t<\/div>\n\t\t\t\t\t<\/div>\n\t\t<\/div>\n\t\t\t\t<div class=\"elementor-column elementor-col-50 elementor-inner-column elementor-element elementor-element-97118fc\" data-id=\"97118fc\" data-element_type=\"column\">\n\t\t\t<div class=\"elementor-widget-wrap elementor-element-populated\">\n\t\t\t\t\t\t<div class=\"elementor-element elementor-element-0aec976 elementor-widget elementor-widget-image\" data-id=\"0aec976\" data-element_type=\"widget\" data-widget_type=\"image.default\">\n\t\t\t\t<div class=\"elementor-widget-container\">\n\t\t\t\t\t\t\t\t\t\t\t\t\t\t\t<img fetchpriority=\"high\" decoding=\"async\" width=\"1024\" height=\"634\" src=\"https:\/\/www.measte.fi\/wp-content\/uploads\/2024\/08\/Tunkka-ja-raikas-ilma_small-1-1024x634.jpg\" class=\"attachment-large size-large wp-image-2602\" alt=\"\" srcset=\"https:\/\/www.measte.fi\/wp-content\/uploads\/2024\/08\/Tunkka-ja-raikas-ilma_small-1-1024x634.jpg 1024w, https:\/\/www.measte.fi\/wp-content\/uploads\/2024\/08\/Tunkka-ja-raikas-ilma_small-1-300x186.jpg 300w, https:\/\/www.measte.fi\/wp-content\/uploads\/2024\/08\/Tunkka-ja-raikas-ilma_small-1-768x475.jpg 768w, https:\/\/www.measte.fi\/wp-content\/uploads\/2024\/08\/Tunkka-ja-raikas-ilma_small-1-1536x951.jpg 1536w, https:\/\/www.measte.fi\/wp-content\/uploads\/2024\/08\/Tunkka-ja-raikas-ilma_small-1-600x371.jpg 600w, https:\/\/www.measte.fi\/wp-content\/uploads\/2024\/08\/Tunkka-ja-raikas-ilma_small-1.jpg 2000w\" sizes=\"(max-width: 1024px) 100vw, 1024px\" \/>\t\t\t\t\t\t\t\t\t\t\t\t\t\t\t<\/div>\n\t\t\t\t<\/div>\n\t\t\t\t\t<\/div>\n\t\t<\/div>\n\t\t\t\t\t<\/div>\n\t\t<\/section>\n\t\t\t\t\t<\/div>\n\t\t<\/div>\n\t\t\t\t\t<\/div>\n\t\t<\/section>\n\t\t\t\t<section class=\"elementor-section elementor-top-section elementor-element elementor-element-ad03b7d elementor-section-boxed elementor-section-height-default elementor-section-height-default\" data-id=\"ad03b7d\" data-element_type=\"section\">\n\t\t\t\t\t\t<div class=\"elementor-container elementor-column-gap-default\">\n\t\t\t\t\t<div class=\"elementor-column elementor-col-100 elementor-top-column elementor-element elementor-element-c06acc2\" data-id=\"c06acc2\" data-element_type=\"column\">\n\t\t\t<div class=\"elementor-widget-wrap elementor-element-populated\">\n\t\t\t\t\t\t<section class=\"elementor-section elementor-inner-section elementor-element elementor-element-2907179 elementor-section-boxed elementor-section-height-default elementor-section-height-default\" data-id=\"2907179\" data-element_type=\"section\">\n\t\t\t\t\t\t<div class=\"elementor-container elementor-column-gap-default\">\n\t\t\t\t\t<div class=\"elementor-column elementor-col-50 elementor-inner-column elementor-element elementor-element-841b8b5\" data-id=\"841b8b5\" data-element_type=\"column\">\n\t\t\t<div class=\"elementor-widget-wrap elementor-element-populated\">\n\t\t\t\t\t\t<div class=\"elementor-element elementor-element-8ac6896 elementor-widget elementor-widget-text-editor\" data-id=\"8ac6896\" data-element_type=\"widget\" data-widget_type=\"text-editor.default\">\n\t\t\t\t<div class=\"elementor-widget-container\">\n\t\t\t\t\t\t\t\t\t<p><span style=\"color: #2a2b2b; font-family: Roboto, sans-serif; font-size: 16px; font-style: normal; font-variant-ligatures: normal; font-variant-caps: normal; font-weight: 400; letter-spacing: normal; orphans: 2; text-align: start; text-indent: 0px; text-transform: none; widows: 2; word-spacing: 0px; -webkit-text-stroke-width: 0px; white-space: normal; background-color: #ffffff; text-decoration-thickness: initial; text-decoration-style: initial; text-decoration-color: initial; display: inline !important; float: none;\">ROMPETORI \u2013 Vuosien varrella kertyneet ylim\u00e4\u00e4r\u00e4iset mittalaitteet, komponentit ja myym\u00e4tt\u00e4 j\u00e4\u00e4neet tuotteet ovat saaneet uuden kodin verkko-kaupassamme ja kivijalkamyym\u00e4l\u00e4ss\u00e4mme (ALEN ROMPETORI, Vilpuntie 1, Raahe).<\/span><\/p>\n<p><span style=\"color: #2a2b2b; font-family: Roboto, sans-serif; font-size: 16px; font-style: normal; font-variant-ligatures: normal; font-variant-caps: normal; font-weight: 400; letter-spacing: normal; orphans: 2; text-align: start; text-indent: 0px; text-transform: none; widows: 2; word-spacing: 0px; -webkit-text-stroke-width: 0px; white-space: normal; background-color: #ffffff; text-decoration-thickness: initial; text-decoration-style: initial; text-decoration-color: initial; display: inline !important; float: none;\"><a href=\"https:\/\/www.measte.fi\/index.php\/tuote-osasto\/rompetori\/\">Rompetori-osasto<\/a> tarjoaa mahdollisuuden hankkia uniikkeja ja harvinaisia tuotteita suoraan varastostamme \u2013 l\u00f6yd\u00e4 omasi!<\/span><\/p><p><span style=\"color: #2a2b2b; font-family: Roboto, sans-serif; font-size: 16px; font-style: normal; font-variant-ligatures: normal; font-variant-caps: normal; font-weight: 400; letter-spacing: normal; orphans: 2; text-align: start; text-indent: 0px; text-transform: none; widows: 2; word-spacing: 0px; -webkit-text-stroke-width: 0px; white-space: normal; background-color: #ffffff; text-decoration-thickness: initial; text-decoration-style: initial; text-decoration-color: initial; display: inline !important; float: none;\">K<a href=\"https:\/\/www.measte.fi\/index.php\/aktiiviset-komponentit\/\">omponentit-osastolta<\/a> l\u00f6yd\u00e4t radio- ja TV-huollon varaosia ja komponentteja 1970 &#8211; 1980 luvuilta.<\/span><\/p>\n<p><span style=\"color: #2a2b2b; font-family: Roboto, sans-serif; font-size: 16px; font-style: normal; font-variant-ligatures: normal; font-variant-caps: normal; font-weight: 400; letter-spacing: normal; orphans: 2; text-align: start; text-indent: 0px; text-transform: none; widows: 2; word-spacing: 0px; -webkit-text-stroke-width: 0px; white-space: normal; background-color: #ffffff; text-decoration-thickness: initial; text-decoration-style: initial; text-decoration-color: initial; display: inline !important; float: none;\">&nbsp;<\/span><\/p>\t\t\t\t\t\t\t\t<\/div>\n\t\t\t\t<\/div>\n\t\t\t\t\t<\/div>\n\t\t<\/div>\n\t\t\t\t<div class=\"elementor-column elementor-col-50 elementor-inner-column elementor-element elementor-element-53ed444\" data-id=\"53ed444\" data-element_type=\"column\">\n\t\t\t<div class=\"elementor-widget-wrap elementor-element-populated\">\n\t\t\t\t\t\t<div class=\"elementor-element elementor-element-8f1ca81 elementor-widget elementor-widget-image\" data-id=\"8f1ca81\" data-element_type=\"widget\" data-widget_type=\"image.default\">\n\t\t\t\t<div class=\"elementor-widget-container\">\n\t\t\t\t\t\t\t\t\t\t\t\t\t\t\t<img decoding=\"async\" width=\"1024\" height=\"719\" src=\"https:\/\/www.measte.fi\/wp-content\/uploads\/2025\/12\/1M7A1710-1024x719.jpg\" class=\"attachment-large size-large wp-image-3055\" alt=\"\" srcset=\"https:\/\/www.measte.fi\/wp-content\/uploads\/2025\/12\/1M7A1710-1024x719.jpg 1024w, https:\/\/www.measte.fi\/wp-content\/uploads\/2025\/12\/1M7A1710-300x211.jpg 300w, https:\/\/www.measte.fi\/wp-content\/uploads\/2025\/12\/1M7A1710-768x540.jpg 768w, https:\/\/www.measte.fi\/wp-content\/uploads\/2025\/12\/1M7A1710-1536x1079.jpg 1536w, https:\/\/www.measte.fi\/wp-content\/uploads\/2025\/12\/1M7A1710-600x422.jpg 600w, https:\/\/www.measte.fi\/wp-content\/uploads\/2025\/12\/1M7A1710.jpg 1600w\" sizes=\"(max-width: 1024px) 100vw, 1024px\" \/>\t\t\t\t\t\t\t\t\t\t\t\t\t\t\t<\/div>\n\t\t\t\t<\/div>\n\t\t\t\t\t<\/div>\n\t\t<\/div>\n\t\t\t\t\t<\/div>\n\t\t<\/section>\n\t\t\t\t\t<\/div>\n\t\t<\/div>\n\t\t\t\t\t<\/div>\n\t\t<\/section>\n\t\t\t\t<\/div>\n\t\t","protected":false},"excerpt":{"rendered":"<p>Measte Oy on 1990 perustettu yritys, jonka kotipaikkakuntana toimii Raahe.&nbsp; Toimialoja ovat mittaus- ja tutkimuslaitteet, sek\u00e4 erilaiset asiakasprojektit. Measte Oy on kehitt\u00e4nyt ohjausj\u00e4rjestelmi\u00e4 muun muassa valaistukseen ja tuotannon ohjaukseen. Measte Oy:n viimeisimp\u00e4n\u00e4 kehitystuotteena on sis\u00e4ilman ilmanlaadun seurantalaite Tunkka 100, joka mittaa asunnon tai rakennuksen paine-eroa asunnon sis\u00e4tilan ja ulkotilan v\u00e4lill\u00e4. Tunkka 100:n avulla havaitaan jos [&hellip;]<\/p>\n","protected":false},"author":1,"featured_media":0,"parent":0,"menu_order":0,"comment_status":"closed","ping_status":"closed","template":"","meta":{"_uag_custom_page_level_css":"","site-sidebar-layout":"default","site-content-layout":"","ast-site-content-layout":"default","site-content-style":"default","site-sidebar-style":"default","ast-global-header-display":"","ast-banner-title-visibility":"","ast-main-header-display":"","ast-hfb-above-header-display":"","ast-hfb-below-header-display":"","ast-hfb-mobile-header-display":"","site-post-title":"","ast-breadcrumbs-content":"","ast-featured-img":"","footer-sml-layout":"","ast-disable-related-posts":"","theme-transparent-header-meta":"","adv-header-id-meta":"","stick-header-meta":"","header-above-stick-meta":"","header-main-stick-meta":"","header-below-stick-meta":"","astra-migrate-meta-layouts":"default","ast-page-background-enabled":"default","ast-page-background-meta":{"desktop":{"background-color":"var(--ast-global-color-4)","background-image":"","background-repeat":"repeat","background-position":"center center","background-size":"auto","background-attachment":"scroll","background-type":"","background-media":"","overlay-type":"","overlay-color":"","overlay-opacity":"","overlay-gradient":""},"tablet":{"background-color":"","background-image":"","background-repeat":"repeat","background-position":"center center","background-size":"auto","background-attachment":"scroll","background-type":"","background-media":"","overlay-type":"","overlay-color":"","overlay-opacity":"","overlay-gradient":""},"mobile":{"background-color":"","background-image":"","background-repeat":"repeat","background-position":"center center","background-size":"auto","background-attachment":"scroll","background-type":"","background-media":"","overlay-type":"","overlay-color":"","overlay-opacity":"","overlay-gradient":""}},"ast-content-background-meta":{"desktop":{"background-color":"var(--ast-global-color-5)","background-image":"","background-repeat":"repeat","background-position":"center center","background-size":"auto","background-attachment":"scroll","background-type":"","background-media":"","overlay-type":"","overlay-color":"","overlay-opacity":"","overlay-gradient":""},"tablet":{"background-color":"var(--ast-global-color-5)","background-image":"","background-repeat":"repeat","background-position":"center center","background-size":"auto","background-attachment":"scroll","background-type":"","background-media":"","overlay-type":"","overlay-color":"","overlay-opacity":"","overlay-gradient":""},"mobile":{"background-color":"var(--ast-global-color-5)","background-image":"","background-repeat":"repeat","background-position":"center center","background-size":"auto","background-attachment":"scroll","background-type":"","background-media":"","overlay-type":"","overlay-color":"","overlay-opacity":"","overlay-gradient":""}},"footnotes":""},"class_list":["post-114","page","type-page","status-publish","hentry"],"aioseo_notices":[],"uagb_featured_image_src":{"full":false,"thumbnail":false,"medium":false,"medium_large":false,"large":false,"1536x1536":false,"2048x2048":false,"woocommerce_thumbnail":false,"woocommerce_single":false,"woocommerce_gallery_thumbnail":false},"uagb_author_info":{"display_name":"admin","author_link":"https:\/\/www.measte.fi\/index.php\/author\/admin\/"},"uagb_comment_info":0,"uagb_excerpt":"Measte Oy on 1990 perustettu yritys, jonka kotipaikkakuntana toimii Raahe.&nbsp; Toimialoja ovat mittaus- ja tutkimuslaitteet, sek\u00e4 erilaiset asiakasprojektit. Measte Oy on kehitt\u00e4nyt ohjausj\u00e4rjestelmi\u00e4 muun muassa valaistukseen ja tuotannon ohjaukseen. Measte Oy:n viimeisimp\u00e4n\u00e4 kehitystuotteena on sis\u00e4ilman ilmanlaadun seurantalaite Tunkka 100, joka mittaa asunnon tai rakennuksen paine-eroa asunnon sis\u00e4tilan ja ulkotilan v\u00e4lill\u00e4. Tunkka 100:n avulla havaitaan jos&hellip;","_links":{"self":[{"href":"https:\/\/www.measte.fi\/index.php\/wp-json\/wp\/v2\/pages\/114","targetHints":{"allow":["GET"]}}],"collection":[{"href":"https:\/\/www.measte.fi\/index.php\/wp-json\/wp\/v2\/pages"}],"about":[{"href":"https:\/\/www.measte.fi\/index.php\/wp-json\/wp\/v2\/types\/page"}],"author":[{"embeddable":true,"href":"https:\/\/www.measte.fi\/index.php\/wp-json\/wp\/v2\/users\/1"}],"replies":[{"embeddable":true,"href":"https:\/\/www.measte.fi\/index.php\/wp-json\/wp\/v2\/comments?post=114"}],"version-history":[{"count":103,"href":"https:\/\/www.measte.fi\/index.php\/wp-json\/wp\/v2\/pages\/114\/revisions"}],"predecessor-version":[{"id":3510,"href":"https:\/\/www.measte.fi\/index.php\/wp-json\/wp\/v2\/pages\/114\/revisions\/3510"}],"wp:attachment":[{"href":"https:\/\/www.measte.fi\/index.php\/wp-json\/wp\/v2\/media?parent=114"}],"curies":[{"name":"wp","href":"https:\/\/api.w.org\/{rel}","templated":true}]}}