{"id":2706,"date":"2025-08-30T00:38:10","date_gmt":"2025-08-29T21:38:10","guid":{"rendered":"https:\/\/www.measte.fi\/?post_type=product&#038;p=2706"},"modified":"2025-12-11T22:42:54","modified_gmt":"2025-12-11T20:42:54","slug":"ventus-g730","status":"publish","type":"product","link":"https:\/\/www.measte.fi\/index.php\/tuote\/ventus-g730\/","title":{"rendered":"Ventus G730"},"content":{"rendered":"<p>VENTUS G730 GPS Route Logger<br \/>\nKompakti GPS-dataloggeri ulkoiluun ja ajoneuvoseurantaan. Tallentaa reitit automaattisesti ja n\u00e4ytt\u00e4\u00e4 ne kartalla mukana tulevalla ohjelmistolla. Sopii vaellukseen, py\u00f6r\u00e4ilyyn, veneilyyn ja kalustonhallintaan.<\/p>\n<p>Mallinumero: G730<br \/>\nGPS-piiri: SiRF Star III<br \/>\nTallennuskapasiteetti: Jopa 250 000 pistett\u00e4<br \/>\nYhteydet: USB 2.0 (Mini-USB)<br \/>\nMuisti: Sis\u00e4inen flash-muisti<br \/>\nAkun tyyppi: Ladattava Li-ion<br \/>\nAkunkesto: Noin 15 tuntia<br \/>\nLataus: USB-kaapelilla<br \/>\nLED-merkkivalo: Sininen rengasvalo<br \/>\nK\u00e4ytt\u00f6l\u00e4mp\u00f6tila: -10 \u00b0C \u2013 +60 \u00b0C<br \/>\nMitat (laite): 7.5 x 2.5 x 1.5 cm<br \/>\nPaino (laite): n. 40\u201350 g<br \/>\nMitat (pakkaus): 12 x 9 x 4 cm<br \/>\nPaino (pakattuna): n. 200 g<br \/>\nSertifikaatit: CE, FCC, RoHS<br \/>\nOhjelmistotuki: Google Earth, Photo Tagger<br \/>\nYhteensopivuus: Windows XP \/ Vista \/ 7 \/ 10  <\/p>\n","protected":false},"excerpt":{"rendered":"<p>VENTUS G730 GPS Route Logger Kompakti GPS-dataloggeri ulkoiluun ja ajoneuvoseurantaan. Tallentaa reitit automaattisesti ja n\u00e4ytt\u00e4\u00e4 ne kartalla mukana tulevalla ohjelmistolla. Sopii vaellukseen, py\u00f6r\u00e4ilyyn, veneilyyn ja kalustonhallintaan. Mallinumero: G730 GPS-piiri: SiRF Star III Tallennuskapasiteetti: Jopa 250 000 pistett\u00e4 Yhteydet: USB 2.0 (Mini-USB) Muisti: Sis\u00e4inen flash-muisti Akun tyyppi: Ladattava Li-ion Akunkesto: Noin 15 tuntia Lataus: USB-kaapelilla LED-merkkivalo: [&hellip;]<\/p>\n","protected":false},"featured_media":2699,"template":"","meta":{"_uag_custom_page_level_css":"","site-sidebar-layout":"default","site-content-layout":"default","ast-site-content-layout":"default","site-content-style":"default","site-sidebar-style":"default","ast-global-header-display":"","ast-banner-title-visibility":"","ast-main-header-display":"","ast-hfb-above-header-display":"","ast-hfb-below-header-display":"","ast-hfb-mobile-header-display":"","site-post-title":"","ast-breadcrumbs-content":"","ast-featured-img":"","footer-sml-layout":"","ast-disable-related-posts":"","theme-transparent-header-meta":"default","adv-header-id-meta":"","stick-header-meta":"","header-above-stick-meta":"","header-main-stick-meta":"","header-below-stick-meta":"","astra-migrate-meta-layouts":"default","ast-page-background-enabled":"default","ast-page-background-meta":{"desktop":{"background-color":"var(--ast-global-color-4)","background-image":"","background-repeat":"repeat","background-position":"center center","background-size":"auto","background-attachment":"scroll","background-type":"","background-media":"","overlay-type":"","overlay-color":"","overlay-opacity":"","overlay-gradient":""},"tablet":{"background-color":"","background-image":"","background-repeat":"repeat","background-position":"center center","background-size":"auto","background-attachment":"scroll","background-type":"","background-media":"","overlay-type":"","overlay-color":"","overlay-opacity":"","overlay-gradient":""},"mobile":{"background-color":"","background-image":"","background-repeat":"repeat","background-position":"center center","background-size":"auto","background-attachment":"scroll","background-type":"","background-media":"","overlay-type":"","overlay-color":"","overlay-opacity":"","overlay-gradient":""}},"ast-content-background-meta":{"desktop":{"background-color":"var(--ast-global-color-5)","background-image":"","background-repeat":"repeat","background-position":"center center","background-size":"auto","background-attachment":"scroll","background-type":"","background-media":"","overlay-type":"","overlay-color":"","overlay-opacity":"","overlay-gradient":""},"tablet":{"background-color":"var(--ast-global-color-5)","background-image":"","background-repeat":"repeat","background-position":"center center","background-size":"auto","background-attachment":"scroll","background-type":"","background-media":"","overlay-type":"","overlay-color":"","overlay-opacity":"","overlay-gradient":""},"mobile":{"background-color":"var(--ast-global-color-5)","background-image":"","background-repeat":"repeat","background-position":"center center","background-size":"auto","background-attachment":"scroll","background-type":"","background-media":"","overlay-type":"","overlay-color":"","overlay-opacity":"","overlay-gradient":""}}},"product_brand":[],"product_cat":[40],"product_tag":[],"class_list":{"0":"post-2706","1":"product","2":"type-product","3":"status-publish","4":"has-post-thumbnail","6":"product_cat-tietotekniikka","7":"desktop-align-center","8":"tablet-align-left","9":"mobile-align-left","11":"first","12":"instock","13":"sold-individually","14":"taxable","15":"shipping-taxable","16":"purchasable","17":"product-type-simple"},"aioseo_notices":[],"uagb_featured_image_src":{"full":["https:\/\/www.measte.fi\/wp-content\/uploads\/2025\/08\/1M7A9103-Edit-2.jpg",1600,1600,false],"thumbnail":["https:\/\/www.measte.fi\/wp-content\/uploads\/2025\/08\/1M7A9103-Edit-2-150x150.jpg",150,150,true],"medium":["https:\/\/www.measte.fi\/wp-content\/uploads\/2025\/08\/1M7A9103-Edit-2-300x300.jpg",300,300,true],"medium_large":["https:\/\/www.measte.fi\/wp-content\/uploads\/2025\/08\/1M7A9103-Edit-2-768x768.jpg",768,768,true],"large":["https:\/\/www.measte.fi\/wp-content\/uploads\/2025\/08\/1M7A9103-Edit-2-1024x1024.jpg",1024,1024,true],"1536x1536":["https:\/\/www.measte.fi\/wp-content\/uploads\/2025\/08\/1M7A9103-Edit-2-1536x1536.jpg",1536,1536,true],"2048x2048":["https:\/\/www.measte.fi\/wp-content\/uploads\/2025\/08\/1M7A9103-Edit-2.jpg",1600,1600,false],"woocommerce_thumbnail":["https:\/\/www.measte.fi\/wp-content\/uploads\/2025\/08\/1M7A9103-Edit-2-300x300.jpg",300,300,true],"woocommerce_single":["https:\/\/www.measte.fi\/wp-content\/uploads\/2025\/08\/1M7A9103-Edit-2-600x600.jpg",600,600,true],"woocommerce_gallery_thumbnail":["https:\/\/www.measte.fi\/wp-content\/uploads\/2025\/08\/1M7A9103-Edit-2-100x100.jpg",100,100,true]},"uagb_author_info":{"display_name":"admin","author_link":"https:\/\/www.measte.fi\/index.php\/author\/"},"uagb_comment_info":0,"uagb_excerpt":"VENTUS G730 GPS Route Logger Kompakti GPS-dataloggeri ulkoiluun ja ajoneuvoseurantaan. Tallentaa reitit automaattisesti ja n\u00e4ytt\u00e4\u00e4 ne kartalla mukana tulevalla ohjelmistolla. Sopii vaellukseen, py\u00f6r\u00e4ilyyn, veneilyyn ja kalustonhallintaan. Mallinumero: G730 GPS-piiri: SiRF Star III Tallennuskapasiteetti: Jopa 250 000 pistett\u00e4 Yhteydet: USB 2.0 (Mini-USB) Muisti: Sis\u00e4inen flash-muisti Akun tyyppi: Ladattava Li-ion Akunkesto: Noin 15 tuntia Lataus: USB-kaapelilla LED-merkkivalo:&hellip;","_links":{"self":[{"href":"https:\/\/www.measte.fi\/index.php\/wp-json\/wp\/v2\/product\/2706","targetHints":{"allow":["GET"]}}],"collection":[{"href":"https:\/\/www.measte.fi\/index.php\/wp-json\/wp\/v2\/product"}],"about":[{"href":"https:\/\/www.measte.fi\/index.php\/wp-json\/wp\/v2\/types\/product"}],"wp:featuredmedia":[{"embeddable":true,"href":"https:\/\/www.measte.fi\/index.php\/wp-json\/wp\/v2\/media\/2699"}],"wp:attachment":[{"href":"https:\/\/www.measte.fi\/index.php\/wp-json\/wp\/v2\/media?parent=2706"}],"wp:term":[{"taxonomy":"product_brand","embeddable":true,"href":"https:\/\/www.measte.fi\/index.php\/wp-json\/wp\/v2\/product_brand?post=2706"},{"taxonomy":"product_cat","embeddable":true,"href":"https:\/\/www.measte.fi\/index.php\/wp-json\/wp\/v2\/product_cat?post=2706"},{"taxonomy":"product_tag","embeddable":true,"href":"https:\/\/www.measte.fi\/index.php\/wp-json\/wp\/v2\/product_tag?post=2706"}],"curies":[{"name":"wp","href":"https:\/\/api.w.org\/{rel}","templated":true}]}}