{"id":2796,"date":"2025-09-29T17:10:18","date_gmt":"2025-09-29T14:10:18","guid":{"rendered":"https:\/\/www.measte.fi\/index.php\/tuote\/langaton-cardbus-sovitin\/"},"modified":"2025-12-11T22:40:56","modified_gmt":"2025-12-11T20:40:56","slug":"langaton-cardbus-sovitin","status":"publish","type":"product","link":"https:\/\/www.measte.fi\/index.php\/tuote\/langaton-cardbus-sovitin\/","title":{"rendered":"Langaton CardBus-sovitin"},"content":{"rendered":"<p>D-Link DWL-G650 on 32-bit CardBus-v\u00e4yl\u00e4\u00e4n liitett\u00e4v\u00e4 langaton verkkosovitin, joka tukee IEEE 802.11g -standardia 2.4 GHz taajuudella. Se tarjoaa jopa 108 Mbps nopeuden, kun k\u00e4ytet\u00e4\u00e4n AirPlus Xtreme G -tuotteita yhdess\u00e4. Sovitin on Wi-Fi CERTIFIED ja tukee WPA\/WPA2-salausta. Asennus on helppoa mukana tulevalla ohjelmistolla, ja laite on yhteensopiva Windows XP\/2000\/ME\/98SE -k\u00e4ytt\u00f6j\u00e4rjestelmien kanssa. Soveltuu erityisesti vanhempien kannettavien langattomaan verkottamiseen, joissa ei ole sis\u00e4ist\u00e4 Wi-Fi-tukea.<\/p>\n","protected":false},"excerpt":{"rendered":"<p>D-Link AirPlus Xtreme G DWL-G650 on Langaton CardBus-sovitin 802.11g-verkoille <\/p>\n","protected":false},"featured_media":2790,"template":"","meta":{"_uag_custom_page_level_css":"","site-sidebar-layout":"default","site-content-layout":"default","ast-site-content-layout":"default","site-content-style":"default","site-sidebar-style":"default","ast-global-header-display":"","ast-banner-title-visibility":"","ast-main-header-display":"","ast-hfb-above-header-display":"","ast-hfb-below-header-display":"","ast-hfb-mobile-header-display":"","site-post-title":"","ast-breadcrumbs-content":"","ast-featured-img":"","footer-sml-layout":"","ast-disable-related-posts":"","theme-transparent-header-meta":"default","adv-header-id-meta":"","stick-header-meta":"","header-above-stick-meta":"","header-main-stick-meta":"","header-below-stick-meta":"","astra-migrate-meta-layouts":"default","ast-page-background-enabled":"default","ast-page-background-meta":{"desktop":{"background-color":"var(--ast-global-color-4)","background-image":"","background-repeat":"repeat","background-position":"center center","background-size":"auto","background-attachment":"scroll","background-type":"","background-media":"","overlay-type":"","overlay-color":"","overlay-opacity":"","overlay-gradient":""},"tablet":{"background-color":"","background-image":"","background-repeat":"repeat","background-position":"center center","background-size":"auto","background-attachment":"scroll","background-type":"","background-media":"","overlay-type":"","overlay-color":"","overlay-opacity":"","overlay-gradient":""},"mobile":{"background-color":"","background-image":"","background-repeat":"repeat","background-position":"center center","background-size":"auto","background-attachment":"scroll","background-type":"","background-media":"","overlay-type":"","overlay-color":"","overlay-opacity":"","overlay-gradient":""}},"ast-content-background-meta":{"desktop":{"background-color":"var(--ast-global-color-5)","background-image":"","background-repeat":"repeat","background-position":"center center","background-size":"auto","background-attachment":"scroll","background-type":"","background-media":"","overlay-type":"","overlay-color":"","overlay-opacity":"","overlay-gradient":""},"tablet":{"background-color":"var(--ast-global-color-5)","background-image":"","background-repeat":"repeat","background-position":"center center","background-size":"auto","background-attachment":"scroll","background-type":"","background-media":"","overlay-type":"","overlay-color":"","overlay-opacity":"","overlay-gradient":""},"mobile":{"background-color":"var(--ast-global-color-5)","background-image":"","background-repeat":"repeat","background-position":"center center","background-size":"auto","background-attachment":"scroll","background-type":"","background-media":"","overlay-type":"","overlay-color":"","overlay-opacity":"","overlay-gradient":""}}},"product_brand":[],"product_cat":[40],"product_tag":[],"class_list":{"0":"post-2796","1":"product","2":"type-product","3":"status-publish","4":"has-post-thumbnail","6":"product_cat-tietotekniikka","7":"desktop-align-center","8":"tablet-align-left","9":"mobile-align-left","11":"first","12":"instock","13":"sold-individually","14":"taxable","15":"shipping-taxable","16":"purchasable","17":"product-type-simple"},"aioseo_notices":[],"uagb_featured_image_src":{"full":["https:\/\/www.measte.fi\/wp-content\/uploads\/2025\/09\/Langaton_CardBus-sovitin.jpg",1600,1600,false],"thumbnail":["https:\/\/www.measte.fi\/wp-content\/uploads\/2025\/09\/Langaton_CardBus-sovitin-150x150.jpg",150,150,true],"medium":["https:\/\/www.measte.fi\/wp-content\/uploads\/2025\/09\/Langaton_CardBus-sovitin-300x300.jpg",300,300,true],"medium_large":["https:\/\/www.measte.fi\/wp-content\/uploads\/2025\/09\/Langaton_CardBus-sovitin-768x768.jpg",768,768,true],"large":["https:\/\/www.measte.fi\/wp-content\/uploads\/2025\/09\/Langaton_CardBus-sovitin-1024x1024.jpg",1024,1024,true],"1536x1536":["https:\/\/www.measte.fi\/wp-content\/uploads\/2025\/09\/Langaton_CardBus-sovitin-1536x1536.jpg",1536,1536,true],"2048x2048":["https:\/\/www.measte.fi\/wp-content\/uploads\/2025\/09\/Langaton_CardBus-sovitin.jpg",1600,1600,false],"woocommerce_thumbnail":["https:\/\/www.measte.fi\/wp-content\/uploads\/2025\/09\/Langaton_CardBus-sovitin-300x300.jpg",300,300,true],"woocommerce_single":["https:\/\/www.measte.fi\/wp-content\/uploads\/2025\/09\/Langaton_CardBus-sovitin-600x600.jpg",600,600,true],"woocommerce_gallery_thumbnail":["https:\/\/www.measte.fi\/wp-content\/uploads\/2025\/09\/Langaton_CardBus-sovitin-100x100.jpg",100,100,true]},"uagb_author_info":{"display_name":"admin","author_link":"https:\/\/www.measte.fi\/index.php\/author\/"},"uagb_comment_info":0,"uagb_excerpt":"D-Link AirPlus Xtreme G DWL-G650 on Langaton CardBus-sovitin 802.11g-verkoille","_links":{"self":[{"href":"https:\/\/www.measte.fi\/index.php\/wp-json\/wp\/v2\/product\/2796","targetHints":{"allow":["GET"]}}],"collection":[{"href":"https:\/\/www.measte.fi\/index.php\/wp-json\/wp\/v2\/product"}],"about":[{"href":"https:\/\/www.measte.fi\/index.php\/wp-json\/wp\/v2\/types\/product"}],"wp:featuredmedia":[{"embeddable":true,"href":"https:\/\/www.measte.fi\/index.php\/wp-json\/wp\/v2\/media\/2790"}],"wp:attachment":[{"href":"https:\/\/www.measte.fi\/index.php\/wp-json\/wp\/v2\/media?parent=2796"}],"wp:term":[{"taxonomy":"product_brand","embeddable":true,"href":"https:\/\/www.measte.fi\/index.php\/wp-json\/wp\/v2\/product_brand?post=2796"},{"taxonomy":"product_cat","embeddable":true,"href":"https:\/\/www.measte.fi\/index.php\/wp-json\/wp\/v2\/product_cat?post=2796"},{"taxonomy":"product_tag","embeddable":true,"href":"https:\/\/www.measte.fi\/index.php\/wp-json\/wp\/v2\/product_tag?post=2796"}],"curies":[{"name":"wp","href":"https:\/\/api.w.org\/{rel}","templated":true}]}}