{"id":2800,"date":"2025-09-29T17:10:19","date_gmt":"2025-09-29T14:10:19","guid":{"rendered":"https:\/\/www.measte.fi\/index.php\/tuote\/lampotilaloggeri-supco-sl200c\/"},"modified":"2025-12-11T22:40:19","modified_gmt":"2025-12-11T20:40:19","slug":"lampotilaloggeri-supco-sl200c","status":"publish","type":"product","link":"https:\/\/www.measte.fi\/index.php\/tuote\/lampotilaloggeri-supco-sl200c\/","title":{"rendered":"L\u00e4mp\u00f6tilaloggeri Supco SL200C"},"content":{"rendered":"<p>Supco SL200C on digitaalinen l\u00e4mp\u00f6tilan tallennuslaite, joka soveltuu ymp\u00e4rist\u00f6n l\u00e4mp\u00f6tilan seurantaan teollisuudessa, laboratoriossa tai kentt\u00e4olosuhteissa. Laite tukee l\u00e4mp\u00f6tilan n\u00e4ytt\u00f6\u00e4 Fahrenheit- tai Celsius-asteina, ja siin\u00e4 on visuaalinen h\u00e4lytysmerkki, joka aktivoituu tarpeen mukaan. Tallennus voidaan k\u00e4ynnist\u00e4\u00e4 joko painikkeella tai PC-ohjelmistolla. Tallennustila voi olla jatkuva tai pys\u00e4hty\u00e4 muistin t\u00e4yttyess\u00e4. Laitteen mittausalue on -40\u00b0F \u2013 185\u00b0F (-40\u00b0C \u2013 85\u00b0C), tarkkuus \u00b11\u00b0F (\u00b10.5\u00b0C), ja resoluutio 0.5\u00b0F (0.2\u00b0C). Mukana toimitetaan ohjelmisto, joka mahdollistaa graafisen ja tekstimuotoisen datan tarkastelun samanaikaisesti. Laite tukee kalibrointia kentt\u00e4olosuhteissa ja on yhteensopiva vanhempien Windows-versioiden (NT, 95, 98, 2000) kanssa.<\/p>\n","protected":false},"excerpt":{"rendered":"<p>L\u00e4mp\u00f6tilan tallennuslaite kentt\u00e4- ja PC-ohjaukseen <\/p>\n","protected":false},"featured_media":2792,"template":"","meta":{"_uag_custom_page_level_css":"","site-sidebar-layout":"default","site-content-layout":"default","ast-site-content-layout":"default","site-content-style":"default","site-sidebar-style":"default","ast-global-header-display":"","ast-banner-title-visibility":"","ast-main-header-display":"","ast-hfb-above-header-display":"","ast-hfb-below-header-display":"","ast-hfb-mobile-header-display":"","site-post-title":"","ast-breadcrumbs-content":"","ast-featured-img":"","footer-sml-layout":"","ast-disable-related-posts":"","theme-transparent-header-meta":"default","adv-header-id-meta":"","stick-header-meta":"","header-above-stick-meta":"","header-main-stick-meta":"","header-below-stick-meta":"","astra-migrate-meta-layouts":"default","ast-page-background-enabled":"default","ast-page-background-meta":{"desktop":{"background-color":"var(--ast-global-color-4)","background-image":"","background-repeat":"repeat","background-position":"center center","background-size":"auto","background-attachment":"scroll","background-type":"","background-media":"","overlay-type":"","overlay-color":"","overlay-opacity":"","overlay-gradient":""},"tablet":{"background-color":"","background-image":"","background-repeat":"repeat","background-position":"center center","background-size":"auto","background-attachment":"scroll","background-type":"","background-media":"","overlay-type":"","overlay-color":"","overlay-opacity":"","overlay-gradient":""},"mobile":{"background-color":"","background-image":"","background-repeat":"repeat","background-position":"center center","background-size":"auto","background-attachment":"scroll","background-type":"","background-media":"","overlay-type":"","overlay-color":"","overlay-opacity":"","overlay-gradient":""}},"ast-content-background-meta":{"desktop":{"background-color":"var(--ast-global-color-5)","background-image":"","background-repeat":"repeat","background-position":"center center","background-size":"auto","background-attachment":"scroll","background-type":"","background-media":"","overlay-type":"","overlay-color":"","overlay-opacity":"","overlay-gradient":""},"tablet":{"background-color":"var(--ast-global-color-5)","background-image":"","background-repeat":"repeat","background-position":"center center","background-size":"auto","background-attachment":"scroll","background-type":"","background-media":"","overlay-type":"","overlay-color":"","overlay-opacity":"","overlay-gradient":""},"mobile":{"background-color":"var(--ast-global-color-5)","background-image":"","background-repeat":"repeat","background-position":"center center","background-size":"auto","background-attachment":"scroll","background-type":"","background-media":"","overlay-type":"","overlay-color":"","overlay-opacity":"","overlay-gradient":""}}},"product_brand":[],"product_cat":[39],"product_tag":[],"class_list":{"0":"post-2800","1":"product","2":"type-product","3":"status-publish","4":"has-post-thumbnail","6":"product_cat-mittalaitteet","7":"desktop-align-center","8":"tablet-align-left","9":"mobile-align-left","11":"first","12":"instock","13":"sold-individually","14":"taxable","15":"shipping-taxable","16":"purchasable","17":"product-type-simple"},"aioseo_notices":[],"uagb_featured_image_src":{"full":["https:\/\/www.measte.fi\/wp-content\/uploads\/2025\/09\/Lampotilaloggeri_Supco_SL200C.jpg",1600,1600,false],"thumbnail":["https:\/\/www.measte.fi\/wp-content\/uploads\/2025\/09\/Lampotilaloggeri_Supco_SL200C-150x150.jpg",150,150,true],"medium":["https:\/\/www.measte.fi\/wp-content\/uploads\/2025\/09\/Lampotilaloggeri_Supco_SL200C-300x300.jpg",300,300,true],"medium_large":["https:\/\/www.measte.fi\/wp-content\/uploads\/2025\/09\/Lampotilaloggeri_Supco_SL200C-768x768.jpg",768,768,true],"large":["https:\/\/www.measte.fi\/wp-content\/uploads\/2025\/09\/Lampotilaloggeri_Supco_SL200C-1024x1024.jpg",1024,1024,true],"1536x1536":["https:\/\/www.measte.fi\/wp-content\/uploads\/2025\/09\/Lampotilaloggeri_Supco_SL200C-1536x1536.jpg",1536,1536,true],"2048x2048":["https:\/\/www.measte.fi\/wp-content\/uploads\/2025\/09\/Lampotilaloggeri_Supco_SL200C.jpg",1600,1600,false],"woocommerce_thumbnail":["https:\/\/www.measte.fi\/wp-content\/uploads\/2025\/09\/Lampotilaloggeri_Supco_SL200C-300x300.jpg",300,300,true],"woocommerce_single":["https:\/\/www.measte.fi\/wp-content\/uploads\/2025\/09\/Lampotilaloggeri_Supco_SL200C-600x600.jpg",600,600,true],"woocommerce_gallery_thumbnail":["https:\/\/www.measte.fi\/wp-content\/uploads\/2025\/09\/Lampotilaloggeri_Supco_SL200C-100x100.jpg",100,100,true]},"uagb_author_info":{"display_name":"admin","author_link":"https:\/\/www.measte.fi\/index.php\/author\/"},"uagb_comment_info":0,"uagb_excerpt":"L\u00e4mp\u00f6tilan tallennuslaite kentt\u00e4- ja PC-ohjaukseen","_links":{"self":[{"href":"https:\/\/www.measte.fi\/index.php\/wp-json\/wp\/v2\/product\/2800","targetHints":{"allow":["GET"]}}],"collection":[{"href":"https:\/\/www.measte.fi\/index.php\/wp-json\/wp\/v2\/product"}],"about":[{"href":"https:\/\/www.measte.fi\/index.php\/wp-json\/wp\/v2\/types\/product"}],"wp:featuredmedia":[{"embeddable":true,"href":"https:\/\/www.measte.fi\/index.php\/wp-json\/wp\/v2\/media\/2792"}],"wp:attachment":[{"href":"https:\/\/www.measte.fi\/index.php\/wp-json\/wp\/v2\/media?parent=2800"}],"wp:term":[{"taxonomy":"product_brand","embeddable":true,"href":"https:\/\/www.measte.fi\/index.php\/wp-json\/wp\/v2\/product_brand?post=2800"},{"taxonomy":"product_cat","embeddable":true,"href":"https:\/\/www.measte.fi\/index.php\/wp-json\/wp\/v2\/product_cat?post=2800"},{"taxonomy":"product_tag","embeddable":true,"href":"https:\/\/www.measte.fi\/index.php\/wp-json\/wp\/v2\/product_tag?post=2800"}],"curies":[{"name":"wp","href":"https:\/\/api.w.org\/{rel}","templated":true}]}}