{"id":2834,"date":"2025-09-30T18:50:39","date_gmt":"2025-09-30T15:50:39","guid":{"rendered":"https:\/\/www.measte.fi\/index.php\/tuote\/cctv-jarjestelma\/"},"modified":"2025-12-16T10:55:48","modified_gmt":"2025-12-16T08:55:48","slug":"cctv-jarjestelma","status":"publish","type":"product","link":"https:\/\/www.measte.fi\/index.php\/tuote\/cctv-jarjestelma\/","title":{"rendered":"CCTV j\u00e4rjestelm\u00e4"},"content":{"rendered":"<p>Video Shield USB\u2122 Series on ammattitason USB-videoturvaj\u00e4rjestelm\u00e4, joka mahdollistaa reaaliaikaisen videon ja \u00e4\u00e4nen siirron kahden et\u00e4paikan v\u00e4lill\u00e4 internetin kautta. Laite yhdistet\u00e4\u00e4n tietokoneeseen USB-portin kautta, ja se tukee jopa nelj\u00e4\u00e4 videokameraa sek\u00e4 nelj\u00e4\u00e4 mikrofonia. Yksi audio-ulostulo mahdollistaa \u00e4\u00e4nen toiston tai tallennuksen.<br \/>\nJ\u00e4rjestelm\u00e4 soveltuu erityisesti pienyrityksille, kahviloihin, toimistoihin ja muihin julkisiin tiloihin, joissa tarvitaan edullista ja tehokasta valvontaratkaisua. LED-merkkivalot osoittavat yhteyden tilan, ja laite tukee Windows 95\/98\/2000 -k\u00e4ytt\u00f6j\u00e4rjestelmi\u00e4 sek\u00e4 Internet Explorer 5.0 tai uudempaa. Laitteen mukana tulee j\u00e4rjestelm\u00e4kaavio, joka havainnollistaa sen k\u00e4ytt\u00f6\u00e4 kahden et\u00e4k\u00e4ytt\u00e4j\u00e4n v\u00e4lill\u00e4.<br \/>\nTekniset ominaisuudet:<br \/>\n&#8211; USB-yhteys tietokoneeseen<br \/>\n&#8211; Videotulo: komposiittivideo (4 \u00d7 CAMERA IN)<br \/>\n&#8211; \u00c4\u00e4nitulo: mikrofoniliit\u00e4nt\u00e4 (4 \u00d7 AUDIO IN)<br \/>\n&#8211; \u00c4\u00e4nil\u00e4ht\u00f6: AUDIO OUT<br \/>\n&#8211; LED-merkkivalot: virta ja yhteyden tila<br \/>\n&#8211; Yhteensopivuus: Windows 95\/98\/2000, IE 5.0+<br \/>\n&#8211; V\u00e4himm\u00e4isvaatimukset: Pentium 200 MHz, 32 MB RAM<br \/>\n&#8211; K\u00e4ytt\u00f6kohteet: valvonta, et\u00e4yhteys, julkiset tilat<\/p>\n","protected":false},"excerpt":{"rendered":"<p>USB-videoturvaj\u00e4rjestelm\u00e4 tietokoneisiin. <\/p>\n","protected":false},"featured_media":2824,"template":"","meta":{"_uag_custom_page_level_css":"","site-sidebar-layout":"default","site-content-layout":"default","ast-site-content-layout":"default","site-content-style":"default","site-sidebar-style":"default","ast-global-header-display":"","ast-banner-title-visibility":"","ast-main-header-display":"","ast-hfb-above-header-display":"","ast-hfb-below-header-display":"","ast-hfb-mobile-header-display":"","site-post-title":"","ast-breadcrumbs-content":"","ast-featured-img":"","footer-sml-layout":"","ast-disable-related-posts":"","theme-transparent-header-meta":"default","adv-header-id-meta":"","stick-header-meta":"","header-above-stick-meta":"","header-main-stick-meta":"","header-below-stick-meta":"","astra-migrate-meta-layouts":"default","ast-page-background-enabled":"default","ast-page-background-meta":{"desktop":{"background-color":"var(--ast-global-color-4)","background-image":"","background-repeat":"repeat","background-position":"center center","background-size":"auto","background-attachment":"scroll","background-type":"","background-media":"","overlay-type":"","overlay-color":"","overlay-opacity":"","overlay-gradient":""},"tablet":{"background-color":"","background-image":"","background-repeat":"repeat","background-position":"center center","background-size":"auto","background-attachment":"scroll","background-type":"","background-media":"","overlay-type":"","overlay-color":"","overlay-opacity":"","overlay-gradient":""},"mobile":{"background-color":"","background-image":"","background-repeat":"repeat","background-position":"center center","background-size":"auto","background-attachment":"scroll","background-type":"","background-media":"","overlay-type":"","overlay-color":"","overlay-opacity":"","overlay-gradient":""}},"ast-content-background-meta":{"desktop":{"background-color":"var(--ast-global-color-5)","background-image":"","background-repeat":"repeat","background-position":"center center","background-size":"auto","background-attachment":"scroll","background-type":"","background-media":"","overlay-type":"","overlay-color":"","overlay-opacity":"","overlay-gradient":""},"tablet":{"background-color":"var(--ast-global-color-5)","background-image":"","background-repeat":"repeat","background-position":"center center","background-size":"auto","background-attachment":"scroll","background-type":"","background-media":"","overlay-type":"","overlay-color":"","overlay-opacity":"","overlay-gradient":""},"mobile":{"background-color":"var(--ast-global-color-5)","background-image":"","background-repeat":"repeat","background-position":"center center","background-size":"auto","background-attachment":"scroll","background-type":"","background-media":"","overlay-type":"","overlay-color":"","overlay-opacity":"","overlay-gradient":""}}},"product_brand":[],"product_cat":[37],"product_tag":[],"class_list":{"0":"post-2834","1":"product","2":"type-product","3":"status-publish","4":"has-post-thumbnail","6":"product_cat-kuva-aani","7":"desktop-align-center","8":"tablet-align-left","9":"mobile-align-left","11":"first","12":"instock","13":"sold-individually","14":"taxable","15":"shipping-taxable","16":"purchasable","17":"product-type-simple"},"aioseo_notices":[],"uagb_featured_image_src":{"full":["https:\/\/www.measte.fi\/wp-content\/uploads\/2025\/09\/CCTV_jarjestelma.jpg",1600,1600,false],"thumbnail":["https:\/\/www.measte.fi\/wp-content\/uploads\/2025\/09\/CCTV_jarjestelma-150x150.jpg",150,150,true],"medium":["https:\/\/www.measte.fi\/wp-content\/uploads\/2025\/09\/CCTV_jarjestelma-300x300.jpg",300,300,true],"medium_large":["https:\/\/www.measte.fi\/wp-content\/uploads\/2025\/09\/CCTV_jarjestelma-768x768.jpg",768,768,true],"large":["https:\/\/www.measte.fi\/wp-content\/uploads\/2025\/09\/CCTV_jarjestelma-1024x1024.jpg",1024,1024,true],"1536x1536":["https:\/\/www.measte.fi\/wp-content\/uploads\/2025\/09\/CCTV_jarjestelma-1536x1536.jpg",1536,1536,true],"2048x2048":["https:\/\/www.measte.fi\/wp-content\/uploads\/2025\/09\/CCTV_jarjestelma.jpg",1600,1600,false],"woocommerce_thumbnail":["https:\/\/www.measte.fi\/wp-content\/uploads\/2025\/09\/CCTV_jarjestelma-300x300.jpg",300,300,true],"woocommerce_single":["https:\/\/www.measte.fi\/wp-content\/uploads\/2025\/09\/CCTV_jarjestelma-600x600.jpg",600,600,true],"woocommerce_gallery_thumbnail":["https:\/\/www.measte.fi\/wp-content\/uploads\/2025\/09\/CCTV_jarjestelma-100x100.jpg",100,100,true]},"uagb_author_info":{"display_name":"admin","author_link":"https:\/\/www.measte.fi\/index.php\/author\/"},"uagb_comment_info":0,"uagb_excerpt":"USB-videoturvaj\u00e4rjestelm\u00e4 tietokoneisiin.","_links":{"self":[{"href":"https:\/\/www.measte.fi\/index.php\/wp-json\/wp\/v2\/product\/2834","targetHints":{"allow":["GET"]}}],"collection":[{"href":"https:\/\/www.measte.fi\/index.php\/wp-json\/wp\/v2\/product"}],"about":[{"href":"https:\/\/www.measte.fi\/index.php\/wp-json\/wp\/v2\/types\/product"}],"wp:featuredmedia":[{"embeddable":true,"href":"https:\/\/www.measte.fi\/index.php\/wp-json\/wp\/v2\/media\/2824"}],"wp:attachment":[{"href":"https:\/\/www.measte.fi\/index.php\/wp-json\/wp\/v2\/media?parent=2834"}],"wp:term":[{"taxonomy":"product_brand","embeddable":true,"href":"https:\/\/www.measte.fi\/index.php\/wp-json\/wp\/v2\/product_brand?post=2834"},{"taxonomy":"product_cat","embeddable":true,"href":"https:\/\/www.measte.fi\/index.php\/wp-json\/wp\/v2\/product_cat?post=2834"},{"taxonomy":"product_tag","embeddable":true,"href":"https:\/\/www.measte.fi\/index.php\/wp-json\/wp\/v2\/product_tag?post=2834"}],"curies":[{"name":"wp","href":"https:\/\/api.w.org\/{rel}","templated":true}]}}