{"id":2836,"date":"2025-09-30T18:50:39","date_gmt":"2025-09-30T15:50:39","guid":{"rendered":"https:\/\/www.measte.fi\/index.php\/tuote\/telewell-adsl-modeemi\/"},"modified":"2025-12-11T22:36:47","modified_gmt":"2025-12-11T20:36:47","slug":"telewell-adsl-modeemi","status":"publish","type":"product","link":"https:\/\/www.measte.fi\/index.php\/tuote\/telewell-adsl-modeemi\/","title":{"rendered":"TeleWell ADSL modeemi"},"content":{"rendered":"<p>Velleman K6727 on kaksikanavainen RF-kaukos\u00e4\u00e4timen vastaanotinkitti, joka soveltuu releohjattaviin sovelluksiin, kuten valaistuksen, moottorien tai muiden laitteiden et\u00e4ohjaukseen. Kitti toimitetaan rakennussarjana, ja se sis\u00e4lt\u00e4\u00e4 kaikki tarvittavat komponentit piirilevyn kokoamiseen.<br \/>\nLaite toimii radiotaajuudella ja vastaanottaa koodattuja signaaleja yhteensopivasta RF-l\u00e4hettimest\u00e4. Kaksi erillist\u00e4 relel\u00e4ht\u00f6\u00e4 mahdollistavat kahden laitteen ohjauksen. Kokoaminen vaatii peruselektroniikan tuntemusta ja juotososaamista.<br \/>\nTekniset ominaisuudet:<br \/>\n&#8211; 2 \u00d7 relel\u00e4ht\u00f6 (NO\/NC-kontaktit)<br \/>\n&#8211; RF-taajuus: 433 MHz (yhteensopiva Velleman-l\u00e4hettimien kanssa)<br \/>\n&#8211; K\u00e4ytt\u00f6j\u00e4nnite: 12 V DC<br \/>\n&#8211; Koodattu vastaanotto (turvallinen ohjaus)<br \/>\n&#8211; LED-merkkivalot tilan ja signaalin osoittamiseen<br \/>\n&#8211; Komponentit: releet, IC-piirit, vastukset, kondensaattorit, liittimet<br \/>\n&#8211; Kokoaminen: juotettava rakennussarja<br \/>\n&#8211; Sertifioitu: HIGH-Q, Made in Belgium<br \/>\n&#8211; Monikielinen k\u00e4ytt\u00f6ohje (EN, FR, NL, DE)<\/p>\n","protected":false},"excerpt":{"rendered":"<p>ADSL2+ modeemi, WLAN ja palomuuri samassa. <\/p>\n","protected":false},"featured_media":2827,"template":"","meta":{"_uag_custom_page_level_css":"","site-sidebar-layout":"default","site-content-layout":"default","ast-site-content-layout":"default","site-content-style":"default","site-sidebar-style":"default","ast-global-header-display":"","ast-banner-title-visibility":"","ast-main-header-display":"","ast-hfb-above-header-display":"","ast-hfb-below-header-display":"","ast-hfb-mobile-header-display":"","site-post-title":"","ast-breadcrumbs-content":"","ast-featured-img":"","footer-sml-layout":"","ast-disable-related-posts":"","theme-transparent-header-meta":"default","adv-header-id-meta":"","stick-header-meta":"","header-above-stick-meta":"","header-main-stick-meta":"","header-below-stick-meta":"","astra-migrate-meta-layouts":"default","ast-page-background-enabled":"default","ast-page-background-meta":{"desktop":{"background-color":"var(--ast-global-color-4)","background-image":"","background-repeat":"repeat","background-position":"center center","background-size":"auto","background-attachment":"scroll","background-type":"","background-media":"","overlay-type":"","overlay-color":"","overlay-opacity":"","overlay-gradient":""},"tablet":{"background-color":"","background-image":"","background-repeat":"repeat","background-position":"center center","background-size":"auto","background-attachment":"scroll","background-type":"","background-media":"","overlay-type":"","overlay-color":"","overlay-opacity":"","overlay-gradient":""},"mobile":{"background-color":"","background-image":"","background-repeat":"repeat","background-position":"center center","background-size":"auto","background-attachment":"scroll","background-type":"","background-media":"","overlay-type":"","overlay-color":"","overlay-opacity":"","overlay-gradient":""}},"ast-content-background-meta":{"desktop":{"background-color":"var(--ast-global-color-5)","background-image":"","background-repeat":"repeat","background-position":"center center","background-size":"auto","background-attachment":"scroll","background-type":"","background-media":"","overlay-type":"","overlay-color":"","overlay-opacity":"","overlay-gradient":""},"tablet":{"background-color":"var(--ast-global-color-5)","background-image":"","background-repeat":"repeat","background-position":"center center","background-size":"auto","background-attachment":"scroll","background-type":"","background-media":"","overlay-type":"","overlay-color":"","overlay-opacity":"","overlay-gradient":""},"mobile":{"background-color":"var(--ast-global-color-5)","background-image":"","background-repeat":"repeat","background-position":"center center","background-size":"auto","background-attachment":"scroll","background-type":"","background-media":"","overlay-type":"","overlay-color":"","overlay-opacity":"","overlay-gradient":""}}},"product_brand":[],"product_cat":[40],"product_tag":[],"class_list":{"0":"post-2836","1":"product","2":"type-product","3":"status-publish","4":"has-post-thumbnail","6":"product_cat-tietotekniikka","7":"desktop-align-center","8":"tablet-align-left","9":"mobile-align-left","11":"first","12":"instock","13":"sold-individually","14":"taxable","15":"shipping-taxable","16":"purchasable","17":"product-type-simple"},"aioseo_notices":[],"uagb_featured_image_src":{"full":["https:\/\/www.measte.fi\/wp-content\/uploads\/2025\/09\/TeleWell_ADSL_modeemi.jpg",1600,1600,false],"thumbnail":["https:\/\/www.measte.fi\/wp-content\/uploads\/2025\/09\/TeleWell_ADSL_modeemi-150x150.jpg",150,150,true],"medium":["https:\/\/www.measte.fi\/wp-content\/uploads\/2025\/09\/TeleWell_ADSL_modeemi-300x300.jpg",300,300,true],"medium_large":["https:\/\/www.measte.fi\/wp-content\/uploads\/2025\/09\/TeleWell_ADSL_modeemi-768x768.jpg",768,768,true],"large":["https:\/\/www.measte.fi\/wp-content\/uploads\/2025\/09\/TeleWell_ADSL_modeemi-1024x1024.jpg",1024,1024,true],"1536x1536":["https:\/\/www.measte.fi\/wp-content\/uploads\/2025\/09\/TeleWell_ADSL_modeemi-1536x1536.jpg",1536,1536,true],"2048x2048":["https:\/\/www.measte.fi\/wp-content\/uploads\/2025\/09\/TeleWell_ADSL_modeemi.jpg",1600,1600,false],"woocommerce_thumbnail":["https:\/\/www.measte.fi\/wp-content\/uploads\/2025\/09\/TeleWell_ADSL_modeemi-300x300.jpg",300,300,true],"woocommerce_single":["https:\/\/www.measte.fi\/wp-content\/uploads\/2025\/09\/TeleWell_ADSL_modeemi-600x600.jpg",600,600,true],"woocommerce_gallery_thumbnail":["https:\/\/www.measte.fi\/wp-content\/uploads\/2025\/09\/TeleWell_ADSL_modeemi-100x100.jpg",100,100,true]},"uagb_author_info":{"display_name":"admin","author_link":"https:\/\/www.measte.fi\/index.php\/author\/"},"uagb_comment_info":0,"uagb_excerpt":"ADSL2+ modeemi, WLAN ja palomuuri samassa.","_links":{"self":[{"href":"https:\/\/www.measte.fi\/index.php\/wp-json\/wp\/v2\/product\/2836","targetHints":{"allow":["GET"]}}],"collection":[{"href":"https:\/\/www.measte.fi\/index.php\/wp-json\/wp\/v2\/product"}],"about":[{"href":"https:\/\/www.measte.fi\/index.php\/wp-json\/wp\/v2\/types\/product"}],"wp:featuredmedia":[{"embeddable":true,"href":"https:\/\/www.measte.fi\/index.php\/wp-json\/wp\/v2\/media\/2827"}],"wp:attachment":[{"href":"https:\/\/www.measte.fi\/index.php\/wp-json\/wp\/v2\/media?parent=2836"}],"wp:term":[{"taxonomy":"product_brand","embeddable":true,"href":"https:\/\/www.measte.fi\/index.php\/wp-json\/wp\/v2\/product_brand?post=2836"},{"taxonomy":"product_cat","embeddable":true,"href":"https:\/\/www.measte.fi\/index.php\/wp-json\/wp\/v2\/product_cat?post=2836"},{"taxonomy":"product_tag","embeddable":true,"href":"https:\/\/www.measte.fi\/index.php\/wp-json\/wp\/v2\/product_tag?post=2836"}],"curies":[{"name":"wp","href":"https:\/\/api.w.org\/{rel}","templated":true}]}}