{"id":2850,"date":"2025-12-10T11:22:00","date_gmt":"2025-12-10T09:22:00","guid":{"rendered":"https:\/\/www.measte.fi\/?post_type=product&#038;p=2850"},"modified":"2025-12-11T22:35:35","modified_gmt":"2025-12-11T20:35:35","slug":"vanson-sdr-70w","status":"publish","type":"product","link":"https:\/\/www.measte.fi\/index.php\/tuote\/vanson-sdr-70w\/","title":{"rendered":"Vanson SDR-70W"},"content":{"rendered":"<p>Vanson SDR-70W on monipuolinen auton DC-virtal\u00e4hde, joka mahdollistaa kannettavien tietokoneiden ja muiden elektronisten laitteiden k\u00e4yt\u00f6n ja lataamisen suoraan auton tupakansytytinliit\u00e4nn\u00e4st\u00e4. Laite muuntaa auton 11\u201314 V j\u00e4nnitteen vakaaksi ja s\u00e4\u00e4dett\u00e4v\u00e4ksi ulostuloksi (15\u201324 V), ja tarjoaa enint\u00e4\u00e4n 70 W tehon.<\/p>\n<p>Se sis\u00e4lt\u00e4\u00e4 oikosulkusuojauksen ja LED-indikaattorin, jotka varmistavat turvallisen ja helpon k\u00e4yt\u00f6n. SDR-70W sopii useimmille kannettaville tietokoneille (IBM, HP, Compaq, Sony, Toshiba, Fujitsu jne.) sek\u00e4 muille laitteille, jotka tarvitsevat vastaavaa j\u00e4nnitett\u00e4. Kompakti ja kevyt rakenne tekee siit\u00e4 ihanteellisen matkakumppanin autoilijoille, jotka haluavat varmistaa laitteidensa virran saatavuuden tien p\u00e4\u00e4ll\u00e4.<\/p>\n","protected":false},"excerpt":{"rendered":"<p>Vanson SDR-70W on auton tupakansytytinliit\u00e4nt\u00e4\u00e4n kytkett\u00e4v\u00e4 universaali DC-laturi, joka tarjoaa s\u00e4\u00e4dett\u00e4v\u00e4n 15\u201324 V ulostulon ja enint\u00e4\u00e4n 70 W tehon kannettaville tietokoneille ja muille laitteille.<\/p>\n","protected":false},"featured_media":2852,"template":"","meta":{"_uag_custom_page_level_css":"","site-sidebar-layout":"default","site-content-layout":"default","ast-site-content-layout":"default","site-content-style":"default","site-sidebar-style":"default","ast-global-header-display":"","ast-banner-title-visibility":"","ast-main-header-display":"","ast-hfb-above-header-display":"","ast-hfb-below-header-display":"","ast-hfb-mobile-header-display":"","site-post-title":"","ast-breadcrumbs-content":"","ast-featured-img":"","footer-sml-layout":"","ast-disable-related-posts":"","theme-transparent-header-meta":"default","adv-header-id-meta":"","stick-header-meta":"","header-above-stick-meta":"","header-main-stick-meta":"","header-below-stick-meta":"","astra-migrate-meta-layouts":"default","ast-page-background-enabled":"default","ast-page-background-meta":{"desktop":{"background-color":"var(--ast-global-color-4)","background-image":"","background-repeat":"repeat","background-position":"center center","background-size":"auto","background-attachment":"scroll","background-type":"","background-media":"","overlay-type":"","overlay-color":"","overlay-opacity":"","overlay-gradient":""},"tablet":{"background-color":"","background-image":"","background-repeat":"repeat","background-position":"center center","background-size":"auto","background-attachment":"scroll","background-type":"","background-media":"","overlay-type":"","overlay-color":"","overlay-opacity":"","overlay-gradient":""},"mobile":{"background-color":"","background-image":"","background-repeat":"repeat","background-position":"center center","background-size":"auto","background-attachment":"scroll","background-type":"","background-media":"","overlay-type":"","overlay-color":"","overlay-opacity":"","overlay-gradient":""}},"ast-content-background-meta":{"desktop":{"background-color":"var(--ast-global-color-5)","background-image":"","background-repeat":"repeat","background-position":"center center","background-size":"auto","background-attachment":"scroll","background-type":"","background-media":"","overlay-type":"","overlay-color":"","overlay-opacity":"","overlay-gradient":""},"tablet":{"background-color":"var(--ast-global-color-5)","background-image":"","background-repeat":"repeat","background-position":"center center","background-size":"auto","background-attachment":"scroll","background-type":"","background-media":"","overlay-type":"","overlay-color":"","overlay-opacity":"","overlay-gradient":""},"mobile":{"background-color":"var(--ast-global-color-5)","background-image":"","background-repeat":"repeat","background-position":"center center","background-size":"auto","background-attachment":"scroll","background-type":"","background-media":"","overlay-type":"","overlay-color":"","overlay-opacity":"","overlay-gradient":""}}},"product_brand":[],"product_cat":[40],"product_tag":[],"class_list":{"0":"post-2850","1":"product","2":"type-product","3":"status-publish","4":"has-post-thumbnail","6":"product_cat-tietotekniikka","7":"desktop-align-center","8":"tablet-align-left","9":"mobile-align-left","11":"first","12":"instock","13":"sold-individually","14":"taxable","15":"shipping-taxable","16":"purchasable","17":"product-type-simple"},"aioseo_notices":[],"uagb_featured_image_src":{"full":["https:\/\/www.measte.fi\/wp-content\/uploads\/2025\/12\/Vanson-SDR-70W.jpg",1600,1600,false],"thumbnail":["https:\/\/www.measte.fi\/wp-content\/uploads\/2025\/12\/Vanson-SDR-70W-150x150.jpg",150,150,true],"medium":["https:\/\/www.measte.fi\/wp-content\/uploads\/2025\/12\/Vanson-SDR-70W-300x300.jpg",300,300,true],"medium_large":["https:\/\/www.measte.fi\/wp-content\/uploads\/2025\/12\/Vanson-SDR-70W-768x768.jpg",768,768,true],"large":["https:\/\/www.measte.fi\/wp-content\/uploads\/2025\/12\/Vanson-SDR-70W-1024x1024.jpg",1024,1024,true],"1536x1536":["https:\/\/www.measte.fi\/wp-content\/uploads\/2025\/12\/Vanson-SDR-70W-1536x1536.jpg",1536,1536,true],"2048x2048":["https:\/\/www.measte.fi\/wp-content\/uploads\/2025\/12\/Vanson-SDR-70W.jpg",1600,1600,false],"woocommerce_thumbnail":["https:\/\/www.measte.fi\/wp-content\/uploads\/2025\/12\/Vanson-SDR-70W-300x300.jpg",300,300,true],"woocommerce_single":["https:\/\/www.measte.fi\/wp-content\/uploads\/2025\/12\/Vanson-SDR-70W-600x600.jpg",600,600,true],"woocommerce_gallery_thumbnail":["https:\/\/www.measte.fi\/wp-content\/uploads\/2025\/12\/Vanson-SDR-70W-100x100.jpg",100,100,true]},"uagb_author_info":{"display_name":"admin","author_link":"https:\/\/www.measte.fi\/index.php\/author\/"},"uagb_comment_info":0,"uagb_excerpt":"Vanson SDR-70W on auton tupakansytytinliit\u00e4nt\u00e4\u00e4n kytkett\u00e4v\u00e4 universaali DC-laturi, joka tarjoaa s\u00e4\u00e4dett\u00e4v\u00e4n 15\u201324 V ulostulon ja enint\u00e4\u00e4n 70 W tehon kannettaville tietokoneille ja muille laitteille.","_links":{"self":[{"href":"https:\/\/www.measte.fi\/index.php\/wp-json\/wp\/v2\/product\/2850","targetHints":{"allow":["GET"]}}],"collection":[{"href":"https:\/\/www.measte.fi\/index.php\/wp-json\/wp\/v2\/product"}],"about":[{"href":"https:\/\/www.measte.fi\/index.php\/wp-json\/wp\/v2\/types\/product"}],"wp:featuredmedia":[{"embeddable":true,"href":"https:\/\/www.measte.fi\/index.php\/wp-json\/wp\/v2\/media\/2852"}],"wp:attachment":[{"href":"https:\/\/www.measte.fi\/index.php\/wp-json\/wp\/v2\/media?parent=2850"}],"wp:term":[{"taxonomy":"product_brand","embeddable":true,"href":"https:\/\/www.measte.fi\/index.php\/wp-json\/wp\/v2\/product_brand?post=2850"},{"taxonomy":"product_cat","embeddable":true,"href":"https:\/\/www.measte.fi\/index.php\/wp-json\/wp\/v2\/product_cat?post=2850"},{"taxonomy":"product_tag","embeddable":true,"href":"https:\/\/www.measte.fi\/index.php\/wp-json\/wp\/v2\/product_tag?post=2850"}],"curies":[{"name":"wp","href":"https:\/\/api.w.org\/{rel}","templated":true}]}}