{"id":2853,"date":"2025-12-10T12:00:35","date_gmt":"2025-12-10T10:00:35","guid":{"rendered":"https:\/\/www.measte.fi\/?post_type=product&#038;p=2853"},"modified":"2025-12-16T10:54:47","modified_gmt":"2025-12-16T08:54:47","slug":"xscape-xp60","status":"publish","type":"product","link":"https:\/\/www.measte.fi\/index.php\/tuote\/xscape-xp60\/","title":{"rendered":"Power Pack XSCAPE XP60"},"content":{"rendered":"<p>XSCAPE XP60 Xtreme Power Pack on suunniteltu vaativiin olosuhteisiin, joissa verkkovirtaa ei ole saatavilla. Se tarjoaa luotettavan ja vakaan virransy\u00f6t\u00f6n tutkille, GPS-laitteille ja muille pienille elektronisille laitteille, joita k\u00e4ytet\u00e4\u00e4n mets\u00e4styksess\u00e4, retkeilyss\u00e4 ja ulkoilussa.<br \/>\nVirtapakkaus on kompakti ja kevyt, joten se kulkee helposti mukana repussa tai varusteissa. Sen rakenne on suunniteltu kest\u00e4m\u00e4\u00e4n ulkoilman haasteita, ja se varmistaa, ett\u00e4 t\u00e4rke\u00e4t laitteet pysyv\u00e4t toimintakunnossa pitkienkin reissujen aikana. XP60 on k\u00e4yt\u00e4nn\u00f6llinen ratkaisu kaikille, jotka tarvitsevat lis\u00e4virtaa kentt\u00e4olosuhteissa ilman verkkovirtaa.<\/p>\n","protected":false},"excerpt":{"rendered":"<p>XSCAPE XP60 Xtreme Power Pack on kompakti ja kest\u00e4v\u00e4 kannettava virtal\u00e4hde, joka tarjoaa luotettavaa virtaa tutkille, GPS-laitteille ja muille elektronisille varusteille ulkoilussa ja mets\u00e4styksess\u00e4.<\/p>\n","protected":false},"featured_media":2854,"template":"","meta":{"_uag_custom_page_level_css":"","site-sidebar-layout":"default","site-content-layout":"default","ast-site-content-layout":"default","site-content-style":"default","site-sidebar-style":"default","ast-global-header-display":"","ast-banner-title-visibility":"","ast-main-header-display":"","ast-hfb-above-header-display":"","ast-hfb-below-header-display":"","ast-hfb-mobile-header-display":"","site-post-title":"","ast-breadcrumbs-content":"","ast-featured-img":"","footer-sml-layout":"","ast-disable-related-posts":"","theme-transparent-header-meta":"default","adv-header-id-meta":"","stick-header-meta":"","header-above-stick-meta":"","header-main-stick-meta":"","header-below-stick-meta":"","astra-migrate-meta-layouts":"default","ast-page-background-enabled":"default","ast-page-background-meta":{"desktop":{"background-color":"var(--ast-global-color-4)","background-image":"","background-repeat":"repeat","background-position":"center center","background-size":"auto","background-attachment":"scroll","background-type":"","background-media":"","overlay-type":"","overlay-color":"","overlay-opacity":"","overlay-gradient":""},"tablet":{"background-color":"","background-image":"","background-repeat":"repeat","background-position":"center center","background-size":"auto","background-attachment":"scroll","background-type":"","background-media":"","overlay-type":"","overlay-color":"","overlay-opacity":"","overlay-gradient":""},"mobile":{"background-color":"","background-image":"","background-repeat":"repeat","background-position":"center center","background-size":"auto","background-attachment":"scroll","background-type":"","background-media":"","overlay-type":"","overlay-color":"","overlay-opacity":"","overlay-gradient":""}},"ast-content-background-meta":{"desktop":{"background-color":"var(--ast-global-color-5)","background-image":"","background-repeat":"repeat","background-position":"center center","background-size":"auto","background-attachment":"scroll","background-type":"","background-media":"","overlay-type":"","overlay-color":"","overlay-opacity":"","overlay-gradient":""},"tablet":{"background-color":"var(--ast-global-color-5)","background-image":"","background-repeat":"repeat","background-position":"center center","background-size":"auto","background-attachment":"scroll","background-type":"","background-media":"","overlay-type":"","overlay-color":"","overlay-opacity":"","overlay-gradient":""},"mobile":{"background-color":"var(--ast-global-color-5)","background-image":"","background-repeat":"repeat","background-position":"center center","background-size":"auto","background-attachment":"scroll","background-type":"","background-media":"","overlay-type":"","overlay-color":"","overlay-opacity":"","overlay-gradient":""}}},"product_brand":[],"product_cat":[44],"product_tag":[],"class_list":{"0":"post-2853","1":"product","2":"type-product","3":"status-publish","4":"has-post-thumbnail","6":"product_cat-enaergia","7":"desktop-align-center","8":"tablet-align-left","9":"mobile-align-left","11":"first","12":"instock","13":"sold-individually","14":"taxable","15":"shipping-taxable","16":"purchasable","17":"product-type-simple"},"aioseo_notices":[],"uagb_featured_image_src":{"full":["https:\/\/www.measte.fi\/wp-content\/uploads\/2025\/12\/XSCAPE-XP60.jpg",1600,1600,false],"thumbnail":["https:\/\/www.measte.fi\/wp-content\/uploads\/2025\/12\/XSCAPE-XP60-150x150.jpg",150,150,true],"medium":["https:\/\/www.measte.fi\/wp-content\/uploads\/2025\/12\/XSCAPE-XP60-300x300.jpg",300,300,true],"medium_large":["https:\/\/www.measte.fi\/wp-content\/uploads\/2025\/12\/XSCAPE-XP60-768x768.jpg",768,768,true],"large":["https:\/\/www.measte.fi\/wp-content\/uploads\/2025\/12\/XSCAPE-XP60-1024x1024.jpg",1024,1024,true],"1536x1536":["https:\/\/www.measte.fi\/wp-content\/uploads\/2025\/12\/XSCAPE-XP60-1536x1536.jpg",1536,1536,true],"2048x2048":["https:\/\/www.measte.fi\/wp-content\/uploads\/2025\/12\/XSCAPE-XP60.jpg",1600,1600,false],"woocommerce_thumbnail":["https:\/\/www.measte.fi\/wp-content\/uploads\/2025\/12\/XSCAPE-XP60-300x300.jpg",300,300,true],"woocommerce_single":["https:\/\/www.measte.fi\/wp-content\/uploads\/2025\/12\/XSCAPE-XP60-600x600.jpg",600,600,true],"woocommerce_gallery_thumbnail":["https:\/\/www.measte.fi\/wp-content\/uploads\/2025\/12\/XSCAPE-XP60-100x100.jpg",100,100,true]},"uagb_author_info":{"display_name":"admin","author_link":"https:\/\/www.measte.fi\/index.php\/author\/"},"uagb_comment_info":0,"uagb_excerpt":"XSCAPE XP60 Xtreme Power Pack on kompakti ja kest\u00e4v\u00e4 kannettava virtal\u00e4hde, joka tarjoaa luotettavaa virtaa tutkille, GPS-laitteille ja muille elektronisille varusteille ulkoilussa ja mets\u00e4styksess\u00e4.","_links":{"self":[{"href":"https:\/\/www.measte.fi\/index.php\/wp-json\/wp\/v2\/product\/2853","targetHints":{"allow":["GET"]}}],"collection":[{"href":"https:\/\/www.measte.fi\/index.php\/wp-json\/wp\/v2\/product"}],"about":[{"href":"https:\/\/www.measte.fi\/index.php\/wp-json\/wp\/v2\/types\/product"}],"wp:featuredmedia":[{"embeddable":true,"href":"https:\/\/www.measte.fi\/index.php\/wp-json\/wp\/v2\/media\/2854"}],"wp:attachment":[{"href":"https:\/\/www.measte.fi\/index.php\/wp-json\/wp\/v2\/media?parent=2853"}],"wp:term":[{"taxonomy":"product_brand","embeddable":true,"href":"https:\/\/www.measte.fi\/index.php\/wp-json\/wp\/v2\/product_brand?post=2853"},{"taxonomy":"product_cat","embeddable":true,"href":"https:\/\/www.measte.fi\/index.php\/wp-json\/wp\/v2\/product_cat?post=2853"},{"taxonomy":"product_tag","embeddable":true,"href":"https:\/\/www.measte.fi\/index.php\/wp-json\/wp\/v2\/product_tag?post=2853"}],"curies":[{"name":"wp","href":"https:\/\/api.w.org\/{rel}","templated":true}]}}