{"id":2862,"date":"2025-12-10T12:37:54","date_gmt":"2025-12-10T10:37:54","guid":{"rendered":"https:\/\/www.measte.fi\/?post_type=product&#038;p=2862"},"modified":"2025-12-11T22:33:47","modified_gmt":"2025-12-11T20:33:47","slug":"konig-sec-cam70-snake-camera","status":"publish","type":"product","link":"https:\/\/www.measte.fi\/index.php\/tuote\/konig-sec-cam70-snake-camera\/","title":{"rendered":"K\u00f6nig SEC-CAM70 Snake Camera"},"content":{"rendered":"<p>K\u00f6nig SEC-CAM70 Snake Camera on suunniteltu tarkastusteht\u00e4viin, joissa tarvitaan joustavuutta ja hyv\u00e4\u00e4 n\u00e4kyvyytt\u00e4. Kameran taipuisa kaapeli mahdollistaa p\u00e4\u00e4syn ahtaisiin tiloihin, kuten putkiin, koneiden sisuksiin tai sein\u00e4rakenteisiin. Sis\u00e4\u00e4nrakennettu LED-valaistus parantaa n\u00e4kyvyytt\u00e4 h\u00e4m\u00e4riss\u00e4 olosuhteissa, ja v\u00e4rikuvatoiminto takaa selke\u00e4n kuvanlaadun.<br \/>\nKamera sopii erinomaisesti huolto-, turvallisuus- ja rakennusalan k\u00e4ytt\u00f6\u00f6n, mutta my\u00f6s kotik\u00e4ytt\u00f6\u00f6n esimerkiksi putkistojen tai ajoneuvojen tarkastamiseen. Ergonominen kahva ja selke\u00e4 STOP-kuvake pakkauksessa viittaavat k\u00e4ytt\u00f6\u00f6n tilanteissa, joissa visuaalinen tarkastus voi est\u00e4\u00e4 ongelmia tai vaaratilanteita.<\/p>\n<p>\u2022 Kuvakenno: 1\/8&#8243; CDC (Color Digital Compression)<br \/>\n\u2022 Objektiivi: 3,7 mm:n neulanreik\u00e4<br \/>\n\u2022 Vaakasuora resoluutio: 420 TV-juovaa<br \/>\n\u2022 Valoherkkyys: 1 LUX<br \/>\n\u2022 Vastavalon korjaus: Automaattinen<br \/>\n\u2022 Elektroninen suljin: 1\/50~1\/100 000 s<br \/>\n\u2022 Signaali-kohinasuhde: >48 dB<br \/>\n\u2022 Valkotasapaino: Automaattinen<br \/>\n\u2022 Vahvistus: Automaattinen<br \/>\n\u2022 Gammakorjaus: >0,45<br \/>\n\u2022 K\u00e4ytt\u00f6l\u00e4mp\u00f6tila: -10\u00b0C ~ 50\u00b0C<br \/>\n\u2022 Videol\u00e4ht\u00f6: BNC \/<br \/>\n\u2022 Mitat: 64 cm + jatkovarsi 70 cm<\/p>\n","protected":false},"excerpt":{"rendered":"<p>K\u00f6nig SEC-CAM70 Snake Camera on joustava LED-valaistuksella varustettu tarkastuskamera, joka soveltuu ahtaisiin ja vaikeap\u00e4\u00e4syisiin kohteisiin.<\/p>\n","protected":false},"featured_media":2861,"template":"","meta":{"_uag_custom_page_level_css":"","site-sidebar-layout":"default","site-content-layout":"default","ast-site-content-layout":"default","site-content-style":"default","site-sidebar-style":"default","ast-global-header-display":"","ast-banner-title-visibility":"","ast-main-header-display":"","ast-hfb-above-header-display":"","ast-hfb-below-header-display":"","ast-hfb-mobile-header-display":"","site-post-title":"","ast-breadcrumbs-content":"","ast-featured-img":"","footer-sml-layout":"","ast-disable-related-posts":"","theme-transparent-header-meta":"default","adv-header-id-meta":"","stick-header-meta":"","header-above-stick-meta":"","header-main-stick-meta":"","header-below-stick-meta":"","astra-migrate-meta-layouts":"default","ast-page-background-enabled":"default","ast-page-background-meta":{"desktop":{"background-color":"var(--ast-global-color-4)","background-image":"","background-repeat":"repeat","background-position":"center center","background-size":"auto","background-attachment":"scroll","background-type":"","background-media":"","overlay-type":"","overlay-color":"","overlay-opacity":"","overlay-gradient":""},"tablet":{"background-color":"","background-image":"","background-repeat":"repeat","background-position":"center center","background-size":"auto","background-attachment":"scroll","background-type":"","background-media":"","overlay-type":"","overlay-color":"","overlay-opacity":"","overlay-gradient":""},"mobile":{"background-color":"","background-image":"","background-repeat":"repeat","background-position":"center center","background-size":"auto","background-attachment":"scroll","background-type":"","background-media":"","overlay-type":"","overlay-color":"","overlay-opacity":"","overlay-gradient":""}},"ast-content-background-meta":{"desktop":{"background-color":"var(--ast-global-color-5)","background-image":"","background-repeat":"repeat","background-position":"center center","background-size":"auto","background-attachment":"scroll","background-type":"","background-media":"","overlay-type":"","overlay-color":"","overlay-opacity":"","overlay-gradient":""},"tablet":{"background-color":"var(--ast-global-color-5)","background-image":"","background-repeat":"repeat","background-position":"center center","background-size":"auto","background-attachment":"scroll","background-type":"","background-media":"","overlay-type":"","overlay-color":"","overlay-opacity":"","overlay-gradient":""},"mobile":{"background-color":"var(--ast-global-color-5)","background-image":"","background-repeat":"repeat","background-position":"center center","background-size":"auto","background-attachment":"scroll","background-type":"","background-media":"","overlay-type":"","overlay-color":"","overlay-opacity":"","overlay-gradient":""}}},"product_brand":[],"product_cat":[37],"product_tag":[],"class_list":{"0":"post-2862","1":"product","2":"type-product","3":"status-publish","4":"has-post-thumbnail","6":"product_cat-kuva-aani","7":"desktop-align-center","8":"tablet-align-left","9":"mobile-align-left","11":"first","12":"instock","13":"sold-individually","14":"taxable","15":"shipping-taxable","16":"purchasable","17":"product-type-simple"},"aioseo_notices":[],"uagb_featured_image_src":{"full":["https:\/\/www.measte.fi\/wp-content\/uploads\/2025\/12\/SEC-CAM70.jpg",1600,1600,false],"thumbnail":["https:\/\/www.measte.fi\/wp-content\/uploads\/2025\/12\/SEC-CAM70-150x150.jpg",150,150,true],"medium":["https:\/\/www.measte.fi\/wp-content\/uploads\/2025\/12\/SEC-CAM70-300x300.jpg",300,300,true],"medium_large":["https:\/\/www.measte.fi\/wp-content\/uploads\/2025\/12\/SEC-CAM70-768x768.jpg",768,768,true],"large":["https:\/\/www.measte.fi\/wp-content\/uploads\/2025\/12\/SEC-CAM70-1024x1024.jpg",1024,1024,true],"1536x1536":["https:\/\/www.measte.fi\/wp-content\/uploads\/2025\/12\/SEC-CAM70-1536x1536.jpg",1536,1536,true],"2048x2048":["https:\/\/www.measte.fi\/wp-content\/uploads\/2025\/12\/SEC-CAM70.jpg",1600,1600,false],"woocommerce_thumbnail":["https:\/\/www.measte.fi\/wp-content\/uploads\/2025\/12\/SEC-CAM70-300x300.jpg",300,300,true],"woocommerce_single":["https:\/\/www.measte.fi\/wp-content\/uploads\/2025\/12\/SEC-CAM70-600x600.jpg",600,600,true],"woocommerce_gallery_thumbnail":["https:\/\/www.measte.fi\/wp-content\/uploads\/2025\/12\/SEC-CAM70-100x100.jpg",100,100,true]},"uagb_author_info":{"display_name":"admin","author_link":"https:\/\/www.measte.fi\/index.php\/author\/"},"uagb_comment_info":0,"uagb_excerpt":"K\u00f6nig SEC-CAM70 Snake Camera on joustava LED-valaistuksella varustettu tarkastuskamera, joka soveltuu ahtaisiin ja vaikeap\u00e4\u00e4syisiin kohteisiin.","_links":{"self":[{"href":"https:\/\/www.measte.fi\/index.php\/wp-json\/wp\/v2\/product\/2862","targetHints":{"allow":["GET"]}}],"collection":[{"href":"https:\/\/www.measte.fi\/index.php\/wp-json\/wp\/v2\/product"}],"about":[{"href":"https:\/\/www.measte.fi\/index.php\/wp-json\/wp\/v2\/types\/product"}],"wp:featuredmedia":[{"embeddable":true,"href":"https:\/\/www.measte.fi\/index.php\/wp-json\/wp\/v2\/media\/2861"}],"wp:attachment":[{"href":"https:\/\/www.measte.fi\/index.php\/wp-json\/wp\/v2\/media?parent=2862"}],"wp:term":[{"taxonomy":"product_brand","embeddable":true,"href":"https:\/\/www.measte.fi\/index.php\/wp-json\/wp\/v2\/product_brand?post=2862"},{"taxonomy":"product_cat","embeddable":true,"href":"https:\/\/www.measte.fi\/index.php\/wp-json\/wp\/v2\/product_cat?post=2862"},{"taxonomy":"product_tag","embeddable":true,"href":"https:\/\/www.measte.fi\/index.php\/wp-json\/wp\/v2\/product_tag?post=2862"}],"curies":[{"name":"wp","href":"https:\/\/api.w.org\/{rel}","templated":true}]}}