{"id":2864,"date":"2025-12-10T12:49:15","date_gmt":"2025-12-10T10:49:15","guid":{"rendered":"https:\/\/www.measte.fi\/?post_type=product&#038;p=2864"},"modified":"2025-12-11T22:33:13","modified_gmt":"2025-12-11T20:33:13","slug":"cmp-matusbhub","status":"publish","type":"product","link":"https:\/\/www.measte.fi\/index.php\/tuote\/cmp-matusbhub\/","title":{"rendered":"K\u00f6nig CMP-MATUSBHUB Mouse Pad"},"content":{"rendered":"<p>K\u00f6nig CMP-MATUSBHUB Mouse Pad yhdist\u00e4\u00e4 ergonomisen hiirimaton ja tehokkaan USB2.0-hubin yhdeksi kompaktiksi ty\u00f6p\u00f6yt\u00e4tarvikkeeksi. Hiirimaton reunaa kiert\u00e4\u00e4 sininen valokaari (Blue Luminous Lightening), joka tuo modernia ilmett\u00e4 ty\u00f6tilaan ja parantaa n\u00e4kyvyytt\u00e4 h\u00e4m\u00e4r\u00e4ss\u00e4.<br \/>\nSis\u00e4\u00e4nrakennettu 4-porttinen USB-hubi mahdollistaa useiden USB-laitteiden liitt\u00e4misen helposti kannettavaan tai p\u00f6yt\u00e4koneeseen \u2013 esimerkiksi hiiri, muistitikku, laturi tai kamera. Tuote on yhteensopiva kaikkien USB2.0-laitteiden kanssa ja toimii sek\u00e4 PC- ett\u00e4 kannettavien tietokoneiden kanssa.<br \/>\nK\u00e4yt\u00e4nn\u00f6llinen ratkaisu k\u00e4ytt\u00e4jille, jotka haluavat v\u00e4hent\u00e4\u00e4 kaapelien sotkua ja tuoda ty\u00f6p\u00f6yd\u00e4lleen ripauksen valoa ja j\u00e4rjestyst\u00e4.<\/p>\n<p>\u2699\ufe0f Tekniset tiedot<br \/>\n&#8211; Tuotekoodi: CMP-MATUSBHUB<br \/>\n&#8211; Hiirimatto: Optimoitu optisille ja lasertekniikan hiirille<br \/>\n&#8211; USB-hubi: 4-porttinen USB2.0, plug &#038; play<br \/>\n&#8211; Valaistus: Sininen LED-reunavalo (Blue Luminous Lightening)<br \/>\n&#8211; Yhteensopivuus: PC, kannettavat, USB-laitteet<br \/>\n&#8211; Virtal\u00e4hde: USB-kaapelilla tietokoneesta<br \/>\n&#8211; K\u00e4ytt\u00f6: Ty\u00f6p\u00f6yt\u00e4, kotitoimisto, matkak\u00e4ytt\u00f6<\/p>\n","protected":false},"excerpt":{"rendered":"<p>K\u00f6nig CMP-MATUSBHUB on valaistulla reunuksella varustettu hiirimatto, jossa on sis\u00e4\u00e4nrakennettu 4-porttinen USB2.0-hubi \u2013 t\u00e4ydellinen yhdistelm\u00e4 tyyli\u00e4 ja k\u00e4yt\u00e4nn\u00f6llisyytt\u00e4.<\/p>\n","protected":false},"featured_media":2863,"template":"","meta":{"_uag_custom_page_level_css":"","site-sidebar-layout":"default","site-content-layout":"default","ast-site-content-layout":"default","site-content-style":"default","site-sidebar-style":"default","ast-global-header-display":"","ast-banner-title-visibility":"","ast-main-header-display":"","ast-hfb-above-header-display":"","ast-hfb-below-header-display":"","ast-hfb-mobile-header-display":"","site-post-title":"","ast-breadcrumbs-content":"","ast-featured-img":"","footer-sml-layout":"","ast-disable-related-posts":"","theme-transparent-header-meta":"default","adv-header-id-meta":"","stick-header-meta":"","header-above-stick-meta":"","header-main-stick-meta":"","header-below-stick-meta":"","astra-migrate-meta-layouts":"default","ast-page-background-enabled":"default","ast-page-background-meta":{"desktop":{"background-color":"var(--ast-global-color-4)","background-image":"","background-repeat":"repeat","background-position":"center center","background-size":"auto","background-attachment":"scroll","background-type":"","background-media":"","overlay-type":"","overlay-color":"","overlay-opacity":"","overlay-gradient":""},"tablet":{"background-color":"","background-image":"","background-repeat":"repeat","background-position":"center center","background-size":"auto","background-attachment":"scroll","background-type":"","background-media":"","overlay-type":"","overlay-color":"","overlay-opacity":"","overlay-gradient":""},"mobile":{"background-color":"","background-image":"","background-repeat":"repeat","background-position":"center center","background-size":"auto","background-attachment":"scroll","background-type":"","background-media":"","overlay-type":"","overlay-color":"","overlay-opacity":"","overlay-gradient":""}},"ast-content-background-meta":{"desktop":{"background-color":"var(--ast-global-color-5)","background-image":"","background-repeat":"repeat","background-position":"center center","background-size":"auto","background-attachment":"scroll","background-type":"","background-media":"","overlay-type":"","overlay-color":"","overlay-opacity":"","overlay-gradient":""},"tablet":{"background-color":"var(--ast-global-color-5)","background-image":"","background-repeat":"repeat","background-position":"center center","background-size":"auto","background-attachment":"scroll","background-type":"","background-media":"","overlay-type":"","overlay-color":"","overlay-opacity":"","overlay-gradient":""},"mobile":{"background-color":"var(--ast-global-color-5)","background-image":"","background-repeat":"repeat","background-position":"center center","background-size":"auto","background-attachment":"scroll","background-type":"","background-media":"","overlay-type":"","overlay-color":"","overlay-opacity":"","overlay-gradient":""}}},"product_brand":[],"product_cat":[40],"product_tag":[],"class_list":{"0":"post-2864","1":"product","2":"type-product","3":"status-publish","4":"has-post-thumbnail","6":"product_cat-tietotekniikka","7":"desktop-align-center","8":"tablet-align-left","9":"mobile-align-left","11":"first","12":"instock","13":"sold-individually","14":"taxable","15":"shipping-taxable","16":"purchasable","17":"product-type-simple"},"aioseo_notices":[],"uagb_featured_image_src":{"full":["https:\/\/www.measte.fi\/wp-content\/uploads\/2025\/12\/CMP-MATUSBHUB.jpg",1600,1600,false],"thumbnail":["https:\/\/www.measte.fi\/wp-content\/uploads\/2025\/12\/CMP-MATUSBHUB-150x150.jpg",150,150,true],"medium":["https:\/\/www.measte.fi\/wp-content\/uploads\/2025\/12\/CMP-MATUSBHUB-300x300.jpg",300,300,true],"medium_large":["https:\/\/www.measte.fi\/wp-content\/uploads\/2025\/12\/CMP-MATUSBHUB-768x768.jpg",768,768,true],"large":["https:\/\/www.measte.fi\/wp-content\/uploads\/2025\/12\/CMP-MATUSBHUB-1024x1024.jpg",1024,1024,true],"1536x1536":["https:\/\/www.measte.fi\/wp-content\/uploads\/2025\/12\/CMP-MATUSBHUB-1536x1536.jpg",1536,1536,true],"2048x2048":["https:\/\/www.measte.fi\/wp-content\/uploads\/2025\/12\/CMP-MATUSBHUB.jpg",1600,1600,false],"woocommerce_thumbnail":["https:\/\/www.measte.fi\/wp-content\/uploads\/2025\/12\/CMP-MATUSBHUB-300x300.jpg",300,300,true],"woocommerce_single":["https:\/\/www.measte.fi\/wp-content\/uploads\/2025\/12\/CMP-MATUSBHUB-600x600.jpg",600,600,true],"woocommerce_gallery_thumbnail":["https:\/\/www.measte.fi\/wp-content\/uploads\/2025\/12\/CMP-MATUSBHUB-100x100.jpg",100,100,true]},"uagb_author_info":{"display_name":"admin","author_link":"https:\/\/www.measte.fi\/index.php\/author\/"},"uagb_comment_info":0,"uagb_excerpt":"K\u00f6nig CMP-MATUSBHUB on valaistulla reunuksella varustettu hiirimatto, jossa on sis\u00e4\u00e4nrakennettu 4-porttinen USB2.0-hubi \u2013 t\u00e4ydellinen yhdistelm\u00e4 tyyli\u00e4 ja k\u00e4yt\u00e4nn\u00f6llisyytt\u00e4.","_links":{"self":[{"href":"https:\/\/www.measte.fi\/index.php\/wp-json\/wp\/v2\/product\/2864","targetHints":{"allow":["GET"]}}],"collection":[{"href":"https:\/\/www.measte.fi\/index.php\/wp-json\/wp\/v2\/product"}],"about":[{"href":"https:\/\/www.measte.fi\/index.php\/wp-json\/wp\/v2\/types\/product"}],"wp:featuredmedia":[{"embeddable":true,"href":"https:\/\/www.measte.fi\/index.php\/wp-json\/wp\/v2\/media\/2863"}],"wp:attachment":[{"href":"https:\/\/www.measte.fi\/index.php\/wp-json\/wp\/v2\/media?parent=2864"}],"wp:term":[{"taxonomy":"product_brand","embeddable":true,"href":"https:\/\/www.measte.fi\/index.php\/wp-json\/wp\/v2\/product_brand?post=2864"},{"taxonomy":"product_cat","embeddable":true,"href":"https:\/\/www.measte.fi\/index.php\/wp-json\/wp\/v2\/product_cat?post=2864"},{"taxonomy":"product_tag","embeddable":true,"href":"https:\/\/www.measte.fi\/index.php\/wp-json\/wp\/v2\/product_tag?post=2864"}],"curies":[{"name":"wp","href":"https:\/\/api.w.org\/{rel}","templated":true}]}}