{"id":2903,"date":"2025-12-10T17:31:21","date_gmt":"2025-12-10T15:31:21","guid":{"rendered":"https:\/\/www.measte.fi\/?post_type=product&#038;p=2903"},"modified":"2025-12-11T22:26:47","modified_gmt":"2025-12-11T20:26:47","slug":"mw-dr-120-48","status":"publish","type":"product","link":"https:\/\/www.measte.fi\/index.php\/tuote\/mw-dr-120-48\/","title":{"rendered":"Mean Well DR-120-48 tehol\u00e4hde"},"content":{"rendered":"<p>Mean Well DR-120-48 on yksil\u00e4ht\u00f6inen 120 W DIN-kiskotehol\u00e4hde, joka muuntaa 88\u2013264 V AC tai 248\u2013370 V DC -sy\u00f6t\u00f6n tasaj\u00e4nnitteeksi 48 V \/ 2,5 A. Laite on suunniteltu teollisiin sovelluksiin, kuten ohjauskaappeihin, automaatioj\u00e4rjestelmiin ja mittauslaitteisiin. Se tarjoaa 85\u202f% hy\u00f6tysuhteen, ylikuormitus- ja oikosulkusuojauksen, sek\u00e4 l\u00e4mp\u00f6tilakompensoidun toiminnan.<\/p>\n<p>DR-120-sarjan laitteet ovat RoHS-yhteensopivia, ja niiss\u00e4 on LED-merkkivalo, j\u00e4nnites\u00e4\u00e4d\u00f6n mahdollisuus (48\u201353 V) ja luotettava toiminta -10\u202f\u00b0C \u2013 +60\u202f\u00b0C l\u00e4mp\u00f6tiloissa. <\/p>\n","protected":false},"excerpt":{"rendered":"<p>Mean Well DR-120-48 on teollisuusk\u00e4ytt\u00f6\u00f6n tarkoitettu DIN-kiskoon asennettava AC\/DC-tehol\u00e4hde, joka tuottaa 48 V j\u00e4nnitett\u00e4 2,5 A virralla. Soveltuu ohjauskaappeihin, automaatioj\u00e4rjestelmiin ja elektroniikkalaitteisiin.<\/p>\n","protected":false},"featured_media":2913,"template":"","meta":{"_uag_custom_page_level_css":"","site-sidebar-layout":"default","site-content-layout":"default","ast-site-content-layout":"default","site-content-style":"default","site-sidebar-style":"default","ast-global-header-display":"","ast-banner-title-visibility":"","ast-main-header-display":"","ast-hfb-above-header-display":"","ast-hfb-below-header-display":"","ast-hfb-mobile-header-display":"","site-post-title":"","ast-breadcrumbs-content":"","ast-featured-img":"","footer-sml-layout":"","ast-disable-related-posts":"","theme-transparent-header-meta":"default","adv-header-id-meta":"","stick-header-meta":"","header-above-stick-meta":"","header-main-stick-meta":"","header-below-stick-meta":"","astra-migrate-meta-layouts":"default","ast-page-background-enabled":"default","ast-page-background-meta":{"desktop":{"background-color":"var(--ast-global-color-4)","background-image":"","background-repeat":"repeat","background-position":"center center","background-size":"auto","background-attachment":"scroll","background-type":"","background-media":"","overlay-type":"","overlay-color":"","overlay-opacity":"","overlay-gradient":""},"tablet":{"background-color":"","background-image":"","background-repeat":"repeat","background-position":"center center","background-size":"auto","background-attachment":"scroll","background-type":"","background-media":"","overlay-type":"","overlay-color":"","overlay-opacity":"","overlay-gradient":""},"mobile":{"background-color":"","background-image":"","background-repeat":"repeat","background-position":"center center","background-size":"auto","background-attachment":"scroll","background-type":"","background-media":"","overlay-type":"","overlay-color":"","overlay-opacity":"","overlay-gradient":""}},"ast-content-background-meta":{"desktop":{"background-color":"var(--ast-global-color-5)","background-image":"","background-repeat":"repeat","background-position":"center center","background-size":"auto","background-attachment":"scroll","background-type":"","background-media":"","overlay-type":"","overlay-color":"","overlay-opacity":"","overlay-gradient":""},"tablet":{"background-color":"var(--ast-global-color-5)","background-image":"","background-repeat":"repeat","background-position":"center center","background-size":"auto","background-attachment":"scroll","background-type":"","background-media":"","overlay-type":"","overlay-color":"","overlay-opacity":"","overlay-gradient":""},"mobile":{"background-color":"var(--ast-global-color-5)","background-image":"","background-repeat":"repeat","background-position":"center center","background-size":"auto","background-attachment":"scroll","background-type":"","background-media":"","overlay-type":"","overlay-color":"","overlay-opacity":"","overlay-gradient":""}}},"product_brand":[],"product_cat":[42],"product_tag":[],"class_list":{"0":"post-2903","1":"product","2":"type-product","3":"status-publish","4":"has-post-thumbnail","6":"product_cat-sahkotarvikkeet","7":"desktop-align-center","8":"tablet-align-left","9":"mobile-align-left","11":"first","12":"instock","13":"sold-individually","14":"taxable","15":"shipping-taxable","16":"purchasable","17":"product-type-simple"},"aioseo_notices":[],"uagb_featured_image_src":{"full":["https:\/\/www.measte.fi\/wp-content\/uploads\/2025\/12\/MW-DR-120-48.jpg",1600,1600,false],"thumbnail":["https:\/\/www.measte.fi\/wp-content\/uploads\/2025\/12\/MW-DR-120-48-150x150.jpg",150,150,true],"medium":["https:\/\/www.measte.fi\/wp-content\/uploads\/2025\/12\/MW-DR-120-48-300x300.jpg",300,300,true],"medium_large":["https:\/\/www.measte.fi\/wp-content\/uploads\/2025\/12\/MW-DR-120-48-768x768.jpg",768,768,true],"large":["https:\/\/www.measte.fi\/wp-content\/uploads\/2025\/12\/MW-DR-120-48-1024x1024.jpg",1024,1024,true],"1536x1536":["https:\/\/www.measte.fi\/wp-content\/uploads\/2025\/12\/MW-DR-120-48-1536x1536.jpg",1536,1536,true],"2048x2048":["https:\/\/www.measte.fi\/wp-content\/uploads\/2025\/12\/MW-DR-120-48.jpg",1600,1600,false],"woocommerce_thumbnail":["https:\/\/www.measte.fi\/wp-content\/uploads\/2025\/12\/MW-DR-120-48-300x300.jpg",300,300,true],"woocommerce_single":["https:\/\/www.measte.fi\/wp-content\/uploads\/2025\/12\/MW-DR-120-48-600x600.jpg",600,600,true],"woocommerce_gallery_thumbnail":["https:\/\/www.measte.fi\/wp-content\/uploads\/2025\/12\/MW-DR-120-48-100x100.jpg",100,100,true]},"uagb_author_info":{"display_name":"admin","author_link":"https:\/\/www.measte.fi\/index.php\/author\/"},"uagb_comment_info":0,"uagb_excerpt":"Mean Well DR-120-48 on teollisuusk\u00e4ytt\u00f6\u00f6n tarkoitettu DIN-kiskoon asennettava AC\/DC-tehol\u00e4hde, joka tuottaa 48 V j\u00e4nnitett\u00e4 2,5 A virralla. Soveltuu ohjauskaappeihin, automaatioj\u00e4rjestelmiin ja elektroniikkalaitteisiin.","_links":{"self":[{"href":"https:\/\/www.measte.fi\/index.php\/wp-json\/wp\/v2\/product\/2903","targetHints":{"allow":["GET"]}}],"collection":[{"href":"https:\/\/www.measte.fi\/index.php\/wp-json\/wp\/v2\/product"}],"about":[{"href":"https:\/\/www.measte.fi\/index.php\/wp-json\/wp\/v2\/types\/product"}],"wp:featuredmedia":[{"embeddable":true,"href":"https:\/\/www.measte.fi\/index.php\/wp-json\/wp\/v2\/media\/2913"}],"wp:attachment":[{"href":"https:\/\/www.measte.fi\/index.php\/wp-json\/wp\/v2\/media?parent=2903"}],"wp:term":[{"taxonomy":"product_brand","embeddable":true,"href":"https:\/\/www.measte.fi\/index.php\/wp-json\/wp\/v2\/product_brand?post=2903"},{"taxonomy":"product_cat","embeddable":true,"href":"https:\/\/www.measte.fi\/index.php\/wp-json\/wp\/v2\/product_cat?post=2903"},{"taxonomy":"product_tag","embeddable":true,"href":"https:\/\/www.measte.fi\/index.php\/wp-json\/wp\/v2\/product_tag?post=2903"}],"curies":[{"name":"wp","href":"https:\/\/api.w.org\/{rel}","templated":true}]}}