{"id":2928,"date":"2025-12-10T19:07:29","date_gmt":"2025-12-10T17:07:29","guid":{"rendered":"https:\/\/www.measte.fi\/?post_type=product&#038;p=2928"},"modified":"2026-04-28T21:47:38","modified_gmt":"2026-04-28T18:47:38","slug":"tuulimylly","status":"publish","type":"product","link":"https:\/\/www.measte.fi\/index.php\/tuote\/tuulimylly\/","title":{"rendered":"Tuuligeneraattori 3 kW\/48V Mppt s\u00e4\u00e4timell\u00e4"},"content":{"rendered":"<p>K\u00e4ytt\u00e4m\u00e4t\u00f6n tuuligeneraattori 3000W-48V-6B, joka tuottaa 3000 W tehoa (tuulen nopeudella 12 m\/s) 48 V DC-j\u00e4nnitteell\u00e4. Varustettu Mppt s\u00e4\u00e4timell\u00e4. Se on suunniteltu pientuotantoon, kuten m\u00f6kkien, maatilojen tai omakotitalojen s\u00e4hk\u00f6ntarpeisiin.<\/p>\n<p>Laitteessa on 6 lapaa (6B), jotka on valmistettu kest\u00e4vist\u00e4 nylonkomposiiteista, ja generaattori on varustettu elektromagneettisella jarrulla ja ylikuormitussuojalla. <\/p>\n<p>\ud83d\udd27 Tekniset ominaisuudet (tyypilliset)<br \/>\n&#8211; Tuuliturbiinin runko on t\u00e4ysin vedenpit\u00e4v\u00e4, ja se kest\u00e4\u00e4 kaikenlaiset s\u00e4\u00e4olosuhteet.<br \/>\n&#8211; Lavat valmistetaan tarkalla ruiskuvalutekniikalla, ja niiden optimoitu aerodynaaminen muoto ja rakenne parantavat tuulienergian hy\u00f6dynt\u00e4mist\u00e4 sek\u00e4 vuosituottoa.<br \/>\n&#8211; Runko on valettua alumiiniseosta, jossa on kaksilaakerinen k\u00e4\u00e4nt\u00f6mekanismi. T\u00e4m\u00e4 mahdollistaa paremman kest\u00e4vyyden voimakkaissa tuulissa ja turvallisemman toiminnan.<br \/>\n&#8211; Patentoitu kestomagneetti-AC-generaattori erikoisstatorilla v\u00e4hent\u00e4\u00e4 tehokkaasti v\u00e4\u00e4nt\u00f6momenttia, sovittaa tuulipy\u00f6r\u00e4n ja generaattorin yhteen ja varmistaa koko j\u00e4rjestelm\u00e4n suorituskyvyn.<br \/>\n&#8211; Tuuliturbiinin k\u00e4ytt\u00f6ik\u00e4 on jopa 20 vuotta.<br \/>\n&#8211; Nimellisteho: 3000 W<br \/>\n&#8211; Nimellisj\u00e4nnite: 48 V DC<br \/>\n&#8211; K\u00e4ynnistystuulen nopeus: ~2\u20133 m\/s<br \/>\n&#8211; Nimellistuulen nopeus: ~12 m\/s<br \/>\n&#8211; Mppt s\u00e4\u00e4din<\/p>\n<p>&#8211; Tuotantop\u00e4iv\u00e4: 29.10.2022<br \/>\n&#8211; Valmistusmaa: Kiina<br \/>\n&#8211; CE merkint\u00e4<\/p>\n","protected":false},"excerpt":{"rendered":"<p>K\u00e4ytt\u00e4m\u00e4t\u00f6n 3 kW:n tuuligeneraattori, joka tuottaa 48 V tasaj\u00e4nnitett\u00e4. Soveltuu s\u00e4hk\u00f6ntuotantoon m\u00f6keille, taloille ja off-grid-j\u00e4rjestelmiin. CE-merkitty, valmistettu Kiinassa<\/p>\n","protected":false},"featured_media":2927,"template":"","meta":{"_uag_custom_page_level_css":"","site-sidebar-layout":"default","site-content-layout":"default","ast-site-content-layout":"default","site-content-style":"default","site-sidebar-style":"default","ast-global-header-display":"","ast-banner-title-visibility":"","ast-main-header-display":"","ast-hfb-above-header-display":"","ast-hfb-below-header-display":"","ast-hfb-mobile-header-display":"","site-post-title":"","ast-breadcrumbs-content":"","ast-featured-img":"","footer-sml-layout":"","ast-disable-related-posts":"","theme-transparent-header-meta":"default","adv-header-id-meta":"","stick-header-meta":"","header-above-stick-meta":"","header-main-stick-meta":"","header-below-stick-meta":"","astra-migrate-meta-layouts":"default","ast-page-background-enabled":"default","ast-page-background-meta":{"desktop":{"background-color":"var(--ast-global-color-4)","background-image":"","background-repeat":"repeat","background-position":"center center","background-size":"auto","background-attachment":"scroll","background-type":"","background-media":"","overlay-type":"","overlay-color":"","overlay-opacity":"","overlay-gradient":""},"tablet":{"background-color":"","background-image":"","background-repeat":"repeat","background-position":"center center","background-size":"auto","background-attachment":"scroll","background-type":"","background-media":"","overlay-type":"","overlay-color":"","overlay-opacity":"","overlay-gradient":""},"mobile":{"background-color":"","background-image":"","background-repeat":"repeat","background-position":"center center","background-size":"auto","background-attachment":"scroll","background-type":"","background-media":"","overlay-type":"","overlay-color":"","overlay-opacity":"","overlay-gradient":""}},"ast-content-background-meta":{"desktop":{"background-color":"var(--ast-global-color-5)","background-image":"","background-repeat":"repeat","background-position":"center center","background-size":"auto","background-attachment":"scroll","background-type":"","background-media":"","overlay-type":"","overlay-color":"","overlay-opacity":"","overlay-gradient":""},"tablet":{"background-color":"var(--ast-global-color-5)","background-image":"","background-repeat":"repeat","background-position":"center center","background-size":"auto","background-attachment":"scroll","background-type":"","background-media":"","overlay-type":"","overlay-color":"","overlay-opacity":"","overlay-gradient":""},"mobile":{"background-color":"var(--ast-global-color-5)","background-image":"","background-repeat":"repeat","background-position":"center center","background-size":"auto","background-attachment":"scroll","background-type":"","background-media":"","overlay-type":"","overlay-color":"","overlay-opacity":"","overlay-gradient":""}}},"product_brand":[],"product_cat":[44],"product_tag":[],"class_list":{"0":"post-2928","1":"product","2":"type-product","3":"status-publish","4":"has-post-thumbnail","6":"product_cat-enaergia","7":"product_shipping_class-noutotuotteet","8":"desktop-align-center","9":"tablet-align-left","10":"mobile-align-left","12":"first","13":"instock","14":"sold-individually","15":"taxable","16":"shipping-taxable","17":"purchasable","18":"product-type-simple"},"aioseo_notices":[],"uagb_featured_image_src":{"full":["https:\/\/www.measte.fi\/wp-content\/uploads\/2025\/12\/Tuulimylly.jpg",1600,1600,false],"thumbnail":["https:\/\/www.measte.fi\/wp-content\/uploads\/2025\/12\/Tuulimylly-150x150.jpg",150,150,true],"medium":["https:\/\/www.measte.fi\/wp-content\/uploads\/2025\/12\/Tuulimylly-300x300.jpg",300,300,true],"medium_large":["https:\/\/www.measte.fi\/wp-content\/uploads\/2025\/12\/Tuulimylly-768x768.jpg",768,768,true],"large":["https:\/\/www.measte.fi\/wp-content\/uploads\/2025\/12\/Tuulimylly-1024x1024.jpg",1024,1024,true],"1536x1536":["https:\/\/www.measte.fi\/wp-content\/uploads\/2025\/12\/Tuulimylly-1536x1536.jpg",1536,1536,true],"2048x2048":["https:\/\/www.measte.fi\/wp-content\/uploads\/2025\/12\/Tuulimylly.jpg",1600,1600,false],"woocommerce_thumbnail":["https:\/\/www.measte.fi\/wp-content\/uploads\/2025\/12\/Tuulimylly-300x300.jpg",300,300,true],"woocommerce_single":["https:\/\/www.measte.fi\/wp-content\/uploads\/2025\/12\/Tuulimylly-600x600.jpg",600,600,true],"woocommerce_gallery_thumbnail":["https:\/\/www.measte.fi\/wp-content\/uploads\/2025\/12\/Tuulimylly-100x100.jpg",100,100,true]},"uagb_author_info":{"display_name":"admin","author_link":"https:\/\/www.measte.fi\/index.php\/author\/"},"uagb_comment_info":0,"uagb_excerpt":"K\u00e4ytt\u00e4m\u00e4t\u00f6n 3 kW:n tuuligeneraattori, joka tuottaa 48 V tasaj\u00e4nnitett\u00e4. Soveltuu s\u00e4hk\u00f6ntuotantoon m\u00f6keille, taloille ja off-grid-j\u00e4rjestelmiin. CE-merkitty, valmistettu Kiinassa","_links":{"self":[{"href":"https:\/\/www.measte.fi\/index.php\/wp-json\/wp\/v2\/product\/2928","targetHints":{"allow":["GET"]}}],"collection":[{"href":"https:\/\/www.measte.fi\/index.php\/wp-json\/wp\/v2\/product"}],"about":[{"href":"https:\/\/www.measte.fi\/index.php\/wp-json\/wp\/v2\/types\/product"}],"wp:featuredmedia":[{"embeddable":true,"href":"https:\/\/www.measte.fi\/index.php\/wp-json\/wp\/v2\/media\/2927"}],"wp:attachment":[{"href":"https:\/\/www.measte.fi\/index.php\/wp-json\/wp\/v2\/media?parent=2928"}],"wp:term":[{"taxonomy":"product_brand","embeddable":true,"href":"https:\/\/www.measte.fi\/index.php\/wp-json\/wp\/v2\/product_brand?post=2928"},{"taxonomy":"product_cat","embeddable":true,"href":"https:\/\/www.measte.fi\/index.php\/wp-json\/wp\/v2\/product_cat?post=2928"},{"taxonomy":"product_tag","embeddable":true,"href":"https:\/\/www.measte.fi\/index.php\/wp-json\/wp\/v2\/product_tag?post=2928"}],"curies":[{"name":"wp","href":"https:\/\/api.w.org\/{rel}","templated":true}]}}