{"id":2944,"date":"2025-12-10T22:54:58","date_gmt":"2025-12-10T20:54:58","guid":{"rendered":"https:\/\/www.measte.fi\/?post_type=product&#038;p=2944"},"modified":"2025-12-11T22:24:03","modified_gmt":"2025-12-11T20:24:03","slug":"senco-finishpro-32","status":"publish","type":"product","link":"https:\/\/www.measte.fi\/index.php\/tuote\/senco-finishpro-32\/","title":{"rendered":"Senco FinishPro 32 viimeistelynaulain"},"content":{"rendered":"<p>Senco FinishPro 32 on 18 gauge -viimeistelynaulain, joka k\u00e4ytt\u00e4\u00e4 1,2 mm brad-nauloja pituusalueella 15\u201332 mm. Laite toimii paineilmalla (4,8\u20138,3 bar) ja on varustettu ergonomisella kahvalla, turvalaukaisulla ja s\u00e4\u00e4dett\u00e4v\u00e4ll\u00e4 syvyydens\u00e4\u00e4d\u00f6ll\u00e4, mik\u00e4 mahdollistaa siistin ja hallitun naulauksen ilman pintavaurioita.<\/p>\n<p>Naulain soveltuu erityisesti puusep\u00e4n t\u00f6ihin, sisustusasennuksiin ja viimeistelyrakentamiseen, kuten listojen, paneelien, kehysten ja kaapistojen kiinnitykseen. Mukana toimitetaan muovinen s\u00e4ilytyslaukku ja k\u00e4ytt\u00f6ohjeet, mik\u00e4 tekee siit\u00e4 valmiin ty\u00f6kalun ammattik\u00e4ytt\u00f6\u00f6n.<\/p>\n<p>Tyypillinen paino: n. 1,2\u20131,4 kg<br \/>\nLiit\u00e4nt\u00e4: 1\/4&#8243; NPT paineilmaliitin<br \/>\nRunko: magnesium \/ komposiitti<br \/>\nLaukaisu: yksitt\u00e4isnaulaus tai sarjanaulaus<\/p>\n","protected":false},"excerpt":{"rendered":"<p>Senco FinishPro 32 on paineilmatoiminen viimeistelynaulain, joka soveltuu tarkkaan ja siistiin naulaukseen esimerkiksi listoituksessa, paneeloinnissa ja kaapistojen asennuksessa. Ammattik\u00e4ytt\u00f6\u00f6n suunniteltu kevyt ja tehokas ty\u00f6kalu.<\/p>\n","protected":false},"featured_media":2920,"template":"","meta":{"_uag_custom_page_level_css":"","site-sidebar-layout":"default","site-content-layout":"default","ast-site-content-layout":"default","site-content-style":"default","site-sidebar-style":"default","ast-global-header-display":"","ast-banner-title-visibility":"","ast-main-header-display":"","ast-hfb-above-header-display":"","ast-hfb-below-header-display":"","ast-hfb-mobile-header-display":"","site-post-title":"","ast-breadcrumbs-content":"","ast-featured-img":"","footer-sml-layout":"","ast-disable-related-posts":"","theme-transparent-header-meta":"default","adv-header-id-meta":"","stick-header-meta":"","header-above-stick-meta":"","header-main-stick-meta":"","header-below-stick-meta":"","astra-migrate-meta-layouts":"default","ast-page-background-enabled":"default","ast-page-background-meta":{"desktop":{"background-color":"var(--ast-global-color-4)","background-image":"","background-repeat":"repeat","background-position":"center center","background-size":"auto","background-attachment":"scroll","background-type":"","background-media":"","overlay-type":"","overlay-color":"","overlay-opacity":"","overlay-gradient":""},"tablet":{"background-color":"","background-image":"","background-repeat":"repeat","background-position":"center center","background-size":"auto","background-attachment":"scroll","background-type":"","background-media":"","overlay-type":"","overlay-color":"","overlay-opacity":"","overlay-gradient":""},"mobile":{"background-color":"","background-image":"","background-repeat":"repeat","background-position":"center center","background-size":"auto","background-attachment":"scroll","background-type":"","background-media":"","overlay-type":"","overlay-color":"","overlay-opacity":"","overlay-gradient":""}},"ast-content-background-meta":{"desktop":{"background-color":"var(--ast-global-color-5)","background-image":"","background-repeat":"repeat","background-position":"center center","background-size":"auto","background-attachment":"scroll","background-type":"","background-media":"","overlay-type":"","overlay-color":"","overlay-opacity":"","overlay-gradient":""},"tablet":{"background-color":"var(--ast-global-color-5)","background-image":"","background-repeat":"repeat","background-position":"center center","background-size":"auto","background-attachment":"scroll","background-type":"","background-media":"","overlay-type":"","overlay-color":"","overlay-opacity":"","overlay-gradient":""},"mobile":{"background-color":"var(--ast-global-color-5)","background-image":"","background-repeat":"repeat","background-position":"center center","background-size":"auto","background-attachment":"scroll","background-type":"","background-media":"","overlay-type":"","overlay-color":"","overlay-opacity":"","overlay-gradient":""}}},"product_brand":[],"product_cat":[41],"product_tag":[],"class_list":{"0":"post-2944","1":"product","2":"type-product","3":"status-publish","4":"has-post-thumbnail","6":"product_cat-tyokalut","7":"desktop-align-center","8":"tablet-align-left","9":"mobile-align-left","11":"first","12":"instock","13":"sold-individually","14":"taxable","15":"shipping-taxable","16":"purchasable","17":"product-type-simple"},"aioseo_notices":[],"uagb_featured_image_src":{"full":["https:\/\/www.measte.fi\/wp-content\/uploads\/2025\/12\/Naulain.jpg",1600,1600,false],"thumbnail":["https:\/\/www.measte.fi\/wp-content\/uploads\/2025\/12\/Naulain-150x150.jpg",150,150,true],"medium":["https:\/\/www.measte.fi\/wp-content\/uploads\/2025\/12\/Naulain-300x300.jpg",300,300,true],"medium_large":["https:\/\/www.measte.fi\/wp-content\/uploads\/2025\/12\/Naulain-768x768.jpg",768,768,true],"large":["https:\/\/www.measte.fi\/wp-content\/uploads\/2025\/12\/Naulain-1024x1024.jpg",1024,1024,true],"1536x1536":["https:\/\/www.measte.fi\/wp-content\/uploads\/2025\/12\/Naulain-1536x1536.jpg",1536,1536,true],"2048x2048":["https:\/\/www.measte.fi\/wp-content\/uploads\/2025\/12\/Naulain.jpg",1600,1600,false],"woocommerce_thumbnail":["https:\/\/www.measte.fi\/wp-content\/uploads\/2025\/12\/Naulain-300x300.jpg",300,300,true],"woocommerce_single":["https:\/\/www.measte.fi\/wp-content\/uploads\/2025\/12\/Naulain-600x600.jpg",600,600,true],"woocommerce_gallery_thumbnail":["https:\/\/www.measte.fi\/wp-content\/uploads\/2025\/12\/Naulain-100x100.jpg",100,100,true]},"uagb_author_info":{"display_name":"admin","author_link":"https:\/\/www.measte.fi\/index.php\/author\/"},"uagb_comment_info":0,"uagb_excerpt":"Senco FinishPro 32 on paineilmatoiminen viimeistelynaulain, joka soveltuu tarkkaan ja siistiin naulaukseen esimerkiksi listoituksessa, paneeloinnissa ja kaapistojen asennuksessa. Ammattik\u00e4ytt\u00f6\u00f6n suunniteltu kevyt ja tehokas ty\u00f6kalu.","_links":{"self":[{"href":"https:\/\/www.measte.fi\/index.php\/wp-json\/wp\/v2\/product\/2944","targetHints":{"allow":["GET"]}}],"collection":[{"href":"https:\/\/www.measte.fi\/index.php\/wp-json\/wp\/v2\/product"}],"about":[{"href":"https:\/\/www.measte.fi\/index.php\/wp-json\/wp\/v2\/types\/product"}],"wp:featuredmedia":[{"embeddable":true,"href":"https:\/\/www.measte.fi\/index.php\/wp-json\/wp\/v2\/media\/2920"}],"wp:attachment":[{"href":"https:\/\/www.measte.fi\/index.php\/wp-json\/wp\/v2\/media?parent=2944"}],"wp:term":[{"taxonomy":"product_brand","embeddable":true,"href":"https:\/\/www.measte.fi\/index.php\/wp-json\/wp\/v2\/product_brand?post=2944"},{"taxonomy":"product_cat","embeddable":true,"href":"https:\/\/www.measte.fi\/index.php\/wp-json\/wp\/v2\/product_cat?post=2944"},{"taxonomy":"product_tag","embeddable":true,"href":"https:\/\/www.measte.fi\/index.php\/wp-json\/wp\/v2\/product_tag?post=2944"}],"curies":[{"name":"wp","href":"https:\/\/api.w.org\/{rel}","templated":true}]}}