{"id":2948,"date":"2025-12-10T23:28:59","date_gmt":"2025-12-10T21:28:59","guid":{"rendered":"https:\/\/www.measte.fi\/?post_type=product&#038;p=2948"},"modified":"2025-12-11T22:23:11","modified_gmt":"2025-12-11T20:23:11","slug":"kaasuanturi","status":"publish","type":"product","link":"https:\/\/www.measte.fi\/index.php\/tuote\/kaasuanturi\/","title":{"rendered":"G-3000R-kaasuh\u00e4lytin"},"content":{"rendered":"<p>G-3000R on kompakti ja monik\u00e4ytt\u00f6inen kaasuh\u00e4lytin, joka havaitsee maakaasun, kaupunkikaasun, nestekaasun (LPG) ja muut palavat kaasut. Laite on suunniteltu turvallisuuden parantamiseen tiloissa, joissa kaasuvuoto voi aiheuttaa r\u00e4j\u00e4hdys- tai myrkytysvaaraa, kuten keitti\u00f6iss\u00e4, matkailuautoissa, veneiss\u00e4, kellareissa ja teknisiss\u00e4 tiloissa.<br \/>\nH\u00e4lyttimess\u00e4 on kolme LED-merkkivaloa: vihre\u00e4 (POWER), punainen (ALARM) ja keltainen varoitusvalo. Se sis\u00e4lt\u00e4\u00e4 itsevalvontatoiminnon, 85 dB h\u00e4lytys\u00e4\u00e4nen, ja voidaan asentaa joko 12 V DC tai 230 V AC virtal\u00e4hteeseen mukana tulevan adapterin avulla. G-3000R-malli sis\u00e4lt\u00e4\u00e4 my\u00f6s apureleen, jonka avulla voidaan ohjata ulkoisia laitteita (esim. venttiili, h\u00e4lytysj\u00e4rjestelm\u00e4).<\/p>\n<p>\ud83d\udd27 Tekniset tiedot<br \/>\n&#8211; Malli: G-3000R<br \/>\n&#8211; Virtal\u00e4hde: 12 V DC tai 230 V AC (adapterilla)<br \/>\n&#8211; H\u00e4lytystyyppi: \u00c4\u00e4nimerkki (85 dB), LED-valot<br \/>\n&#8211; Tunnistettavat kaasut: LPG, maakaasu, kaupunkikaasu, metaani<br \/>\n&#8211; K\u00e4ytt\u00f6kohteet: koti, matkailuauto, vene, keitti\u00f6, tekninen tila<br \/>\n&#8211; Asennus: sein\u00e4lle, l\u00e4helle kaasul\u00e4hdett\u00e4 (20\u201330 cm lattiasta tai katosta riippuen kaasutyypist\u00e4)<br \/>\n&#8211; Lis\u00e4toiminnot: apurele, itsevalvonta, automaattinen nollaus tai lukitus<br \/>\n&#8211; K\u00e4ytt\u00f6l\u00e4mp\u00f6tila: \u201340\u202f\u00b0C \u2026 +50\u202f\u00b0C<br \/>\n&#8211; Kotelointi: kevyt muovirunko, ilmanottoaukot sivuilla ja yl\u00e4osassa<\/p>\n<p>HUOM!<\/p>\n<p>&#8211; Nestekaasu (propan, butan) on raskaampaa kuin ilma \u2192 h\u00e4lytin 20\u201330 cm lattiasta<br \/>\n&#8211; Maakaasu ja kaupunkikaasu ovat kevyempi\u00e4 \u2192 h\u00e4lytin 20\u201330 cm katosta<br \/>\n&#8211; V\u00e4\u00e4r\u00e4 asennuskorkeus voi est\u00e4\u00e4 kaasun havaitsemisen<br \/>\n&#8211; Virtal\u00e4hteen varmistus: k\u00e4yt\u00e4 adapteria tai varmista 12 V DC l\u00e4hde<br \/>\n&#8211; Testaa laite s\u00e4\u00e4nn\u00f6llisesti \u2013 itsevalvonta ei korvaa manuaalista tarkistusta<\/p>\n","protected":false},"excerpt":{"rendered":"<p>G-3000R on kompakti ja monik\u00e4ytt\u00f6inen kaasuh\u00e4lytin, joka havaitsee maakaasun, kaupunkikaasun, nestekaasun (LPG) ja muut palavat kaasut. Laite on suunniteltu turvallisuuden parantamiseen tiloissa, joissa kaasuvuoto voi aiheuttaa r\u00e4j\u00e4hdys- tai myrkytysvaaraa, kuten keitti\u00f6iss\u00e4, matkailuautoissa, veneiss\u00e4, kellareissa ja teknisiss\u00e4 tiloissa.<\/p>\n","protected":false},"featured_media":2911,"template":"","meta":{"_uag_custom_page_level_css":"","site-sidebar-layout":"default","site-content-layout":"default","ast-site-content-layout":"default","site-content-style":"default","site-sidebar-style":"default","ast-global-header-display":"","ast-banner-title-visibility":"","ast-main-header-display":"","ast-hfb-above-header-display":"","ast-hfb-below-header-display":"","ast-hfb-mobile-header-display":"","site-post-title":"","ast-breadcrumbs-content":"","ast-featured-img":"","footer-sml-layout":"","ast-disable-related-posts":"","theme-transparent-header-meta":"default","adv-header-id-meta":"","stick-header-meta":"","header-above-stick-meta":"","header-main-stick-meta":"","header-below-stick-meta":"","astra-migrate-meta-layouts":"default","ast-page-background-enabled":"default","ast-page-background-meta":{"desktop":{"background-color":"var(--ast-global-color-4)","background-image":"","background-repeat":"repeat","background-position":"center center","background-size":"auto","background-attachment":"scroll","background-type":"","background-media":"","overlay-type":"","overlay-color":"","overlay-opacity":"","overlay-gradient":""},"tablet":{"background-color":"","background-image":"","background-repeat":"repeat","background-position":"center center","background-size":"auto","background-attachment":"scroll","background-type":"","background-media":"","overlay-type":"","overlay-color":"","overlay-opacity":"","overlay-gradient":""},"mobile":{"background-color":"","background-image":"","background-repeat":"repeat","background-position":"center center","background-size":"auto","background-attachment":"scroll","background-type":"","background-media":"","overlay-type":"","overlay-color":"","overlay-opacity":"","overlay-gradient":""}},"ast-content-background-meta":{"desktop":{"background-color":"var(--ast-global-color-5)","background-image":"","background-repeat":"repeat","background-position":"center center","background-size":"auto","background-attachment":"scroll","background-type":"","background-media":"","overlay-type":"","overlay-color":"","overlay-opacity":"","overlay-gradient":""},"tablet":{"background-color":"var(--ast-global-color-5)","background-image":"","background-repeat":"repeat","background-position":"center center","background-size":"auto","background-attachment":"scroll","background-type":"","background-media":"","overlay-type":"","overlay-color":"","overlay-opacity":"","overlay-gradient":""},"mobile":{"background-color":"var(--ast-global-color-5)","background-image":"","background-repeat":"repeat","background-position":"center center","background-size":"auto","background-attachment":"scroll","background-type":"","background-media":"","overlay-type":"","overlay-color":"","overlay-opacity":"","overlay-gradient":""}}},"product_brand":[],"product_cat":[43],"product_tag":[],"class_list":{"0":"post-2948","1":"product","2":"type-product","3":"status-publish","4":"has-post-thumbnail","6":"product_cat-muut-rompetori","7":"desktop-align-center","8":"tablet-align-left","9":"mobile-align-left","11":"first","12":"instock","13":"sold-individually","14":"taxable","15":"shipping-taxable","16":"purchasable","17":"product-type-simple"},"aioseo_notices":[],"uagb_featured_image_src":{"full":["https:\/\/www.measte.fi\/wp-content\/uploads\/2025\/12\/G-3000R-Gas.jpg",1600,1600,false],"thumbnail":["https:\/\/www.measte.fi\/wp-content\/uploads\/2025\/12\/G-3000R-Gas-150x150.jpg",150,150,true],"medium":["https:\/\/www.measte.fi\/wp-content\/uploads\/2025\/12\/G-3000R-Gas-300x300.jpg",300,300,true],"medium_large":["https:\/\/www.measte.fi\/wp-content\/uploads\/2025\/12\/G-3000R-Gas-768x768.jpg",768,768,true],"large":["https:\/\/www.measte.fi\/wp-content\/uploads\/2025\/12\/G-3000R-Gas-1024x1024.jpg",1024,1024,true],"1536x1536":["https:\/\/www.measte.fi\/wp-content\/uploads\/2025\/12\/G-3000R-Gas-1536x1536.jpg",1536,1536,true],"2048x2048":["https:\/\/www.measte.fi\/wp-content\/uploads\/2025\/12\/G-3000R-Gas.jpg",1600,1600,false],"woocommerce_thumbnail":["https:\/\/www.measte.fi\/wp-content\/uploads\/2025\/12\/G-3000R-Gas-300x300.jpg",300,300,true],"woocommerce_single":["https:\/\/www.measte.fi\/wp-content\/uploads\/2025\/12\/G-3000R-Gas-600x600.jpg",600,600,true],"woocommerce_gallery_thumbnail":["https:\/\/www.measte.fi\/wp-content\/uploads\/2025\/12\/G-3000R-Gas-100x100.jpg",100,100,true]},"uagb_author_info":{"display_name":"admin","author_link":"https:\/\/www.measte.fi\/index.php\/author\/"},"uagb_comment_info":0,"uagb_excerpt":"G-3000R on kompakti ja monik\u00e4ytt\u00f6inen kaasuh\u00e4lytin, joka havaitsee maakaasun, kaupunkikaasun, nestekaasun (LPG) ja muut palavat kaasut. Laite on suunniteltu turvallisuuden parantamiseen tiloissa, joissa kaasuvuoto voi aiheuttaa r\u00e4j\u00e4hdys- tai myrkytysvaaraa, kuten keitti\u00f6iss\u00e4, matkailuautoissa, veneiss\u00e4, kellareissa ja teknisiss\u00e4 tiloissa.","_links":{"self":[{"href":"https:\/\/www.measte.fi\/index.php\/wp-json\/wp\/v2\/product\/2948","targetHints":{"allow":["GET"]}}],"collection":[{"href":"https:\/\/www.measte.fi\/index.php\/wp-json\/wp\/v2\/product"}],"about":[{"href":"https:\/\/www.measte.fi\/index.php\/wp-json\/wp\/v2\/types\/product"}],"wp:featuredmedia":[{"embeddable":true,"href":"https:\/\/www.measte.fi\/index.php\/wp-json\/wp\/v2\/media\/2911"}],"wp:attachment":[{"href":"https:\/\/www.measte.fi\/index.php\/wp-json\/wp\/v2\/media?parent=2948"}],"wp:term":[{"taxonomy":"product_brand","embeddable":true,"href":"https:\/\/www.measte.fi\/index.php\/wp-json\/wp\/v2\/product_brand?post=2948"},{"taxonomy":"product_cat","embeddable":true,"href":"https:\/\/www.measte.fi\/index.php\/wp-json\/wp\/v2\/product_cat?post=2948"},{"taxonomy":"product_tag","embeddable":true,"href":"https:\/\/www.measte.fi\/index.php\/wp-json\/wp\/v2\/product_tag?post=2948"}],"curies":[{"name":"wp","href":"https:\/\/api.w.org\/{rel}","templated":true}]}}