{"id":2970,"date":"2025-12-11T10:45:03","date_gmt":"2025-12-11T08:45:03","guid":{"rendered":"https:\/\/www.measte.fi\/?post_type=product&#038;p=2970"},"modified":"2025-12-11T22:49:18","modified_gmt":"2025-12-11T20:49:18","slug":"safe04","status":"publish","type":"product","link":"https:\/\/www.measte.fi\/index.php\/tuote\/safe04\/","title":{"rendered":"Safe 04 kuvaputken elvytyslaite"},"content":{"rendered":"<p>SAFE 04 on analoginen korkeaj\u00e4nnitteinen testaus- ja elvytyslaite, joka on suunniteltu erityisesti kuvaputkien (CRT) kunnon arviointiin ja katodien elvytt\u00e4miseen. Laitteessa on mikroampeerimittari, j\u00e4nnitetason valitsimet (HI, MI, LO), EHV-l\u00e4ht\u00f6, testipainikkeet (Short test, miss test, full scale, regen) sek\u00e4 s\u00e4\u00e4timet visuaalisille ja s\u00e4hk\u00f6isille parametreille. Elvytys tapahtuu hallitulla virta- tai j\u00e4nnitepulssilla, joka puhdistaa katodin pinnan ja palauttaa sen emissio-ominaisuuksia.<\/p>\n<p>SAFE 04:\u00e4\u00e4 k\u00e4ytettiin huoltoliikkeiss\u00e4 ja oppilaitoksissa CRT-n\u00e4ytt\u00f6jen ja televisioiden elvytt\u00e4miseen. Nykyisin laite soveltuu erityisesti elektroniikkaharrastajille, ker\u00e4ilij\u00f6ille ja vanhojen n\u00e4ytt\u00f6jen kunnostajille. <\/p>\n","protected":false},"excerpt":{"rendered":"<p>SAFE 04 on vintage-kuvaputkien elvytyslaite, jota k\u00e4ytettiin laboratorio- ja huoltok\u00e4yt\u00f6ss\u00e4 1980\u20131990-luvuilla. Laite mahdollistaa katodien regeneroinnin ja testauksen, ja soveltuu nykyisin ker\u00e4ily- tai harrastusk\u00e4ytt\u00f6\u00f6n.<\/p>\n","protected":false},"featured_media":2960,"template":"","meta":{"_uag_custom_page_level_css":"","site-sidebar-layout":"default","site-content-layout":"default","ast-site-content-layout":"default","site-content-style":"default","site-sidebar-style":"default","ast-global-header-display":"","ast-banner-title-visibility":"","ast-main-header-display":"","ast-hfb-above-header-display":"","ast-hfb-below-header-display":"","ast-hfb-mobile-header-display":"","site-post-title":"","ast-breadcrumbs-content":"","ast-featured-img":"","footer-sml-layout":"","ast-disable-related-posts":"","theme-transparent-header-meta":"default","adv-header-id-meta":"","stick-header-meta":"","header-above-stick-meta":"","header-main-stick-meta":"","header-below-stick-meta":"","astra-migrate-meta-layouts":"default","ast-page-background-enabled":"default","ast-page-background-meta":{"desktop":{"background-color":"var(--ast-global-color-4)","background-image":"","background-repeat":"repeat","background-position":"center center","background-size":"auto","background-attachment":"scroll","background-type":"","background-media":"","overlay-type":"","overlay-color":"","overlay-opacity":"","overlay-gradient":""},"tablet":{"background-color":"","background-image":"","background-repeat":"repeat","background-position":"center center","background-size":"auto","background-attachment":"scroll","background-type":"","background-media":"","overlay-type":"","overlay-color":"","overlay-opacity":"","overlay-gradient":""},"mobile":{"background-color":"","background-image":"","background-repeat":"repeat","background-position":"center center","background-size":"auto","background-attachment":"scroll","background-type":"","background-media":"","overlay-type":"","overlay-color":"","overlay-opacity":"","overlay-gradient":""}},"ast-content-background-meta":{"desktop":{"background-color":"var(--ast-global-color-5)","background-image":"","background-repeat":"repeat","background-position":"center center","background-size":"auto","background-attachment":"scroll","background-type":"","background-media":"","overlay-type":"","overlay-color":"","overlay-opacity":"","overlay-gradient":""},"tablet":{"background-color":"var(--ast-global-color-5)","background-image":"","background-repeat":"repeat","background-position":"center center","background-size":"auto","background-attachment":"scroll","background-type":"","background-media":"","overlay-type":"","overlay-color":"","overlay-opacity":"","overlay-gradient":""},"mobile":{"background-color":"var(--ast-global-color-5)","background-image":"","background-repeat":"repeat","background-position":"center center","background-size":"auto","background-attachment":"scroll","background-type":"","background-media":"","overlay-type":"","overlay-color":"","overlay-opacity":"","overlay-gradient":""}}},"product_brand":[],"product_cat":[39],"product_tag":[],"class_list":{"0":"post-2970","1":"product","2":"type-product","3":"status-publish","4":"has-post-thumbnail","6":"product_cat-mittalaitteet","7":"desktop-align-center","8":"tablet-align-left","9":"mobile-align-left","11":"first","12":"instock","13":"sold-individually","14":"taxable","15":"shipping-taxable","16":"purchasable","17":"product-type-simple"},"aioseo_notices":[],"uagb_featured_image_src":{"full":["https:\/\/www.measte.fi\/wp-content\/uploads\/2025\/12\/Safe04.jpg",1600,1600,false],"thumbnail":["https:\/\/www.measte.fi\/wp-content\/uploads\/2025\/12\/Safe04-150x150.jpg",150,150,true],"medium":["https:\/\/www.measte.fi\/wp-content\/uploads\/2025\/12\/Safe04-300x300.jpg",300,300,true],"medium_large":["https:\/\/www.measte.fi\/wp-content\/uploads\/2025\/12\/Safe04-768x768.jpg",768,768,true],"large":["https:\/\/www.measte.fi\/wp-content\/uploads\/2025\/12\/Safe04-1024x1024.jpg",1024,1024,true],"1536x1536":["https:\/\/www.measte.fi\/wp-content\/uploads\/2025\/12\/Safe04-1536x1536.jpg",1536,1536,true],"2048x2048":["https:\/\/www.measte.fi\/wp-content\/uploads\/2025\/12\/Safe04.jpg",1600,1600,false],"woocommerce_thumbnail":["https:\/\/www.measte.fi\/wp-content\/uploads\/2025\/12\/Safe04-300x300.jpg",300,300,true],"woocommerce_single":["https:\/\/www.measte.fi\/wp-content\/uploads\/2025\/12\/Safe04-600x600.jpg",600,600,true],"woocommerce_gallery_thumbnail":["https:\/\/www.measte.fi\/wp-content\/uploads\/2025\/12\/Safe04-100x100.jpg",100,100,true]},"uagb_author_info":{"display_name":"admin","author_link":"https:\/\/www.measte.fi\/index.php\/author\/"},"uagb_comment_info":0,"uagb_excerpt":"SAFE 04 on vintage-kuvaputkien elvytyslaite, jota k\u00e4ytettiin laboratorio- ja huoltok\u00e4yt\u00f6ss\u00e4 1980\u20131990-luvuilla. Laite mahdollistaa katodien regeneroinnin ja testauksen, ja soveltuu nykyisin ker\u00e4ily- tai harrastusk\u00e4ytt\u00f6\u00f6n.","_links":{"self":[{"href":"https:\/\/www.measte.fi\/index.php\/wp-json\/wp\/v2\/product\/2970","targetHints":{"allow":["GET"]}}],"collection":[{"href":"https:\/\/www.measte.fi\/index.php\/wp-json\/wp\/v2\/product"}],"about":[{"href":"https:\/\/www.measte.fi\/index.php\/wp-json\/wp\/v2\/types\/product"}],"wp:featuredmedia":[{"embeddable":true,"href":"https:\/\/www.measte.fi\/index.php\/wp-json\/wp\/v2\/media\/2960"}],"wp:attachment":[{"href":"https:\/\/www.measte.fi\/index.php\/wp-json\/wp\/v2\/media?parent=2970"}],"wp:term":[{"taxonomy":"product_brand","embeddable":true,"href":"https:\/\/www.measte.fi\/index.php\/wp-json\/wp\/v2\/product_brand?post=2970"},{"taxonomy":"product_cat","embeddable":true,"href":"https:\/\/www.measte.fi\/index.php\/wp-json\/wp\/v2\/product_cat?post=2970"},{"taxonomy":"product_tag","embeddable":true,"href":"https:\/\/www.measte.fi\/index.php\/wp-json\/wp\/v2\/product_tag?post=2970"}],"curies":[{"name":"wp","href":"https:\/\/api.w.org\/{rel}","templated":true}]}}