{"id":2972,"date":"2025-12-11T11:36:28","date_gmt":"2025-12-11T09:36:28","guid":{"rendered":"https:\/\/www.measte.fi\/?post_type=product&#038;p=2972"},"modified":"2025-12-12T00:13:19","modified_gmt":"2025-12-11T22:13:19","slug":"pm5320","status":"publish","type":"product","link":"https:\/\/www.measte.fi\/index.php\/tuote\/pm5320\/","title":{"rendered":"Philips PM 5320 radiotaajuusgeneraattori"},"content":{"rendered":"<p>Philips PM 5320 on vintage-radiotaajuusgeneraattori, joka tuottaa vakaita RF-signaaleja taajuusalueella 1,5\u2013108 MHz. Laitteessa on analoginen taajuusvalitsin, sis\u00e4\u00e4nrakennettu HF-mittari, ja modulaatiovalinnat (50 Hz ja 1 kHz) eri taajuuspoikkeamilla (\u0394f). Se soveltuu radio- ja elektroniikkalaitteiden testaukseen, viritykseen ja kehitykseen, ja oli yleisesti k\u00e4yt\u00f6ss\u00e4 laboratorioissa ja oppilaitoksissa 1970\u20131980-luvuilla.<\/p>\n<p>Etupaneelissa on selke\u00e4 taajuusasteikko, useita taajuusaluevalitsimia (esim. 1.5\u20134.8 MHz, 4\u20138.15 MHz, 10\u201311.5 MHz, 15\u201350 MHz, 88\u2013108 MHz), sek\u00e4 modulaatioasetukset ja ulostuloliit\u00e4nn\u00e4t. Laitteen k\u00e4ytt\u00f6 vaatii analogista tarkkuutta, ja se tarjoaa hyv\u00e4n n\u00e4kym\u00e4n aikakauden testausmenetelmiin.<\/p>\n","protected":false},"excerpt":{"rendered":"<p>Philips PM 5320 on analoginen RF-signaaligeneraattori, jota k\u00e4ytettiin radiotekniikan ja elektroniikan testaukseen. Se tuottaa taajuusalueella 1,5\u2013108 MHz vakaita signaaleja ja sis\u00e4lt\u00e4\u00e4 taajuusmodulaatiotoiminnot. Soveltuu nykyisin ker\u00e4ily- ja harrastusk\u00e4ytt\u00f6\u00f6n.<\/p>\n","protected":false},"featured_media":2964,"template":"","meta":{"_uag_custom_page_level_css":"","site-sidebar-layout":"default","site-content-layout":"default","ast-site-content-layout":"default","site-content-style":"default","site-sidebar-style":"default","ast-global-header-display":"","ast-banner-title-visibility":"","ast-main-header-display":"","ast-hfb-above-header-display":"","ast-hfb-below-header-display":"","ast-hfb-mobile-header-display":"","site-post-title":"","ast-breadcrumbs-content":"","ast-featured-img":"","footer-sml-layout":"","ast-disable-related-posts":"","theme-transparent-header-meta":"default","adv-header-id-meta":"","stick-header-meta":"","header-above-stick-meta":"","header-main-stick-meta":"","header-below-stick-meta":"","astra-migrate-meta-layouts":"default","ast-page-background-enabled":"default","ast-page-background-meta":{"desktop":{"background-color":"var(--ast-global-color-4)","background-image":"","background-repeat":"repeat","background-position":"center center","background-size":"auto","background-attachment":"scroll","background-type":"","background-media":"","overlay-type":"","overlay-color":"","overlay-opacity":"","overlay-gradient":""},"tablet":{"background-color":"","background-image":"","background-repeat":"repeat","background-position":"center center","background-size":"auto","background-attachment":"scroll","background-type":"","background-media":"","overlay-type":"","overlay-color":"","overlay-opacity":"","overlay-gradient":""},"mobile":{"background-color":"","background-image":"","background-repeat":"repeat","background-position":"center center","background-size":"auto","background-attachment":"scroll","background-type":"","background-media":"","overlay-type":"","overlay-color":"","overlay-opacity":"","overlay-gradient":""}},"ast-content-background-meta":{"desktop":{"background-color":"var(--ast-global-color-5)","background-image":"","background-repeat":"repeat","background-position":"center center","background-size":"auto","background-attachment":"scroll","background-type":"","background-media":"","overlay-type":"","overlay-color":"","overlay-opacity":"","overlay-gradient":""},"tablet":{"background-color":"var(--ast-global-color-5)","background-image":"","background-repeat":"repeat","background-position":"center center","background-size":"auto","background-attachment":"scroll","background-type":"","background-media":"","overlay-type":"","overlay-color":"","overlay-opacity":"","overlay-gradient":""},"mobile":{"background-color":"var(--ast-global-color-5)","background-image":"","background-repeat":"repeat","background-position":"center center","background-size":"auto","background-attachment":"scroll","background-type":"","background-media":"","overlay-type":"","overlay-color":"","overlay-opacity":"","overlay-gradient":""}}},"product_brand":[],"product_cat":[39],"product_tag":[],"class_list":{"0":"post-2972","1":"product","2":"type-product","3":"status-publish","4":"has-post-thumbnail","6":"product_cat-mittalaitteet","7":"desktop-align-center","8":"tablet-align-left","9":"mobile-align-left","11":"first","12":"instock","13":"sold-individually","14":"taxable","15":"shipping-taxable","16":"purchasable","17":"product-type-simple"},"aioseo_notices":[],"uagb_featured_image_src":{"full":["https:\/\/www.measte.fi\/wp-content\/uploads\/2025\/12\/1M7A1876.jpg",1600,1600,false],"thumbnail":["https:\/\/www.measte.fi\/wp-content\/uploads\/2025\/12\/1M7A1876-150x150.jpg",150,150,true],"medium":["https:\/\/www.measte.fi\/wp-content\/uploads\/2025\/12\/1M7A1876-300x300.jpg",300,300,true],"medium_large":["https:\/\/www.measte.fi\/wp-content\/uploads\/2025\/12\/1M7A1876-768x768.jpg",768,768,true],"large":["https:\/\/www.measte.fi\/wp-content\/uploads\/2025\/12\/1M7A1876-1024x1024.jpg",1024,1024,true],"1536x1536":["https:\/\/www.measte.fi\/wp-content\/uploads\/2025\/12\/1M7A1876-1536x1536.jpg",1536,1536,true],"2048x2048":["https:\/\/www.measte.fi\/wp-content\/uploads\/2025\/12\/1M7A1876.jpg",1600,1600,false],"woocommerce_thumbnail":["https:\/\/www.measte.fi\/wp-content\/uploads\/2025\/12\/1M7A1876-300x300.jpg",300,300,true],"woocommerce_single":["https:\/\/www.measte.fi\/wp-content\/uploads\/2025\/12\/1M7A1876-600x600.jpg",600,600,true],"woocommerce_gallery_thumbnail":["https:\/\/www.measte.fi\/wp-content\/uploads\/2025\/12\/1M7A1876-100x100.jpg",100,100,true]},"uagb_author_info":{"display_name":"admin","author_link":"https:\/\/www.measte.fi\/index.php\/author\/"},"uagb_comment_info":0,"uagb_excerpt":"Philips PM 5320 on analoginen RF-signaaligeneraattori, jota k\u00e4ytettiin radiotekniikan ja elektroniikan testaukseen. Se tuottaa taajuusalueella 1,5\u2013108 MHz vakaita signaaleja ja sis\u00e4lt\u00e4\u00e4 taajuusmodulaatiotoiminnot. Soveltuu nykyisin ker\u00e4ily- ja harrastusk\u00e4ytt\u00f6\u00f6n.","_links":{"self":[{"href":"https:\/\/www.measte.fi\/index.php\/wp-json\/wp\/v2\/product\/2972","targetHints":{"allow":["GET"]}}],"collection":[{"href":"https:\/\/www.measte.fi\/index.php\/wp-json\/wp\/v2\/product"}],"about":[{"href":"https:\/\/www.measte.fi\/index.php\/wp-json\/wp\/v2\/types\/product"}],"wp:featuredmedia":[{"embeddable":true,"href":"https:\/\/www.measte.fi\/index.php\/wp-json\/wp\/v2\/media\/2964"}],"wp:attachment":[{"href":"https:\/\/www.measte.fi\/index.php\/wp-json\/wp\/v2\/media?parent=2972"}],"wp:term":[{"taxonomy":"product_brand","embeddable":true,"href":"https:\/\/www.measte.fi\/index.php\/wp-json\/wp\/v2\/product_brand?post=2972"},{"taxonomy":"product_cat","embeddable":true,"href":"https:\/\/www.measte.fi\/index.php\/wp-json\/wp\/v2\/product_cat?post=2972"},{"taxonomy":"product_tag","embeddable":true,"href":"https:\/\/www.measte.fi\/index.php\/wp-json\/wp\/v2\/product_tag?post=2972"}],"curies":[{"name":"wp","href":"https:\/\/api.w.org\/{rel}","templated":true}]}}