{"id":2978,"date":"2025-12-11T12:23:59","date_gmt":"2025-12-11T10:23:59","guid":{"rendered":"https:\/\/www.measte.fi\/?post_type=product&#038;p=2978"},"modified":"2025-12-12T19:05:49","modified_gmt":"2025-12-12T17:05:49","slug":"tuhkaimuri","status":"publish","type":"product","link":"https:\/\/www.measte.fi\/index.php\/tuote\/tuhkaimuri\/","title":{"rendered":"Tuhkaimuri Einhell BT\u2011VC 500"},"content":{"rendered":"<p>&#8211; Teho: 500 W<br \/>\n&#8211; S\u00e4ili\u00f6n tilavuus: 22 litraa<br \/>\n&#8211; Virtal\u00e4hde: 230 V verkkovirta<br \/>\n&#8211; Paino: n. 2 kg<br \/>\n&#8211; Varustus: joustava letku, imuputki, kantokahva<br \/>\n&#8211; K\u00e4ytt\u00f6tarkoitus: takkojen, puuhellojen ja grillien tuhkan imurointi; soveltuu my\u00f6s hienolle p\u00f6lylle<br \/>\n&#8211; Muoto: kannullinen (drum vacuum), sininen runko<\/p>\n","protected":false},"excerpt":{"rendered":"<p>Einhell BT\u2011VC 500 on s\u00e4hk\u00f6k\u00e4ytt\u00f6inen tuhkaimuri, jossa on 22 litran metallinen s\u00e4ili\u00f6 ja 500 W moottori. Se on tarkoitettu tuhkan ja hienon p\u00f6lyn poistamiseen tulisijoista ja grilleist\u00e4. Imurissa on imuletku ja putki, kantokahva helppoa k\u00e4ytt\u00f6\u00e4 varten.<\/p>\n","protected":false},"featured_media":2977,"template":"","meta":{"_uag_custom_page_level_css":"","site-sidebar-layout":"default","site-content-layout":"default","ast-site-content-layout":"default","site-content-style":"default","site-sidebar-style":"default","ast-global-header-display":"","ast-banner-title-visibility":"","ast-main-header-display":"","ast-hfb-above-header-display":"","ast-hfb-below-header-display":"","ast-hfb-mobile-header-display":"","site-post-title":"","ast-breadcrumbs-content":"","ast-featured-img":"","footer-sml-layout":"","ast-disable-related-posts":"","theme-transparent-header-meta":"default","adv-header-id-meta":"","stick-header-meta":"","header-above-stick-meta":"","header-main-stick-meta":"","header-below-stick-meta":"","astra-migrate-meta-layouts":"default","ast-page-background-enabled":"default","ast-page-background-meta":{"desktop":{"background-color":"var(--ast-global-color-4)","background-image":"","background-repeat":"repeat","background-position":"center center","background-size":"auto","background-attachment":"scroll","background-type":"","background-media":"","overlay-type":"","overlay-color":"","overlay-opacity":"","overlay-gradient":""},"tablet":{"background-color":"","background-image":"","background-repeat":"repeat","background-position":"center center","background-size":"auto","background-attachment":"scroll","background-type":"","background-media":"","overlay-type":"","overlay-color":"","overlay-opacity":"","overlay-gradient":""},"mobile":{"background-color":"","background-image":"","background-repeat":"repeat","background-position":"center center","background-size":"auto","background-attachment":"scroll","background-type":"","background-media":"","overlay-type":"","overlay-color":"","overlay-opacity":"","overlay-gradient":""}},"ast-content-background-meta":{"desktop":{"background-color":"var(--ast-global-color-5)","background-image":"","background-repeat":"repeat","background-position":"center center","background-size":"auto","background-attachment":"scroll","background-type":"","background-media":"","overlay-type":"","overlay-color":"","overlay-opacity":"","overlay-gradient":""},"tablet":{"background-color":"var(--ast-global-color-5)","background-image":"","background-repeat":"repeat","background-position":"center center","background-size":"auto","background-attachment":"scroll","background-type":"","background-media":"","overlay-type":"","overlay-color":"","overlay-opacity":"","overlay-gradient":""},"mobile":{"background-color":"var(--ast-global-color-5)","background-image":"","background-repeat":"repeat","background-position":"center center","background-size":"auto","background-attachment":"scroll","background-type":"","background-media":"","overlay-type":"","overlay-color":"","overlay-opacity":"","overlay-gradient":""}}},"product_brand":[],"product_cat":[43],"product_tag":[],"class_list":{"0":"post-2978","1":"product","2":"type-product","3":"status-publish","4":"has-post-thumbnail","6":"product_cat-muut-rompetori","7":"product_shipping_class-noutotuotteet","8":"desktop-align-center","9":"tablet-align-left","10":"mobile-align-left","12":"first","13":"instock","14":"sold-individually","15":"taxable","16":"shipping-taxable","17":"purchasable","18":"product-type-simple"},"aioseo_notices":[],"uagb_featured_image_src":{"full":["https:\/\/www.measte.fi\/wp-content\/uploads\/2025\/12\/1M7A9192-Edit-Edit.jpg",1600,1600,false],"thumbnail":["https:\/\/www.measte.fi\/wp-content\/uploads\/2025\/12\/1M7A9192-Edit-Edit-150x150.jpg",150,150,true],"medium":["https:\/\/www.measte.fi\/wp-content\/uploads\/2025\/12\/1M7A9192-Edit-Edit-300x300.jpg",300,300,true],"medium_large":["https:\/\/www.measte.fi\/wp-content\/uploads\/2025\/12\/1M7A9192-Edit-Edit-768x768.jpg",768,768,true],"large":["https:\/\/www.measte.fi\/wp-content\/uploads\/2025\/12\/1M7A9192-Edit-Edit-1024x1024.jpg",1024,1024,true],"1536x1536":["https:\/\/www.measte.fi\/wp-content\/uploads\/2025\/12\/1M7A9192-Edit-Edit-1536x1536.jpg",1536,1536,true],"2048x2048":["https:\/\/www.measte.fi\/wp-content\/uploads\/2025\/12\/1M7A9192-Edit-Edit.jpg",1600,1600,false],"woocommerce_thumbnail":["https:\/\/www.measte.fi\/wp-content\/uploads\/2025\/12\/1M7A9192-Edit-Edit-300x300.jpg",300,300,true],"woocommerce_single":["https:\/\/www.measte.fi\/wp-content\/uploads\/2025\/12\/1M7A9192-Edit-Edit-600x600.jpg",600,600,true],"woocommerce_gallery_thumbnail":["https:\/\/www.measte.fi\/wp-content\/uploads\/2025\/12\/1M7A9192-Edit-Edit-100x100.jpg",100,100,true]},"uagb_author_info":{"display_name":"admin","author_link":"https:\/\/www.measte.fi\/index.php\/author\/"},"uagb_comment_info":0,"uagb_excerpt":"Einhell BT\u2011VC 500 on s\u00e4hk\u00f6k\u00e4ytt\u00f6inen tuhkaimuri, jossa on 22 litran metallinen s\u00e4ili\u00f6 ja 500 W moottori. Se on tarkoitettu tuhkan ja hienon p\u00f6lyn poistamiseen tulisijoista ja grilleist\u00e4. Imurissa on imuletku ja putki, kantokahva helppoa k\u00e4ytt\u00f6\u00e4 varten.","_links":{"self":[{"href":"https:\/\/www.measte.fi\/index.php\/wp-json\/wp\/v2\/product\/2978","targetHints":{"allow":["GET"]}}],"collection":[{"href":"https:\/\/www.measte.fi\/index.php\/wp-json\/wp\/v2\/product"}],"about":[{"href":"https:\/\/www.measte.fi\/index.php\/wp-json\/wp\/v2\/types\/product"}],"wp:featuredmedia":[{"embeddable":true,"href":"https:\/\/www.measte.fi\/index.php\/wp-json\/wp\/v2\/media\/2977"}],"wp:attachment":[{"href":"https:\/\/www.measte.fi\/index.php\/wp-json\/wp\/v2\/media?parent=2978"}],"wp:term":[{"taxonomy":"product_brand","embeddable":true,"href":"https:\/\/www.measte.fi\/index.php\/wp-json\/wp\/v2\/product_brand?post=2978"},{"taxonomy":"product_cat","embeddable":true,"href":"https:\/\/www.measte.fi\/index.php\/wp-json\/wp\/v2\/product_cat?post=2978"},{"taxonomy":"product_tag","embeddable":true,"href":"https:\/\/www.measte.fi\/index.php\/wp-json\/wp\/v2\/product_tag?post=2978"}],"curies":[{"name":"wp","href":"https:\/\/api.w.org\/{rel}","templated":true}]}}