{"id":2980,"date":"2025-12-11T12:25:47","date_gmt":"2025-12-11T10:25:47","guid":{"rendered":"https:\/\/www.measte.fi\/?post_type=product&#038;p=2980"},"modified":"2025-12-17T21:39:35","modified_gmt":"2025-12-17T19:39:35","slug":"rumpu","status":"publish","type":"product","link":"https:\/\/www.measte.fi\/index.php\/tuote\/rumpu\/","title":{"rendered":"Korukivien 3-osainen hiontalaitteisto"},"content":{"rendered":"<p>T\u00e4m\u00e4 laitteisto on suunniteltu erityisesti korukivien hiontaan ja viimeistelyyn.<br \/>\n&#8211; Kivienhiontakone (tahko): py\u00f6riv\u00e4 hiomakivi, jolla kiven raakamuotoa hiotaan ja pinnasta tehd\u00e4\u00e4n tasainen.<br \/>\n&#8211; Kivienhiontarumpu: rumpu, jossa kivet py\u00f6riv\u00e4t hioma-aineen ja veden kanssa useita tunteja tai p\u00e4ivi\u00e4. Prosessi py\u00f6rist\u00e4\u00e4 reunat ja kiillottaa pinnan luonnollisen sile\u00e4ksi.<br \/>\n&#8211; Timanttileikkuri: timanttipinnoitettu katkaisulaikka tai saha, jolla kivet voidaan leikata haluttuun kokoon ja muotoon ennen hiontaa.<br \/>\nLaitteisto soveltuu harrastajille ja pienimuotoiseen korukivien valmistukseen, ja sen avulla voidaan muotoilla, hioa ja kiillottaa raakakivist\u00e4 kauniita koriste- ja korukivi\u00e4.<\/p>\n","protected":false},"excerpt":{"rendered":"<p>Korukivien hiontaan tarkoitettu laitteisto sis\u00e4lt\u00e4\u00e4 kivienhiontakoneen (tahko), jolla muotoillaan ja hiotaan kivi\u00e4, kivienhiontarummun, jossa kivet py\u00f6riv\u00e4t hioma-aineen kanssa ja saavat sile\u00e4n pinnan, sek\u00e4 timanttileikkurin, jolla kivet voidaan katkaista ja muotoilla tarkasti. Yhdess\u00e4 n\u00e4m\u00e4 muodostavat peruspaketin korukivien ty\u00f6st\u00f6\u00f6n ja kiillotukseen.<\/p>\n","protected":false},"featured_media":2974,"template":"","meta":{"_uag_custom_page_level_css":"","site-sidebar-layout":"default","site-content-layout":"default","ast-site-content-layout":"default","site-content-style":"default","site-sidebar-style":"default","ast-global-header-display":"","ast-banner-title-visibility":"","ast-main-header-display":"","ast-hfb-above-header-display":"","ast-hfb-below-header-display":"","ast-hfb-mobile-header-display":"","site-post-title":"","ast-breadcrumbs-content":"","ast-featured-img":"","footer-sml-layout":"","ast-disable-related-posts":"","theme-transparent-header-meta":"default","adv-header-id-meta":"","stick-header-meta":"","header-above-stick-meta":"","header-main-stick-meta":"","header-below-stick-meta":"","astra-migrate-meta-layouts":"default","ast-page-background-enabled":"default","ast-page-background-meta":{"desktop":{"background-color":"var(--ast-global-color-4)","background-image":"","background-repeat":"repeat","background-position":"center center","background-size":"auto","background-attachment":"scroll","background-type":"","background-media":"","overlay-type":"","overlay-color":"","overlay-opacity":"","overlay-gradient":""},"tablet":{"background-color":"","background-image":"","background-repeat":"repeat","background-position":"center center","background-size":"auto","background-attachment":"scroll","background-type":"","background-media":"","overlay-type":"","overlay-color":"","overlay-opacity":"","overlay-gradient":""},"mobile":{"background-color":"","background-image":"","background-repeat":"repeat","background-position":"center center","background-size":"auto","background-attachment":"scroll","background-type":"","background-media":"","overlay-type":"","overlay-color":"","overlay-opacity":"","overlay-gradient":""}},"ast-content-background-meta":{"desktop":{"background-color":"var(--ast-global-color-5)","background-image":"","background-repeat":"repeat","background-position":"center center","background-size":"auto","background-attachment":"scroll","background-type":"","background-media":"","overlay-type":"","overlay-color":"","overlay-opacity":"","overlay-gradient":""},"tablet":{"background-color":"var(--ast-global-color-5)","background-image":"","background-repeat":"repeat","background-position":"center center","background-size":"auto","background-attachment":"scroll","background-type":"","background-media":"","overlay-type":"","overlay-color":"","overlay-opacity":"","overlay-gradient":""},"mobile":{"background-color":"var(--ast-global-color-5)","background-image":"","background-repeat":"repeat","background-position":"center center","background-size":"auto","background-attachment":"scroll","background-type":"","background-media":"","overlay-type":"","overlay-color":"","overlay-opacity":"","overlay-gradient":""}}},"product_brand":[],"product_cat":[43],"product_tag":[],"class_list":{"0":"post-2980","1":"product","2":"type-product","3":"status-publish","4":"has-post-thumbnail","6":"product_cat-muut-rompetori","7":"product_shipping_class-noutotuotteet","8":"desktop-align-center","9":"tablet-align-left","10":"mobile-align-left","12":"first","13":"instock","14":"sold-individually","15":"taxable","16":"shipping-taxable","17":"purchasable","18":"product-type-simple"},"aioseo_notices":[],"uagb_featured_image_src":{"full":["https:\/\/www.measte.fi\/wp-content\/uploads\/2025\/12\/1M7A9188-Edit.jpg",1600,1600,false],"thumbnail":["https:\/\/www.measte.fi\/wp-content\/uploads\/2025\/12\/1M7A9188-Edit-150x150.jpg",150,150,true],"medium":["https:\/\/www.measte.fi\/wp-content\/uploads\/2025\/12\/1M7A9188-Edit-300x300.jpg",300,300,true],"medium_large":["https:\/\/www.measte.fi\/wp-content\/uploads\/2025\/12\/1M7A9188-Edit-768x768.jpg",768,768,true],"large":["https:\/\/www.measte.fi\/wp-content\/uploads\/2025\/12\/1M7A9188-Edit-1024x1024.jpg",1024,1024,true],"1536x1536":["https:\/\/www.measte.fi\/wp-content\/uploads\/2025\/12\/1M7A9188-Edit-1536x1536.jpg",1536,1536,true],"2048x2048":["https:\/\/www.measte.fi\/wp-content\/uploads\/2025\/12\/1M7A9188-Edit.jpg",1600,1600,false],"woocommerce_thumbnail":["https:\/\/www.measte.fi\/wp-content\/uploads\/2025\/12\/1M7A9188-Edit-300x300.jpg",300,300,true],"woocommerce_single":["https:\/\/www.measte.fi\/wp-content\/uploads\/2025\/12\/1M7A9188-Edit-600x600.jpg",600,600,true],"woocommerce_gallery_thumbnail":["https:\/\/www.measte.fi\/wp-content\/uploads\/2025\/12\/1M7A9188-Edit-100x100.jpg",100,100,true]},"uagb_author_info":{"display_name":"admin","author_link":"https:\/\/www.measte.fi\/index.php\/author\/"},"uagb_comment_info":0,"uagb_excerpt":"Korukivien hiontaan tarkoitettu laitteisto sis\u00e4lt\u00e4\u00e4 kivienhiontakoneen (tahko), jolla muotoillaan ja hiotaan kivi\u00e4, kivienhiontarummun, jossa kivet py\u00f6riv\u00e4t hioma-aineen kanssa ja saavat sile\u00e4n pinnan, sek\u00e4 timanttileikkurin, jolla kivet voidaan katkaista ja muotoilla tarkasti. Yhdess\u00e4 n\u00e4m\u00e4 muodostavat peruspaketin korukivien ty\u00f6st\u00f6\u00f6n ja kiillotukseen.","_links":{"self":[{"href":"https:\/\/www.measte.fi\/index.php\/wp-json\/wp\/v2\/product\/2980","targetHints":{"allow":["GET"]}}],"collection":[{"href":"https:\/\/www.measte.fi\/index.php\/wp-json\/wp\/v2\/product"}],"about":[{"href":"https:\/\/www.measte.fi\/index.php\/wp-json\/wp\/v2\/types\/product"}],"wp:featuredmedia":[{"embeddable":true,"href":"https:\/\/www.measte.fi\/index.php\/wp-json\/wp\/v2\/media\/2974"}],"wp:attachment":[{"href":"https:\/\/www.measte.fi\/index.php\/wp-json\/wp\/v2\/media?parent=2980"}],"wp:term":[{"taxonomy":"product_brand","embeddable":true,"href":"https:\/\/www.measte.fi\/index.php\/wp-json\/wp\/v2\/product_brand?post=2980"},{"taxonomy":"product_cat","embeddable":true,"href":"https:\/\/www.measte.fi\/index.php\/wp-json\/wp\/v2\/product_cat?post=2980"},{"taxonomy":"product_tag","embeddable":true,"href":"https:\/\/www.measte.fi\/index.php\/wp-json\/wp\/v2\/product_tag?post=2980"}],"curies":[{"name":"wp","href":"https:\/\/api.w.org\/{rel}","templated":true}]}}