{"id":2992,"date":"2025-12-11T12:30:42","date_gmt":"2025-12-11T10:30:42","guid":{"rendered":"https:\/\/www.measte.fi\/?post_type=product&#038;p=2992"},"modified":"2025-12-12T19:04:55","modified_gmt":"2025-12-12T17:04:55","slug":"lammitin","status":"publish","type":"product","link":"https:\/\/www.measte.fi\/index.php\/tuote\/lammitin\/","title":{"rendered":"L\u00e4mmitin 5 kW, 3-vaiheinen"},"content":{"rendered":"<p>T\u00e4m\u00e4 5 kW:n teollisuusl\u00e4mmitin toimii 400 V kolmivaihevirralla ja on suunniteltu vaativiin olosuhteisiin, kuten rakennusty\u00f6maille, teollisuushalleihin ja autotallik\u00e4ytt\u00f6\u00f6n.<br \/>\n&#8211; Teho: 5000 W<br \/>\n&#8211; J\u00e4nnite: 400 V (3-vaihe)<br \/>\n&#8211; Termostaatti: s\u00e4\u00e4dett\u00e4v\u00e4, yll\u00e4pit\u00e4\u00e4 haluttua l\u00e4mp\u00f6tilaa<br \/>\n&#8211; Ylikuumenemissuoja: automaattinen katkaisu turvallisuuden varmistamiseksi<br \/>\n&#8211; Runko: metallinen, usein jauhemaalattu ter\u00e4s<br \/>\n&#8211; Puhallin: hiljainen ja tehokas, voi toimia my\u00f6s ilman l\u00e4mmityst\u00e4<br \/>\n&#8211; K\u00e4ytt\u00f6: kuivaus, l\u00e4mmitys, yll\u00e4pitol\u00e4mp\u00f6, tilap\u00e4inen k\u00e4ytt\u00f6<br \/>\n&#8211; Liit\u00e4nt\u00e4: 16 A voimavirtapistoke (CEE)<\/p>\n","protected":false},"excerpt":{"rendered":"<p>Teollisuusl\u00e4mmitin 5 kW, 400 V kolmivaihe \u2013 tehokas s\u00e4hk\u00f6l\u00e4mmitin tilap\u00e4iseen tai jatkuvaan l\u00e4mmitykseen ty\u00f6mailla, varastoissa ja halleissa. Varustettu termostaatilla, ylikuumenemissuojalla ja metallirungolla.<\/p>\n","protected":false},"featured_media":2987,"template":"","meta":{"_uag_custom_page_level_css":"","site-sidebar-layout":"default","site-content-layout":"default","ast-site-content-layout":"default","site-content-style":"default","site-sidebar-style":"default","ast-global-header-display":"","ast-banner-title-visibility":"","ast-main-header-display":"","ast-hfb-above-header-display":"","ast-hfb-below-header-display":"","ast-hfb-mobile-header-display":"","site-post-title":"","ast-breadcrumbs-content":"","ast-featured-img":"","footer-sml-layout":"","ast-disable-related-posts":"","theme-transparent-header-meta":"default","adv-header-id-meta":"","stick-header-meta":"","header-above-stick-meta":"","header-main-stick-meta":"","header-below-stick-meta":"","astra-migrate-meta-layouts":"default","ast-page-background-enabled":"default","ast-page-background-meta":{"desktop":{"background-color":"var(--ast-global-color-4)","background-image":"","background-repeat":"repeat","background-position":"center center","background-size":"auto","background-attachment":"scroll","background-type":"","background-media":"","overlay-type":"","overlay-color":"","overlay-opacity":"","overlay-gradient":""},"tablet":{"background-color":"","background-image":"","background-repeat":"repeat","background-position":"center center","background-size":"auto","background-attachment":"scroll","background-type":"","background-media":"","overlay-type":"","overlay-color":"","overlay-opacity":"","overlay-gradient":""},"mobile":{"background-color":"","background-image":"","background-repeat":"repeat","background-position":"center center","background-size":"auto","background-attachment":"scroll","background-type":"","background-media":"","overlay-type":"","overlay-color":"","overlay-opacity":"","overlay-gradient":""}},"ast-content-background-meta":{"desktop":{"background-color":"var(--ast-global-color-5)","background-image":"","background-repeat":"repeat","background-position":"center center","background-size":"auto","background-attachment":"scroll","background-type":"","background-media":"","overlay-type":"","overlay-color":"","overlay-opacity":"","overlay-gradient":""},"tablet":{"background-color":"var(--ast-global-color-5)","background-image":"","background-repeat":"repeat","background-position":"center center","background-size":"auto","background-attachment":"scroll","background-type":"","background-media":"","overlay-type":"","overlay-color":"","overlay-opacity":"","overlay-gradient":""},"mobile":{"background-color":"var(--ast-global-color-5)","background-image":"","background-repeat":"repeat","background-position":"center center","background-size":"auto","background-attachment":"scroll","background-type":"","background-media":"","overlay-type":"","overlay-color":"","overlay-opacity":"","overlay-gradient":""}}},"product_brand":[],"product_cat":[43],"product_tag":[],"class_list":{"0":"post-2992","1":"product","2":"type-product","3":"status-publish","4":"has-post-thumbnail","6":"product_cat-muut-rompetori","7":"product_shipping_class-noutotuotteet","8":"desktop-align-center","9":"tablet-align-left","10":"mobile-align-left","12":"first","13":"instock","14":"sold-individually","15":"taxable","16":"shipping-taxable","17":"purchasable","18":"product-type-simple"},"aioseo_notices":[],"uagb_featured_image_src":{"full":["https:\/\/www.measte.fi\/wp-content\/uploads\/2025\/12\/1M7A9205-Edit.jpg",1600,1600,false],"thumbnail":["https:\/\/www.measte.fi\/wp-content\/uploads\/2025\/12\/1M7A9205-Edit-150x150.jpg",150,150,true],"medium":["https:\/\/www.measte.fi\/wp-content\/uploads\/2025\/12\/1M7A9205-Edit-300x300.jpg",300,300,true],"medium_large":["https:\/\/www.measte.fi\/wp-content\/uploads\/2025\/12\/1M7A9205-Edit-768x768.jpg",768,768,true],"large":["https:\/\/www.measte.fi\/wp-content\/uploads\/2025\/12\/1M7A9205-Edit-1024x1024.jpg",1024,1024,true],"1536x1536":["https:\/\/www.measte.fi\/wp-content\/uploads\/2025\/12\/1M7A9205-Edit-1536x1536.jpg",1536,1536,true],"2048x2048":["https:\/\/www.measte.fi\/wp-content\/uploads\/2025\/12\/1M7A9205-Edit.jpg",1600,1600,false],"woocommerce_thumbnail":["https:\/\/www.measte.fi\/wp-content\/uploads\/2025\/12\/1M7A9205-Edit-300x300.jpg",300,300,true],"woocommerce_single":["https:\/\/www.measte.fi\/wp-content\/uploads\/2025\/12\/1M7A9205-Edit-600x600.jpg",600,600,true],"woocommerce_gallery_thumbnail":["https:\/\/www.measte.fi\/wp-content\/uploads\/2025\/12\/1M7A9205-Edit-100x100.jpg",100,100,true]},"uagb_author_info":{"display_name":"admin","author_link":"https:\/\/www.measte.fi\/index.php\/author\/"},"uagb_comment_info":0,"uagb_excerpt":"Teollisuusl\u00e4mmitin 5 kW, 400 V kolmivaihe \u2013 tehokas s\u00e4hk\u00f6l\u00e4mmitin tilap\u00e4iseen tai jatkuvaan l\u00e4mmitykseen ty\u00f6mailla, varastoissa ja halleissa. Varustettu termostaatilla, ylikuumenemissuojalla ja metallirungolla.","_links":{"self":[{"href":"https:\/\/www.measte.fi\/index.php\/wp-json\/wp\/v2\/product\/2992","targetHints":{"allow":["GET"]}}],"collection":[{"href":"https:\/\/www.measte.fi\/index.php\/wp-json\/wp\/v2\/product"}],"about":[{"href":"https:\/\/www.measte.fi\/index.php\/wp-json\/wp\/v2\/types\/product"}],"wp:featuredmedia":[{"embeddable":true,"href":"https:\/\/www.measte.fi\/index.php\/wp-json\/wp\/v2\/media\/2987"}],"wp:attachment":[{"href":"https:\/\/www.measte.fi\/index.php\/wp-json\/wp\/v2\/media?parent=2992"}],"wp:term":[{"taxonomy":"product_brand","embeddable":true,"href":"https:\/\/www.measte.fi\/index.php\/wp-json\/wp\/v2\/product_brand?post=2992"},{"taxonomy":"product_cat","embeddable":true,"href":"https:\/\/www.measte.fi\/index.php\/wp-json\/wp\/v2\/product_cat?post=2992"},{"taxonomy":"product_tag","embeddable":true,"href":"https:\/\/www.measte.fi\/index.php\/wp-json\/wp\/v2\/product_tag?post=2992"}],"curies":[{"name":"wp","href":"https:\/\/api.w.org\/{rel}","templated":true}]}}