{"id":2993,"date":"2025-12-11T12:31:50","date_gmt":"2025-12-11T10:31:50","guid":{"rendered":"https:\/\/www.measte.fi\/?post_type=product&#038;p=2993"},"modified":"2025-12-11T22:46:15","modified_gmt":"2025-12-11T20:46:15","slug":"hylsysarja","status":"publish","type":"product","link":"https:\/\/www.measte.fi\/index.php\/tuote\/hylsysarja\/","title":{"rendered":"Hylsysarja, 216-osainen"},"content":{"rendered":"<p>T\u00e4m\u00e4 216-osainen hylsy- ja bittisarja on suunniteltu kattamaan yleisimm\u00e4t tarpeet niin mekaanisessa ty\u00f6ss\u00e4, ajoneuvohuollossa kuin kotiverstaalla.<br \/>\n&#8211; Vetokoot: 1\/4&#8243;, 3\/8&#8243;, 1\/2&#8243;<br \/>\n&#8211; Sis\u00e4lt\u00f6:<br \/>\n&#8211; Laaja valikoima hylsyj\u00e4 (4\u201332 mm), mukaan lukien syv\u00e4hylsyt ja E-hylsyt<br \/>\n&#8211; Kolme r\u00e4ikk\u00e4v\u00e4\u00e4nnint\u00e4 (72 hammasta)<br \/>\n&#8211; Kiintoavaimet 6\u201319 mm<br \/>\n&#8211; Bittik\u00e4rjet: PH, PZ, SL, Torx, Hex<br \/>\n&#8211; K\u00e4rkien pidin, ruuvitalttakahva, jatkovarsia, nivelosia<br \/>\n&#8211; Sytytystulppahylsyt 16 mm ja 21 mm<br \/>\n&#8211; Kuusiokoloavaimet 1.27\u201310 mm<br \/>\n&#8211; Materiaali: Usein kromivanadiiniter\u00e4s (CrV), joka takaa kest\u00e4vyyden ja korroosionkeston<br \/>\n&#8211; S\u00e4ilytys: Tukeva muovilaukku, jossa selke\u00e4 lokerointi ja kantokahva<br \/>\n&#8211; K\u00e4ytt\u00f6tarkoitus: Ajoneuvohuolto, koneasennus, harrastek\u00e4ytt\u00f6, yleisty\u00f6kaluna kotona tai ty\u00f6pajalla<\/p>\n","protected":false},"excerpt":{"rendered":"<p>216-osainen hylsy- ja bittisarja sis\u00e4lt\u00e4\u00e4 1\/4&#8243;, 3\/8&#8243; ja 1\/2&#8243; vetokoossa kattavan valikoiman hylsyj\u00e4, r\u00e4ikki\u00e4, kiintoavaimia, bittik\u00e4rki\u00e4 ja tarvikkeita. Soveltuu monipuoliseen k\u00e4ytt\u00f6\u00f6n kotona, korjaamolla ja harrastek\u00e4yt\u00f6ss\u00e4.<\/p>\n","protected":false},"featured_media":2986,"template":"","meta":{"_uag_custom_page_level_css":"","site-sidebar-layout":"default","site-content-layout":"default","ast-site-content-layout":"default","site-content-style":"default","site-sidebar-style":"default","ast-global-header-display":"","ast-banner-title-visibility":"","ast-main-header-display":"","ast-hfb-above-header-display":"","ast-hfb-below-header-display":"","ast-hfb-mobile-header-display":"","site-post-title":"","ast-breadcrumbs-content":"","ast-featured-img":"","footer-sml-layout":"","ast-disable-related-posts":"","theme-transparent-header-meta":"default","adv-header-id-meta":"","stick-header-meta":"","header-above-stick-meta":"","header-main-stick-meta":"","header-below-stick-meta":"","astra-migrate-meta-layouts":"default","ast-page-background-enabled":"default","ast-page-background-meta":{"desktop":{"background-color":"var(--ast-global-color-4)","background-image":"","background-repeat":"repeat","background-position":"center center","background-size":"auto","background-attachment":"scroll","background-type":"","background-media":"","overlay-type":"","overlay-color":"","overlay-opacity":"","overlay-gradient":""},"tablet":{"background-color":"","background-image":"","background-repeat":"repeat","background-position":"center center","background-size":"auto","background-attachment":"scroll","background-type":"","background-media":"","overlay-type":"","overlay-color":"","overlay-opacity":"","overlay-gradient":""},"mobile":{"background-color":"","background-image":"","background-repeat":"repeat","background-position":"center center","background-size":"auto","background-attachment":"scroll","background-type":"","background-media":"","overlay-type":"","overlay-color":"","overlay-opacity":"","overlay-gradient":""}},"ast-content-background-meta":{"desktop":{"background-color":"var(--ast-global-color-5)","background-image":"","background-repeat":"repeat","background-position":"center center","background-size":"auto","background-attachment":"scroll","background-type":"","background-media":"","overlay-type":"","overlay-color":"","overlay-opacity":"","overlay-gradient":""},"tablet":{"background-color":"var(--ast-global-color-5)","background-image":"","background-repeat":"repeat","background-position":"center center","background-size":"auto","background-attachment":"scroll","background-type":"","background-media":"","overlay-type":"","overlay-color":"","overlay-opacity":"","overlay-gradient":""},"mobile":{"background-color":"var(--ast-global-color-5)","background-image":"","background-repeat":"repeat","background-position":"center center","background-size":"auto","background-attachment":"scroll","background-type":"","background-media":"","overlay-type":"","overlay-color":"","overlay-opacity":"","overlay-gradient":""}}},"product_brand":[],"product_cat":[41],"product_tag":[],"class_list":{"0":"post-2993","1":"product","2":"type-product","3":"status-publish","4":"has-post-thumbnail","6":"product_cat-tyokalut","7":"desktop-align-center","8":"tablet-align-left","9":"mobile-align-left","11":"first","12":"instock","13":"taxable","14":"shipping-taxable","15":"purchasable","16":"product-type-simple"},"aioseo_notices":[],"uagb_featured_image_src":{"full":["https:\/\/www.measte.fi\/wp-content\/uploads\/2025\/12\/1M7A9203-Edit.jpg",1600,1600,false],"thumbnail":["https:\/\/www.measte.fi\/wp-content\/uploads\/2025\/12\/1M7A9203-Edit-150x150.jpg",150,150,true],"medium":["https:\/\/www.measte.fi\/wp-content\/uploads\/2025\/12\/1M7A9203-Edit-300x300.jpg",300,300,true],"medium_large":["https:\/\/www.measte.fi\/wp-content\/uploads\/2025\/12\/1M7A9203-Edit-768x768.jpg",768,768,true],"large":["https:\/\/www.measte.fi\/wp-content\/uploads\/2025\/12\/1M7A9203-Edit-1024x1024.jpg",1024,1024,true],"1536x1536":["https:\/\/www.measte.fi\/wp-content\/uploads\/2025\/12\/1M7A9203-Edit-1536x1536.jpg",1536,1536,true],"2048x2048":["https:\/\/www.measte.fi\/wp-content\/uploads\/2025\/12\/1M7A9203-Edit.jpg",1600,1600,false],"woocommerce_thumbnail":["https:\/\/www.measte.fi\/wp-content\/uploads\/2025\/12\/1M7A9203-Edit-300x300.jpg",300,300,true],"woocommerce_single":["https:\/\/www.measte.fi\/wp-content\/uploads\/2025\/12\/1M7A9203-Edit-600x600.jpg",600,600,true],"woocommerce_gallery_thumbnail":["https:\/\/www.measte.fi\/wp-content\/uploads\/2025\/12\/1M7A9203-Edit-100x100.jpg",100,100,true]},"uagb_author_info":{"display_name":"admin","author_link":"https:\/\/www.measte.fi\/index.php\/author\/"},"uagb_comment_info":0,"uagb_excerpt":"216-osainen hylsy- ja bittisarja sis\u00e4lt\u00e4\u00e4 1\/4\", 3\/8\" ja 1\/2\" vetokoossa kattavan valikoiman hylsyj\u00e4, r\u00e4ikki\u00e4, kiintoavaimia, bittik\u00e4rki\u00e4 ja tarvikkeita. Soveltuu monipuoliseen k\u00e4ytt\u00f6\u00f6n kotona, korjaamolla ja harrastek\u00e4yt\u00f6ss\u00e4.","_links":{"self":[{"href":"https:\/\/www.measte.fi\/index.php\/wp-json\/wp\/v2\/product\/2993","targetHints":{"allow":["GET"]}}],"collection":[{"href":"https:\/\/www.measte.fi\/index.php\/wp-json\/wp\/v2\/product"}],"about":[{"href":"https:\/\/www.measte.fi\/index.php\/wp-json\/wp\/v2\/types\/product"}],"wp:featuredmedia":[{"embeddable":true,"href":"https:\/\/www.measte.fi\/index.php\/wp-json\/wp\/v2\/media\/2986"}],"wp:attachment":[{"href":"https:\/\/www.measte.fi\/index.php\/wp-json\/wp\/v2\/media?parent=2993"}],"wp:term":[{"taxonomy":"product_brand","embeddable":true,"href":"https:\/\/www.measte.fi\/index.php\/wp-json\/wp\/v2\/product_brand?post=2993"},{"taxonomy":"product_cat","embeddable":true,"href":"https:\/\/www.measte.fi\/index.php\/wp-json\/wp\/v2\/product_cat?post=2993"},{"taxonomy":"product_tag","embeddable":true,"href":"https:\/\/www.measte.fi\/index.php\/wp-json\/wp\/v2\/product_tag?post=2993"}],"curies":[{"name":"wp","href":"https:\/\/api.w.org\/{rel}","templated":true}]}}