{"id":3069,"date":"2025-12-12T00:07:18","date_gmt":"2025-12-11T22:07:18","guid":{"rendered":"https:\/\/www.measte.fi\/?post_type=product&#038;p=3069"},"modified":"2025-12-12T19:39:28","modified_gmt":"2025-12-12T17:39:28","slug":"virtalahde-2","status":"publish","type":"product","link":"https:\/\/www.measte.fi\/index.php\/tuote\/virtalahde-2\/","title":{"rendered":"Aplab LVE30\/2 DC-virtal\u00e4hde 0&#8230;30V\/0&#8230;2A"},"content":{"rendered":"<p>Aplab LVE30\/2 on lineaarinen, s\u00e4\u00e4dett\u00e4v\u00e4 DC-virtal\u00e4hde, joka on suunniteltu laboratorio- ja elektroniikkak\u00e4ytt\u00f6\u00f6n. Se tarjoaa tarkan j\u00e4nnitteen ja virran s\u00e4\u00e4d\u00f6n analogisten mittareiden ja erillisten karkeiden\/fine-s\u00e4\u00e4timien avulla.<\/p>\n<p>&#8211; J\u00e4nnitealue: 0\u201330 V DC<br \/>\n&#8211; Virta-alue: 0\u20132 A DC<br \/>\n&#8211; S\u00e4\u00e4t\u00f6: Karkea ja hienos\u00e4\u00e4t\u00f6 sek\u00e4 j\u00e4nnitteelle ett\u00e4 virralle<br \/>\n&#8211; Mittarit: Analogiset VOLT- ja AMPERE-mittarit etupaneelissa<br \/>\n&#8211; Toimintatila: Vakioj\u00e4nnite (CV) ja vakiovirta (CC)<br \/>\n&#8211; Liit\u00e4nn\u00e4t:<br \/>\n&#8211; ja \u2013 ulostulot<br \/>\n&#8211; GND (maadoitus)<br \/>\n&#8211; Virtakytkin<br \/>\n&#8211; K\u00e4ytt\u00f6tarkoitus: komponenttitestaus, piirien virransy\u00f6tt\u00f6, koulutus, huolto, prototyyppien rakentaminen<br \/>\n&#8211; Rakenne: metallikotelo, p\u00f6yt\u00e4malli, analoginen k\u00e4ytt\u00f6liittym\u00e4<br \/>\n&#8211; Valmistaja: Aplab Electronics, Intia<\/p>\n","protected":false},"excerpt":{"rendered":"<p>Aplab LVE30\/2 on laboratoriotason s\u00e4\u00e4dett\u00e4v\u00e4 DC-virtal\u00e4hde, joka tarjoaa 0\u201330 V j\u00e4nnitteen ja 0\u20132 A virran tarkalla analogisella ohjauksella. Soveltuu elektroniikan testaukseen, koulutusk\u00e4ytt\u00f6\u00f6n ja huoltoty\u00f6h\u00f6n.<\/p>\n","protected":false},"featured_media":2966,"template":"","meta":{"_uag_custom_page_level_css":"","site-sidebar-layout":"default","site-content-layout":"default","ast-site-content-layout":"default","site-content-style":"default","site-sidebar-style":"default","ast-global-header-display":"","ast-banner-title-visibility":"","ast-main-header-display":"","ast-hfb-above-header-display":"","ast-hfb-below-header-display":"","ast-hfb-mobile-header-display":"","site-post-title":"","ast-breadcrumbs-content":"","ast-featured-img":"","footer-sml-layout":"","ast-disable-related-posts":"","theme-transparent-header-meta":"default","adv-header-id-meta":"","stick-header-meta":"","header-above-stick-meta":"","header-main-stick-meta":"","header-below-stick-meta":"","astra-migrate-meta-layouts":"default","ast-page-background-enabled":"default","ast-page-background-meta":{"desktop":{"background-color":"var(--ast-global-color-4)","background-image":"","background-repeat":"repeat","background-position":"center center","background-size":"auto","background-attachment":"scroll","background-type":"","background-media":"","overlay-type":"","overlay-color":"","overlay-opacity":"","overlay-gradient":""},"tablet":{"background-color":"","background-image":"","background-repeat":"repeat","background-position":"center center","background-size":"auto","background-attachment":"scroll","background-type":"","background-media":"","overlay-type":"","overlay-color":"","overlay-opacity":"","overlay-gradient":""},"mobile":{"background-color":"","background-image":"","background-repeat":"repeat","background-position":"center center","background-size":"auto","background-attachment":"scroll","background-type":"","background-media":"","overlay-type":"","overlay-color":"","overlay-opacity":"","overlay-gradient":""}},"ast-content-background-meta":{"desktop":{"background-color":"var(--ast-global-color-5)","background-image":"","background-repeat":"repeat","background-position":"center center","background-size":"auto","background-attachment":"scroll","background-type":"","background-media":"","overlay-type":"","overlay-color":"","overlay-opacity":"","overlay-gradient":""},"tablet":{"background-color":"var(--ast-global-color-5)","background-image":"","background-repeat":"repeat","background-position":"center center","background-size":"auto","background-attachment":"scroll","background-type":"","background-media":"","overlay-type":"","overlay-color":"","overlay-opacity":"","overlay-gradient":""},"mobile":{"background-color":"var(--ast-global-color-5)","background-image":"","background-repeat":"repeat","background-position":"center center","background-size":"auto","background-attachment":"scroll","background-type":"","background-media":"","overlay-type":"","overlay-color":"","overlay-opacity":"","overlay-gradient":""}}},"product_brand":[],"product_cat":[39],"product_tag":[],"class_list":{"0":"post-3069","1":"product","2":"type-product","3":"status-publish","4":"has-post-thumbnail","6":"product_cat-mittalaitteet","7":"product_shipping_class-noutotuotteet","8":"desktop-align-center","9":"tablet-align-left","10":"mobile-align-left","12":"first","13":"instock","14":"sold-individually","15":"taxable","16":"shipping-taxable","17":"purchasable","18":"product-type-simple"},"aioseo_notices":[],"uagb_featured_image_src":{"full":["https:\/\/www.measte.fi\/wp-content\/uploads\/2025\/12\/1M7A1878-Edit.jpg",1600,1600,false],"thumbnail":["https:\/\/www.measte.fi\/wp-content\/uploads\/2025\/12\/1M7A1878-Edit-150x150.jpg",150,150,true],"medium":["https:\/\/www.measte.fi\/wp-content\/uploads\/2025\/12\/1M7A1878-Edit-300x300.jpg",300,300,true],"medium_large":["https:\/\/www.measte.fi\/wp-content\/uploads\/2025\/12\/1M7A1878-Edit-768x768.jpg",768,768,true],"large":["https:\/\/www.measte.fi\/wp-content\/uploads\/2025\/12\/1M7A1878-Edit-1024x1024.jpg",1024,1024,true],"1536x1536":["https:\/\/www.measte.fi\/wp-content\/uploads\/2025\/12\/1M7A1878-Edit-1536x1536.jpg",1536,1536,true],"2048x2048":["https:\/\/www.measte.fi\/wp-content\/uploads\/2025\/12\/1M7A1878-Edit.jpg",1600,1600,false],"woocommerce_thumbnail":["https:\/\/www.measte.fi\/wp-content\/uploads\/2025\/12\/1M7A1878-Edit-300x300.jpg",300,300,true],"woocommerce_single":["https:\/\/www.measte.fi\/wp-content\/uploads\/2025\/12\/1M7A1878-Edit-600x600.jpg",600,600,true],"woocommerce_gallery_thumbnail":["https:\/\/www.measte.fi\/wp-content\/uploads\/2025\/12\/1M7A1878-Edit-100x100.jpg",100,100,true]},"uagb_author_info":{"display_name":"admin","author_link":"https:\/\/www.measte.fi\/index.php\/author\/"},"uagb_comment_info":0,"uagb_excerpt":"Aplab LVE30\/2 on laboratoriotason s\u00e4\u00e4dett\u00e4v\u00e4 DC-virtal\u00e4hde, joka tarjoaa 0\u201330 V j\u00e4nnitteen ja 0\u20132 A virran tarkalla analogisella ohjauksella. Soveltuu elektroniikan testaukseen, koulutusk\u00e4ytt\u00f6\u00f6n ja huoltoty\u00f6h\u00f6n.","_links":{"self":[{"href":"https:\/\/www.measte.fi\/index.php\/wp-json\/wp\/v2\/product\/3069","targetHints":{"allow":["GET"]}}],"collection":[{"href":"https:\/\/www.measte.fi\/index.php\/wp-json\/wp\/v2\/product"}],"about":[{"href":"https:\/\/www.measte.fi\/index.php\/wp-json\/wp\/v2\/types\/product"}],"wp:featuredmedia":[{"embeddable":true,"href":"https:\/\/www.measte.fi\/index.php\/wp-json\/wp\/v2\/media\/2966"}],"wp:attachment":[{"href":"https:\/\/www.measte.fi\/index.php\/wp-json\/wp\/v2\/media?parent=3069"}],"wp:term":[{"taxonomy":"product_brand","embeddable":true,"href":"https:\/\/www.measte.fi\/index.php\/wp-json\/wp\/v2\/product_brand?post=3069"},{"taxonomy":"product_cat","embeddable":true,"href":"https:\/\/www.measte.fi\/index.php\/wp-json\/wp\/v2\/product_cat?post=3069"},{"taxonomy":"product_tag","embeddable":true,"href":"https:\/\/www.measte.fi\/index.php\/wp-json\/wp\/v2\/product_tag?post=3069"}],"curies":[{"name":"wp","href":"https:\/\/api.w.org\/{rel}","templated":true}]}}