{"id":3091,"date":"2025-12-12T01:01:08","date_gmt":"2025-12-11T23:01:08","guid":{"rendered":"https:\/\/www.measte.fi\/?post_type=product&#038;p=3091"},"modified":"2025-12-12T19:03:36","modified_gmt":"2025-12-12T17:03:36","slug":"nastarenkaat","status":"publish","type":"product","link":"https:\/\/www.measte.fi\/index.php\/tuote\/nastarenkaat\/","title":{"rendered":"Hakkapeliitta 185\/65 R15 vanteilla"},"content":{"rendered":"<p>Nokian Hakkapeliitta 4 on luotettava nastarengas Suomen talviolosuhteisiin. Malli on suunniteltu j\u00e4\u00e4- ja lumipidon maksimoimiseksi, ja sen pintakuvio sek\u00e4 nastoitus tarjoavat hyv\u00e4n ajovakauden kylmiss\u00e4 ja liukkaissa olosuhteissa.<\/p>\n<p>&#8211; Koko: 185\/65 R15<br \/>\n&#8211; Tyyppi: nastarengas, henkil\u00f6autoon<br \/>\n&#8211; Nastoitus: alkuper\u00e4inen, osittain kulunut<br \/>\n&#8211; Kulumisaste: noin 50 % (arvio)<br \/>\n&#8211; Sopivuus: yleinen koko esim. Toyota Corolla, VW Golf, Opel Astra<br \/>\n&#8211; K\u00e4ytt\u00f6tarkoitus: talviajo j\u00e4\u00e4ll\u00e4, lumella ja sohjoisilla teill\u00e4<br \/>\n&#8211; Valmistaja: Nokian Renkaat, Suomi<br \/>\n&#8211; Mallisarja: Hakkapeliitta 4 (valmistettu 2000-luvun alussa, ei en\u00e4\u00e4 tuotannossa)<\/p>\n<p>Vaikka malli on vanhempi, se tarjoaa edelleen kohtuullisen pidon ja ajoturvallisuuden, erityisesti taajama- ja m\u00f6kkik\u00e4yt\u00f6ss\u00e4. Nastojen ja pintakuvion kunto vaikuttavat merkitt\u00e4v\u00e4sti ajettavuuteen.<\/p>\n","protected":false},"excerpt":{"rendered":"<p>Nokian Hakkapeliitta 4 \u2011nastarenkaat, koko 185\/65 R15. Talvirenkaat henkil\u00f6autoon, noin 50 % kuluneet. Tarjoavat kohtuullisen pidon j\u00e4\u00e4ll\u00e4 ja lumella.<\/p>\n<p>Myyd\u00e4\u00e4n 4 kpl er\u00e4ss\u00e4<\/p>\n","protected":false},"featured_media":3084,"template":"","meta":{"_uag_custom_page_level_css":"","site-sidebar-layout":"default","site-content-layout":"default","ast-site-content-layout":"default","site-content-style":"default","site-sidebar-style":"default","ast-global-header-display":"","ast-banner-title-visibility":"","ast-main-header-display":"","ast-hfb-above-header-display":"","ast-hfb-below-header-display":"","ast-hfb-mobile-header-display":"","site-post-title":"","ast-breadcrumbs-content":"","ast-featured-img":"","footer-sml-layout":"","ast-disable-related-posts":"","theme-transparent-header-meta":"default","adv-header-id-meta":"","stick-header-meta":"","header-above-stick-meta":"","header-main-stick-meta":"","header-below-stick-meta":"","astra-migrate-meta-layouts":"default","ast-page-background-enabled":"default","ast-page-background-meta":{"desktop":{"background-color":"var(--ast-global-color-4)","background-image":"","background-repeat":"repeat","background-position":"center center","background-size":"auto","background-attachment":"scroll","background-type":"","background-media":"","overlay-type":"","overlay-color":"","overlay-opacity":"","overlay-gradient":""},"tablet":{"background-color":"","background-image":"","background-repeat":"repeat","background-position":"center center","background-size":"auto","background-attachment":"scroll","background-type":"","background-media":"","overlay-type":"","overlay-color":"","overlay-opacity":"","overlay-gradient":""},"mobile":{"background-color":"","background-image":"","background-repeat":"repeat","background-position":"center center","background-size":"auto","background-attachment":"scroll","background-type":"","background-media":"","overlay-type":"","overlay-color":"","overlay-opacity":"","overlay-gradient":""}},"ast-content-background-meta":{"desktop":{"background-color":"var(--ast-global-color-5)","background-image":"","background-repeat":"repeat","background-position":"center center","background-size":"auto","background-attachment":"scroll","background-type":"","background-media":"","overlay-type":"","overlay-color":"","overlay-opacity":"","overlay-gradient":""},"tablet":{"background-color":"var(--ast-global-color-5)","background-image":"","background-repeat":"repeat","background-position":"center center","background-size":"auto","background-attachment":"scroll","background-type":"","background-media":"","overlay-type":"","overlay-color":"","overlay-opacity":"","overlay-gradient":""},"mobile":{"background-color":"var(--ast-global-color-5)","background-image":"","background-repeat":"repeat","background-position":"center center","background-size":"auto","background-attachment":"scroll","background-type":"","background-media":"","overlay-type":"","overlay-color":"","overlay-opacity":"","overlay-gradient":""}}},"product_brand":[],"product_cat":[43],"product_tag":[],"class_list":{"0":"post-3091","1":"product","2":"type-product","3":"status-publish","4":"has-post-thumbnail","6":"product_cat-muut-rompetori","7":"product_shipping_class-noutotuotteet","8":"desktop-align-center","9":"tablet-align-left","10":"mobile-align-left","12":"first","13":"instock","14":"sold-individually","15":"taxable","16":"shipping-taxable","17":"purchasable","18":"product-type-simple"},"aioseo_notices":[],"uagb_featured_image_src":{"full":["https:\/\/www.measte.fi\/wp-content\/uploads\/2025\/12\/Kovamuovinen-sailytyslaatikko-4-1.jpg",1600,1600,false],"thumbnail":["https:\/\/www.measte.fi\/wp-content\/uploads\/2025\/12\/Kovamuovinen-sailytyslaatikko-4-1-150x150.jpg",150,150,true],"medium":["https:\/\/www.measte.fi\/wp-content\/uploads\/2025\/12\/Kovamuovinen-sailytyslaatikko-4-1-300x300.jpg",300,300,true],"medium_large":["https:\/\/www.measte.fi\/wp-content\/uploads\/2025\/12\/Kovamuovinen-sailytyslaatikko-4-1-768x768.jpg",768,768,true],"large":["https:\/\/www.measte.fi\/wp-content\/uploads\/2025\/12\/Kovamuovinen-sailytyslaatikko-4-1-1024x1024.jpg",1024,1024,true],"1536x1536":["https:\/\/www.measte.fi\/wp-content\/uploads\/2025\/12\/Kovamuovinen-sailytyslaatikko-4-1-1536x1536.jpg",1536,1536,true],"2048x2048":["https:\/\/www.measte.fi\/wp-content\/uploads\/2025\/12\/Kovamuovinen-sailytyslaatikko-4-1.jpg",1600,1600,false],"woocommerce_thumbnail":["https:\/\/www.measte.fi\/wp-content\/uploads\/2025\/12\/Kovamuovinen-sailytyslaatikko-4-1-300x300.jpg",300,300,true],"woocommerce_single":["https:\/\/www.measte.fi\/wp-content\/uploads\/2025\/12\/Kovamuovinen-sailytyslaatikko-4-1-600x600.jpg",600,600,true],"woocommerce_gallery_thumbnail":["https:\/\/www.measte.fi\/wp-content\/uploads\/2025\/12\/Kovamuovinen-sailytyslaatikko-4-1-100x100.jpg",100,100,true]},"uagb_author_info":{"display_name":"admin","author_link":"https:\/\/www.measte.fi\/index.php\/author\/"},"uagb_comment_info":0,"uagb_excerpt":"Nokian Hakkapeliitta 4 \u2011nastarenkaat, koko 185\/65 R15. Talvirenkaat henkil\u00f6autoon, noin 50 % kuluneet. Tarjoavat kohtuullisen pidon j\u00e4\u00e4ll\u00e4 ja lumella. Myyd\u00e4\u00e4n 4 kpl er\u00e4ss\u00e4","_links":{"self":[{"href":"https:\/\/www.measte.fi\/index.php\/wp-json\/wp\/v2\/product\/3091","targetHints":{"allow":["GET"]}}],"collection":[{"href":"https:\/\/www.measte.fi\/index.php\/wp-json\/wp\/v2\/product"}],"about":[{"href":"https:\/\/www.measte.fi\/index.php\/wp-json\/wp\/v2\/types\/product"}],"wp:featuredmedia":[{"embeddable":true,"href":"https:\/\/www.measte.fi\/index.php\/wp-json\/wp\/v2\/media\/3084"}],"wp:attachment":[{"href":"https:\/\/www.measte.fi\/index.php\/wp-json\/wp\/v2\/media?parent=3091"}],"wp:term":[{"taxonomy":"product_brand","embeddable":true,"href":"https:\/\/www.measte.fi\/index.php\/wp-json\/wp\/v2\/product_brand?post=3091"},{"taxonomy":"product_cat","embeddable":true,"href":"https:\/\/www.measte.fi\/index.php\/wp-json\/wp\/v2\/product_cat?post=3091"},{"taxonomy":"product_tag","embeddable":true,"href":"https:\/\/www.measte.fi\/index.php\/wp-json\/wp\/v2\/product_tag?post=3091"}],"curies":[{"name":"wp","href":"https:\/\/api.w.org\/{rel}","templated":true}]}}