{"id":3095,"date":"2025-12-12T01:26:19","date_gmt":"2025-12-11T23:26:19","guid":{"rendered":"https:\/\/www.measte.fi\/?post_type=product&#038;p=3095"},"modified":"2025-12-12T19:21:54","modified_gmt":"2025-12-12T17:21:54","slug":"kaksovea","status":"publish","type":"product","link":"https:\/\/www.measte.fi\/index.php\/tuote\/kaksovea\/","title":{"rendered":"Kaksi massiivipuista ovea"},"content":{"rendered":"<p>Kaksi massiivipuista kaapin tai komeron ovea, joissa on klassinen pystypaneelirakenne ja reunoista kehystetty syvennetty keskiosa.<\/p>\n<p>&#8211; Materiaali: luonnonpuu, mahdollisesti m\u00e4nty tai kuusi<br \/>\n&#8211; Viimeistely: lakkaamaton tai kevyesti k\u00e4sitelty, n\u00e4kyv\u00e4t oksakohdat ja puunsyyt<br \/>\n&#8211; Rakenne: kehystetty paneeli, sopii perinteiseen tai rustiikkiseen sisustukseen<br \/>\n&#8211; Kahvarei\u00e4t: valmiit poraukset vetimille tai lukitukselle<br \/>\n&#8211; K\u00e4ytt\u00f6tarkoitus: vaatekaapit, komerot, huonekalujen kunnostus, sisustuselementit<br \/>\n&#8211; Kunto: hyv\u00e4, ei n\u00e4kyvi\u00e4 halkeamia tai v\u00e4\u00e4ntymi\u00e4<br \/>\n&#8211; Asennus: soveltuu saranoitavaksi tai liukuovimekanismiin<\/p>\n","protected":false},"excerpt":{"rendered":"<p>Kaksi puista kaapinovea, pystypaneelirakenteella ja luonnollisella puupinnalla. Sopivat komeroihin, kaappeihin tai sisustusk\u00e4ytt\u00f6\u00f6n.<\/p>\n","protected":false},"featured_media":3077,"template":"","meta":{"_uag_custom_page_level_css":"","site-sidebar-layout":"default","site-content-layout":"default","ast-site-content-layout":"default","site-content-style":"default","site-sidebar-style":"default","ast-global-header-display":"","ast-banner-title-visibility":"","ast-main-header-display":"","ast-hfb-above-header-display":"","ast-hfb-below-header-display":"","ast-hfb-mobile-header-display":"","site-post-title":"","ast-breadcrumbs-content":"","ast-featured-img":"","footer-sml-layout":"","ast-disable-related-posts":"","theme-transparent-header-meta":"default","adv-header-id-meta":"","stick-header-meta":"","header-above-stick-meta":"","header-main-stick-meta":"","header-below-stick-meta":"","astra-migrate-meta-layouts":"default","ast-page-background-enabled":"default","ast-page-background-meta":{"desktop":{"background-color":"var(--ast-global-color-4)","background-image":"","background-repeat":"repeat","background-position":"center center","background-size":"auto","background-attachment":"scroll","background-type":"","background-media":"","overlay-type":"","overlay-color":"","overlay-opacity":"","overlay-gradient":""},"tablet":{"background-color":"","background-image":"","background-repeat":"repeat","background-position":"center center","background-size":"auto","background-attachment":"scroll","background-type":"","background-media":"","overlay-type":"","overlay-color":"","overlay-opacity":"","overlay-gradient":""},"mobile":{"background-color":"","background-image":"","background-repeat":"repeat","background-position":"center center","background-size":"auto","background-attachment":"scroll","background-type":"","background-media":"","overlay-type":"","overlay-color":"","overlay-opacity":"","overlay-gradient":""}},"ast-content-background-meta":{"desktop":{"background-color":"var(--ast-global-color-5)","background-image":"","background-repeat":"repeat","background-position":"center center","background-size":"auto","background-attachment":"scroll","background-type":"","background-media":"","overlay-type":"","overlay-color":"","overlay-opacity":"","overlay-gradient":""},"tablet":{"background-color":"var(--ast-global-color-5)","background-image":"","background-repeat":"repeat","background-position":"center center","background-size":"auto","background-attachment":"scroll","background-type":"","background-media":"","overlay-type":"","overlay-color":"","overlay-opacity":"","overlay-gradient":""},"mobile":{"background-color":"var(--ast-global-color-5)","background-image":"","background-repeat":"repeat","background-position":"center center","background-size":"auto","background-attachment":"scroll","background-type":"","background-media":"","overlay-type":"","overlay-color":"","overlay-opacity":"","overlay-gradient":""}}},"product_brand":[],"product_cat":[43],"product_tag":[],"class_list":{"0":"post-3095","1":"product","2":"type-product","3":"status-publish","4":"has-post-thumbnail","6":"product_cat-muut-rompetori","7":"product_shipping_class-noutotuotteet","8":"desktop-align-center","9":"tablet-align-left","10":"mobile-align-left","12":"first","13":"instock","14":"sold-individually","15":"taxable","16":"shipping-taxable","17":"purchasable","18":"product-type-simple"},"aioseo_notices":[],"uagb_featured_image_src":{"full":["https:\/\/www.measte.fi\/wp-content\/uploads\/2025\/12\/Kovamuovinen-sailytyslaatikko-11-1.jpg",1600,1600,false],"thumbnail":["https:\/\/www.measte.fi\/wp-content\/uploads\/2025\/12\/Kovamuovinen-sailytyslaatikko-11-1-150x150.jpg",150,150,true],"medium":["https:\/\/www.measte.fi\/wp-content\/uploads\/2025\/12\/Kovamuovinen-sailytyslaatikko-11-1-300x300.jpg",300,300,true],"medium_large":["https:\/\/www.measte.fi\/wp-content\/uploads\/2025\/12\/Kovamuovinen-sailytyslaatikko-11-1-768x768.jpg",768,768,true],"large":["https:\/\/www.measte.fi\/wp-content\/uploads\/2025\/12\/Kovamuovinen-sailytyslaatikko-11-1-1024x1024.jpg",1024,1024,true],"1536x1536":["https:\/\/www.measte.fi\/wp-content\/uploads\/2025\/12\/Kovamuovinen-sailytyslaatikko-11-1-1536x1536.jpg",1536,1536,true],"2048x2048":["https:\/\/www.measte.fi\/wp-content\/uploads\/2025\/12\/Kovamuovinen-sailytyslaatikko-11-1.jpg",1600,1600,false],"woocommerce_thumbnail":["https:\/\/www.measte.fi\/wp-content\/uploads\/2025\/12\/Kovamuovinen-sailytyslaatikko-11-1-300x300.jpg",300,300,true],"woocommerce_single":["https:\/\/www.measte.fi\/wp-content\/uploads\/2025\/12\/Kovamuovinen-sailytyslaatikko-11-1-600x600.jpg",600,600,true],"woocommerce_gallery_thumbnail":["https:\/\/www.measte.fi\/wp-content\/uploads\/2025\/12\/Kovamuovinen-sailytyslaatikko-11-1-100x100.jpg",100,100,true]},"uagb_author_info":{"display_name":"admin","author_link":"https:\/\/www.measte.fi\/index.php\/author\/"},"uagb_comment_info":0,"uagb_excerpt":"Kaksi puista kaapinovea, pystypaneelirakenteella ja luonnollisella puupinnalla. Sopivat komeroihin, kaappeihin tai sisustusk\u00e4ytt\u00f6\u00f6n.","_links":{"self":[{"href":"https:\/\/www.measte.fi\/index.php\/wp-json\/wp\/v2\/product\/3095","targetHints":{"allow":["GET"]}}],"collection":[{"href":"https:\/\/www.measte.fi\/index.php\/wp-json\/wp\/v2\/product"}],"about":[{"href":"https:\/\/www.measte.fi\/index.php\/wp-json\/wp\/v2\/types\/product"}],"wp:featuredmedia":[{"embeddable":true,"href":"https:\/\/www.measte.fi\/index.php\/wp-json\/wp\/v2\/media\/3077"}],"wp:attachment":[{"href":"https:\/\/www.measte.fi\/index.php\/wp-json\/wp\/v2\/media?parent=3095"}],"wp:term":[{"taxonomy":"product_brand","embeddable":true,"href":"https:\/\/www.measte.fi\/index.php\/wp-json\/wp\/v2\/product_brand?post=3095"},{"taxonomy":"product_cat","embeddable":true,"href":"https:\/\/www.measte.fi\/index.php\/wp-json\/wp\/v2\/product_cat?post=3095"},{"taxonomy":"product_tag","embeddable":true,"href":"https:\/\/www.measte.fi\/index.php\/wp-json\/wp\/v2\/product_tag?post=3095"}],"curies":[{"name":"wp","href":"https:\/\/api.w.org\/{rel}","templated":true}]}}