{"id":3099,"date":"2025-12-12T01:45:21","date_gmt":"2025-12-11T23:45:21","guid":{"rendered":"https:\/\/www.measte.fi\/?post_type=product&#038;p=3099"},"modified":"2025-12-12T19:27:40","modified_gmt":"2025-12-12T17:27:40","slug":"lampoputket","status":"publish","type":"product","link":"https:\/\/www.measte.fi\/index.php\/tuote\/lampoputket\/","title":{"rendered":"Aurikol\u00e4mp\u00f6ker\u00e4in-putki paketti"},"content":{"rendered":"<p>Evakuoituihin lasiputkiin perustuva aurinkol\u00e4mp\u00f6ker\u00e4in, jossa jokainen putki sis\u00e4lt\u00e4\u00e4 kuparisen l\u00e4mp\u00f6putken (heat pipe).<\/p>\n<p>&#8211; Rakenne:<br \/>\n&#8211; 5 \u00d7 evakuoitua lasiputkea<br \/>\n&#8211; Kuparil\u00e4mp\u00f6putket, joissa kondenssip\u00e4\u00e4 metallikorkilla<br \/>\n&#8211; Punaiset tiivisteet ja kiinnityskorkit<br \/>\n&#8211; Puinen kehikko kuljetusta tai s\u00e4ilytyst\u00e4 varten<br \/>\n&#8211; Toimintaperiaate:<br \/>\n&#8211; Auringon s\u00e4teily l\u00e4mmitt\u00e4\u00e4 sis\u00e4putken<br \/>\n&#8211; Kupariputken sis\u00e4ll\u00e4 oleva neste h\u00f6yrystyy ja siirt\u00e4\u00e4 l\u00e4mm\u00f6n yl\u00e4p\u00e4\u00e4h\u00e4n<br \/>\n&#8211; Kondenssip\u00e4\u00e4 luovuttaa l\u00e4mm\u00f6n ker\u00e4imen jakotukkiin<br \/>\n&#8211; K\u00e4ytt\u00f6tarkoitus:<br \/>\n&#8211; K\u00e4ytt\u00f6veden esil\u00e4mmitys<br \/>\n&#8211; Lattial\u00e4mmityksen tukij\u00e4rjestelm\u00e4<br \/>\n&#8211; M\u00f6kki- tai off-grid-ratkaisut<br \/>\n&#8211; Hy\u00f6tysuhde: korkea kylmiss\u00e4kin olosuhteissa, koska evakuointi v\u00e4hent\u00e4\u00e4 l\u00e4mp\u00f6h\u00e4vi\u00f6it\u00e4<br \/>\n&#8211; Yhteensopivuus: painovoimaiset tai paineistetut j\u00e4rjestelm\u00e4t, glykolikierto tai varaaja<\/p>\n","protected":false},"excerpt":{"rendered":"<p>Evakuoidut lasiputket kuparil\u00e4mp\u00f6putkilla, osa aurinkol\u00e4mp\u00f6ker\u00e4int\u00e4. Soveltuvat veden tai l\u00e4mm\u00f6nsiirtonesteen l\u00e4mmitykseen uusiutuvalla energialla.<\/p>\n","protected":false},"featured_media":3081,"template":"","meta":{"_uag_custom_page_level_css":"","site-sidebar-layout":"default","site-content-layout":"default","ast-site-content-layout":"default","site-content-style":"default","site-sidebar-style":"default","ast-global-header-display":"","ast-banner-title-visibility":"","ast-main-header-display":"","ast-hfb-above-header-display":"","ast-hfb-below-header-display":"","ast-hfb-mobile-header-display":"","site-post-title":"","ast-breadcrumbs-content":"","ast-featured-img":"","footer-sml-layout":"","ast-disable-related-posts":"","theme-transparent-header-meta":"default","adv-header-id-meta":"","stick-header-meta":"","header-above-stick-meta":"","header-main-stick-meta":"","header-below-stick-meta":"","astra-migrate-meta-layouts":"default","ast-page-background-enabled":"default","ast-page-background-meta":{"desktop":{"background-color":"var(--ast-global-color-4)","background-image":"","background-repeat":"repeat","background-position":"center center","background-size":"auto","background-attachment":"scroll","background-type":"","background-media":"","overlay-type":"","overlay-color":"","overlay-opacity":"","overlay-gradient":""},"tablet":{"background-color":"","background-image":"","background-repeat":"repeat","background-position":"center center","background-size":"auto","background-attachment":"scroll","background-type":"","background-media":"","overlay-type":"","overlay-color":"","overlay-opacity":"","overlay-gradient":""},"mobile":{"background-color":"","background-image":"","background-repeat":"repeat","background-position":"center center","background-size":"auto","background-attachment":"scroll","background-type":"","background-media":"","overlay-type":"","overlay-color":"","overlay-opacity":"","overlay-gradient":""}},"ast-content-background-meta":{"desktop":{"background-color":"var(--ast-global-color-5)","background-image":"","background-repeat":"repeat","background-position":"center center","background-size":"auto","background-attachment":"scroll","background-type":"","background-media":"","overlay-type":"","overlay-color":"","overlay-opacity":"","overlay-gradient":""},"tablet":{"background-color":"var(--ast-global-color-5)","background-image":"","background-repeat":"repeat","background-position":"center center","background-size":"auto","background-attachment":"scroll","background-type":"","background-media":"","overlay-type":"","overlay-color":"","overlay-opacity":"","overlay-gradient":""},"mobile":{"background-color":"var(--ast-global-color-5)","background-image":"","background-repeat":"repeat","background-position":"center center","background-size":"auto","background-attachment":"scroll","background-type":"","background-media":"","overlay-type":"","overlay-color":"","overlay-opacity":"","overlay-gradient":""}}},"product_brand":[],"product_cat":[44],"product_tag":[],"class_list":{"0":"post-3099","1":"product","2":"type-product","3":"status-publish","4":"has-post-thumbnail","6":"product_cat-enaergia","7":"product_shipping_class-noutotuotteet","8":"desktop-align-center","9":"tablet-align-left","10":"mobile-align-left","12":"first","13":"instock","14":"sold-individually","15":"taxable","16":"shipping-taxable","17":"purchasable","18":"product-type-simple"},"aioseo_notices":[],"uagb_featured_image_src":{"full":["https:\/\/www.measte.fi\/wp-content\/uploads\/2025\/12\/Kovamuovinen-sailytyslaatikko-15-1.jpg",1600,1600,false],"thumbnail":["https:\/\/www.measte.fi\/wp-content\/uploads\/2025\/12\/Kovamuovinen-sailytyslaatikko-15-1-150x150.jpg",150,150,true],"medium":["https:\/\/www.measte.fi\/wp-content\/uploads\/2025\/12\/Kovamuovinen-sailytyslaatikko-15-1-300x300.jpg",300,300,true],"medium_large":["https:\/\/www.measte.fi\/wp-content\/uploads\/2025\/12\/Kovamuovinen-sailytyslaatikko-15-1-768x768.jpg",768,768,true],"large":["https:\/\/www.measte.fi\/wp-content\/uploads\/2025\/12\/Kovamuovinen-sailytyslaatikko-15-1-1024x1024.jpg",1024,1024,true],"1536x1536":["https:\/\/www.measte.fi\/wp-content\/uploads\/2025\/12\/Kovamuovinen-sailytyslaatikko-15-1-1536x1536.jpg",1536,1536,true],"2048x2048":["https:\/\/www.measte.fi\/wp-content\/uploads\/2025\/12\/Kovamuovinen-sailytyslaatikko-15-1.jpg",1600,1600,false],"woocommerce_thumbnail":["https:\/\/www.measte.fi\/wp-content\/uploads\/2025\/12\/Kovamuovinen-sailytyslaatikko-15-1-300x300.jpg",300,300,true],"woocommerce_single":["https:\/\/www.measte.fi\/wp-content\/uploads\/2025\/12\/Kovamuovinen-sailytyslaatikko-15-1-600x600.jpg",600,600,true],"woocommerce_gallery_thumbnail":["https:\/\/www.measte.fi\/wp-content\/uploads\/2025\/12\/Kovamuovinen-sailytyslaatikko-15-1-100x100.jpg",100,100,true]},"uagb_author_info":{"display_name":"admin","author_link":"https:\/\/www.measte.fi\/index.php\/author\/"},"uagb_comment_info":0,"uagb_excerpt":"Evakuoidut lasiputket kuparil\u00e4mp\u00f6putkilla, osa aurinkol\u00e4mp\u00f6ker\u00e4int\u00e4. Soveltuvat veden tai l\u00e4mm\u00f6nsiirtonesteen l\u00e4mmitykseen uusiutuvalla energialla.","_links":{"self":[{"href":"https:\/\/www.measte.fi\/index.php\/wp-json\/wp\/v2\/product\/3099","targetHints":{"allow":["GET"]}}],"collection":[{"href":"https:\/\/www.measte.fi\/index.php\/wp-json\/wp\/v2\/product"}],"about":[{"href":"https:\/\/www.measte.fi\/index.php\/wp-json\/wp\/v2\/types\/product"}],"wp:featuredmedia":[{"embeddable":true,"href":"https:\/\/www.measte.fi\/index.php\/wp-json\/wp\/v2\/media\/3081"}],"wp:attachment":[{"href":"https:\/\/www.measte.fi\/index.php\/wp-json\/wp\/v2\/media?parent=3099"}],"wp:term":[{"taxonomy":"product_brand","embeddable":true,"href":"https:\/\/www.measte.fi\/index.php\/wp-json\/wp\/v2\/product_brand?post=3099"},{"taxonomy":"product_cat","embeddable":true,"href":"https:\/\/www.measte.fi\/index.php\/wp-json\/wp\/v2\/product_cat?post=3099"},{"taxonomy":"product_tag","embeddable":true,"href":"https:\/\/www.measte.fi\/index.php\/wp-json\/wp\/v2\/product_tag?post=3099"}],"curies":[{"name":"wp","href":"https:\/\/api.w.org\/{rel}","templated":true}]}}