{"id":3126,"date":"2025-12-13T10:38:57","date_gmt":"2025-12-13T08:38:57","guid":{"rendered":"https:\/\/www.measte.fi\/?post_type=product&#038;p=3126"},"modified":"2025-12-16T11:35:36","modified_gmt":"2025-12-16T09:35:36","slug":"mustavalko-tv","status":"publish","type":"product","link":"https:\/\/www.measte.fi\/index.php\/tuote\/mustavalko-tv\/","title":{"rendered":"Mustavalkotelevisio"},"content":{"rendered":"<p>T\u00e4m\u00e4 Grundigin valmistama mustavalkotelevisio edustaa 1970-luvun saksalaista elektroniikkaosaamista. Kompaktissa kotelossa on kaareva CRT-n\u00e4ytt\u00f6, mekaaniset s\u00e4\u00e4timet ja klassinen tumma muovikuori. Laite sopii erinomaisesti retrohenkiseen sisustukseen, elokuvarekvisiitaksi tai ker\u00e4ilykokoelmaan.<\/p>\n<p>Vaikka tarkkaa mallinumeroa ei ole saatavilla, ulkon\u00e4k\u00f6 viittaa Grundigin Fernseh-Boy P 1203 -sarjaan tai vastaavaan aikakauden malliin. Tekniset tiedot perustuvat tyypillisiin ominaisuuksiin saman aikakauden Grundig-televisioista.<\/p>\n<p>Tekniset tiedot:<br \/>\n&#8211; Paino: 8\u201310 kg<br \/>\n&#8211; Virtal\u00e4hde: 220 VAC<br \/>\n&#8211; N\u00e4ytt\u00f6: CRT, mustavalkoinen<br \/>\n&#8211; N\u00e4yt\u00f6n koko: noin 12\u201314 tuumaa<br \/>\n&#8211; Valmistusvuosi: arviolta 1970-luku<br \/>\n&#8211; Taajuusalueet: VHF (analoginen vastaanotto)<br \/>\n&#8211; Elektroniikka: muutama elektroniikkaputki ja useita transistoreita<br \/>\n&#8211; Kaukos\u00e4\u00e4din: ei, mahdollisesti johdollinen s\u00e4\u00e4t\u00f6liit\u00e4nt\u00e4<br \/>\n&#8211; Liit\u00e4nn\u00e4t: antennitulo, joissain malleissa Fernregler-portti<br \/>\n&#8211; Kotelon materiaali: tumma muovi<br \/>\n&#8211; K\u00e4ytt\u00f6tarkoitus: televisiol\u00e4hetysten vastaanotto, nykyisin retro-\/ker\u00e4ilyk\u00e4ytt\u00f6<\/p>\n","protected":false},"excerpt":{"rendered":"<p>Grundig-merkkinen vintage-mustavalkotelevisio 1970-luvulta. Tyylik\u00e4s aikakauden muotoilu ja toimiva ker\u00e4ilyesine nostalgian yst\u00e4ville.<\/p>\n","protected":false},"featured_media":3110,"template":"","meta":{"_uag_custom_page_level_css":"","site-sidebar-layout":"default","site-content-layout":"default","ast-site-content-layout":"default","site-content-style":"default","site-sidebar-style":"default","ast-global-header-display":"","ast-banner-title-visibility":"","ast-main-header-display":"","ast-hfb-above-header-display":"","ast-hfb-below-header-display":"","ast-hfb-mobile-header-display":"","site-post-title":"","ast-breadcrumbs-content":"","ast-featured-img":"","footer-sml-layout":"","ast-disable-related-posts":"","theme-transparent-header-meta":"default","adv-header-id-meta":"","stick-header-meta":"","header-above-stick-meta":"","header-main-stick-meta":"","header-below-stick-meta":"","astra-migrate-meta-layouts":"set","ast-page-background-enabled":"default","ast-page-background-meta":{"desktop":{"background-color":"var(--ast-global-color-4)","background-image":"","background-repeat":"repeat","background-position":"center center","background-size":"auto","background-attachment":"scroll","background-type":"","background-media":"","overlay-type":"","overlay-color":"","overlay-opacity":"","overlay-gradient":""},"tablet":{"background-color":"","background-image":"","background-repeat":"repeat","background-position":"center center","background-size":"auto","background-attachment":"scroll","background-type":"","background-media":"","overlay-type":"","overlay-color":"","overlay-opacity":"","overlay-gradient":""},"mobile":{"background-color":"","background-image":"","background-repeat":"repeat","background-position":"center center","background-size":"auto","background-attachment":"scroll","background-type":"","background-media":"","overlay-type":"","overlay-color":"","overlay-opacity":"","overlay-gradient":""}},"ast-content-background-meta":{"desktop":{"background-color":"var(--ast-global-color-5)","background-image":"","background-repeat":"repeat","background-position":"center center","background-size":"auto","background-attachment":"scroll","background-type":"","background-media":"","overlay-type":"","overlay-color":"","overlay-opacity":"","overlay-gradient":""},"tablet":{"background-color":"var(--ast-global-color-5)","background-image":"","background-repeat":"repeat","background-position":"center center","background-size":"auto","background-attachment":"scroll","background-type":"","background-media":"","overlay-type":"","overlay-color":"","overlay-opacity":"","overlay-gradient":""},"mobile":{"background-color":"var(--ast-global-color-5)","background-image":"","background-repeat":"repeat","background-position":"center center","background-size":"auto","background-attachment":"scroll","background-type":"","background-media":"","overlay-type":"","overlay-color":"","overlay-opacity":"","overlay-gradient":""}}},"product_brand":[],"product_cat":[37],"product_tag":[],"class_list":{"0":"post-3126","1":"product","2":"type-product","3":"status-publish","4":"has-post-thumbnail","6":"product_cat-kuva-aani","7":"product_shipping_class-noutotuotteet","8":"desktop-align-center","9":"tablet-align-left","10":"mobile-align-left","12":"first","13":"instock","14":"sold-individually","15":"taxable","16":"shipping-taxable","17":"purchasable","18":"product-type-simple"},"aioseo_notices":[],"uagb_featured_image_src":{"full":["https:\/\/www.measte.fi\/wp-content\/uploads\/2025\/12\/1M7A9310-Edit-1.jpg",1600,1600,false],"thumbnail":["https:\/\/www.measte.fi\/wp-content\/uploads\/2025\/12\/1M7A9310-Edit-1-150x150.jpg",150,150,true],"medium":["https:\/\/www.measte.fi\/wp-content\/uploads\/2025\/12\/1M7A9310-Edit-1-300x300.jpg",300,300,true],"medium_large":["https:\/\/www.measte.fi\/wp-content\/uploads\/2025\/12\/1M7A9310-Edit-1-768x768.jpg",768,768,true],"large":["https:\/\/www.measte.fi\/wp-content\/uploads\/2025\/12\/1M7A9310-Edit-1-1024x1024.jpg",1024,1024,true],"1536x1536":["https:\/\/www.measte.fi\/wp-content\/uploads\/2025\/12\/1M7A9310-Edit-1-1536x1536.jpg",1536,1536,true],"2048x2048":["https:\/\/www.measte.fi\/wp-content\/uploads\/2025\/12\/1M7A9310-Edit-1.jpg",1600,1600,false],"woocommerce_thumbnail":["https:\/\/www.measte.fi\/wp-content\/uploads\/2025\/12\/1M7A9310-Edit-1-300x300.jpg",300,300,true],"woocommerce_single":["https:\/\/www.measte.fi\/wp-content\/uploads\/2025\/12\/1M7A9310-Edit-1-600x600.jpg",600,600,true],"woocommerce_gallery_thumbnail":["https:\/\/www.measte.fi\/wp-content\/uploads\/2025\/12\/1M7A9310-Edit-1-100x100.jpg",100,100,true]},"uagb_author_info":{"display_name":"admin","author_link":"https:\/\/www.measte.fi\/index.php\/author\/"},"uagb_comment_info":0,"uagb_excerpt":"Grundig-merkkinen vintage-mustavalkotelevisio 1970-luvulta. Tyylik\u00e4s aikakauden muotoilu ja toimiva ker\u00e4ilyesine nostalgian yst\u00e4ville.","_links":{"self":[{"href":"https:\/\/www.measte.fi\/index.php\/wp-json\/wp\/v2\/product\/3126","targetHints":{"allow":["GET"]}}],"collection":[{"href":"https:\/\/www.measte.fi\/index.php\/wp-json\/wp\/v2\/product"}],"about":[{"href":"https:\/\/www.measte.fi\/index.php\/wp-json\/wp\/v2\/types\/product"}],"wp:featuredmedia":[{"embeddable":true,"href":"https:\/\/www.measte.fi\/index.php\/wp-json\/wp\/v2\/media\/3110"}],"wp:attachment":[{"href":"https:\/\/www.measte.fi\/index.php\/wp-json\/wp\/v2\/media?parent=3126"}],"wp:term":[{"taxonomy":"product_brand","embeddable":true,"href":"https:\/\/www.measte.fi\/index.php\/wp-json\/wp\/v2\/product_brand?post=3126"},{"taxonomy":"product_cat","embeddable":true,"href":"https:\/\/www.measte.fi\/index.php\/wp-json\/wp\/v2\/product_cat?post=3126"},{"taxonomy":"product_tag","embeddable":true,"href":"https:\/\/www.measte.fi\/index.php\/wp-json\/wp\/v2\/product_tag?post=3126"}],"curies":[{"name":"wp","href":"https:\/\/api.w.org\/{rel}","templated":true}]}}