{"id":3129,"date":"2025-12-13T11:04:47","date_gmt":"2025-12-13T09:04:47","guid":{"rendered":"https:\/\/www.measte.fi\/?post_type=product&#038;p=3129"},"modified":"2025-12-13T11:25:14","modified_gmt":"2025-12-13T09:25:14","slug":"humax-cx-1201","status":"publish","type":"product","link":"https:\/\/www.measte.fi\/index.php\/tuote\/humax-cx-1201\/","title":{"rendered":"HUMAX CX-1201 Conax-digivastaanotin kaapeliverkkoon"},"content":{"rendered":"<p>HUMAX CX-1201 on digitaalinen kaapeli-TV-vastaanotin, joka tukee DVB-C-standardia ja Conax-salausta. Laite on suunniteltu pelkk\u00e4\u00e4n katseluun, eik\u00e4 sis\u00e4ll\u00e4 tallennus- tai USB-toimintoja. Etupaneelissa on CH+ ja CH\u2013 painikkeet, segmenttin\u00e4ytt\u00f6 kanavanumerolle sek\u00e4 korttipaikka Conax-kortille. Mukana tulee alkuper\u00e4inen kaukos\u00e4\u00e4din. Soveltuu vanhojen kaapeliverkkojen katseluun tai ker\u00e4ilyk\u00e4ytt\u00f6\u00f6n.<\/p>\n<p>T\u00e4m\u00e4 laite ei tue HD-l\u00e4hetyksi\u00e4 eik\u00e4 nykyaikaisia liit\u00e4nt\u00f6j\u00e4 kuten HDMI tai USB. <\/p>\n<p>Tekniset tiedot:<br \/>\n&#8211; Paino: noin 1,5\u20132 kg<br \/>\n&#8211; Virtal\u00e4hde: 230 VAC<br \/>\n&#8211; Virittimi\u00e4: 1 (DVB-C, kaapeliverkko)<br \/>\n&#8211; Videol\u00e4ht\u00f6: SCART (RGB, CVBS)<br \/>\n&#8211; HDMI: ei<br \/>\n&#8211; Digitaalinen \u00e4\u00e4ni: optinen Toslink<br \/>\n&#8211; Teksti-TV: ei<br \/>\n&#8211; Tekstitys: kyll\u00e4<br \/>\n&#8211; Tallennusmahdollisuus: ei<br \/>\n&#8211; USB-liit\u00e4nt\u00e4: ei<br \/>\n&#8211; Ethernet: ei<br \/>\n&#8211; RS-232: ei<br \/>\n&#8211; CI-paikka: 1 kpl (Conax Embedded \u2013 ei vaihdettavissa)<br \/>\n&#8211; N\u00e4ytt\u00f6: segmenttin\u00e4ytt\u00f6 edess\u00e4, kanavanumerolle<br \/>\n&#8211; Ohjaus: CH+ ja CH\u2013 painikkeet etupaneelissa, mukana kaukos\u00e4\u00e4din<br \/>\n&#8211; K\u00e4ytt\u00f6tarkoitus: salattujen kaapelikanavien katselu Conax-kortilla<br \/>\n&#8211; Valmistusvuosi: arviolta 2005\u20132007<br \/>\n&#8211; Materiaali: musta muovikotelo, tuuletusaukot yl\u00e4osassa<\/p>\n","protected":false},"excerpt":{"rendered":"<p>HUMAX CX-1201 Conax-digivastaanotin kaapeliverkkoon. Tukee salattujen DVB-C-kanavien katselua Conax-kortilla. Ei tallennusominaisuuksia.<\/p>\n","protected":false},"featured_media":3111,"template":"","meta":{"_uag_custom_page_level_css":"","site-sidebar-layout":"default","site-content-layout":"default","ast-site-content-layout":"default","site-content-style":"default","site-sidebar-style":"default","ast-global-header-display":"","ast-banner-title-visibility":"","ast-main-header-display":"","ast-hfb-above-header-display":"","ast-hfb-below-header-display":"","ast-hfb-mobile-header-display":"","site-post-title":"","ast-breadcrumbs-content":"","ast-featured-img":"","footer-sml-layout":"","ast-disable-related-posts":"","theme-transparent-header-meta":"default","adv-header-id-meta":"","stick-header-meta":"","header-above-stick-meta":"","header-main-stick-meta":"","header-below-stick-meta":"","astra-migrate-meta-layouts":"set","ast-page-background-enabled":"default","ast-page-background-meta":{"desktop":{"background-color":"var(--ast-global-color-4)","background-image":"","background-repeat":"repeat","background-position":"center center","background-size":"auto","background-attachment":"scroll","background-type":"","background-media":"","overlay-type":"","overlay-color":"","overlay-opacity":"","overlay-gradient":""},"tablet":{"background-color":"","background-image":"","background-repeat":"repeat","background-position":"center center","background-size":"auto","background-attachment":"scroll","background-type":"","background-media":"","overlay-type":"","overlay-color":"","overlay-opacity":"","overlay-gradient":""},"mobile":{"background-color":"","background-image":"","background-repeat":"repeat","background-position":"center center","background-size":"auto","background-attachment":"scroll","background-type":"","background-media":"","overlay-type":"","overlay-color":"","overlay-opacity":"","overlay-gradient":""}},"ast-content-background-meta":{"desktop":{"background-color":"var(--ast-global-color-5)","background-image":"","background-repeat":"repeat","background-position":"center center","background-size":"auto","background-attachment":"scroll","background-type":"","background-media":"","overlay-type":"","overlay-color":"","overlay-opacity":"","overlay-gradient":""},"tablet":{"background-color":"var(--ast-global-color-5)","background-image":"","background-repeat":"repeat","background-position":"center center","background-size":"auto","background-attachment":"scroll","background-type":"","background-media":"","overlay-type":"","overlay-color":"","overlay-opacity":"","overlay-gradient":""},"mobile":{"background-color":"var(--ast-global-color-5)","background-image":"","background-repeat":"repeat","background-position":"center center","background-size":"auto","background-attachment":"scroll","background-type":"","background-media":"","overlay-type":"","overlay-color":"","overlay-opacity":"","overlay-gradient":""}}},"product_brand":[],"product_cat":[37],"product_tag":[],"class_list":{"0":"post-3129","1":"product","2":"type-product","3":"status-publish","4":"has-post-thumbnail","6":"product_cat-kuva-aani","7":"product_shipping_class-noutotuotteet","8":"desktop-align-center","9":"tablet-align-left","10":"mobile-align-left","12":"first","13":"instock","14":"sold-individually","15":"taxable","16":"shipping-taxable","17":"purchasable","18":"product-type-simple"},"aioseo_notices":[],"uagb_featured_image_src":{"full":["https:\/\/www.measte.fi\/wp-content\/uploads\/2025\/12\/1M7A9311-Edit.jpg",1600,1600,false],"thumbnail":["https:\/\/www.measte.fi\/wp-content\/uploads\/2025\/12\/1M7A9311-Edit-150x150.jpg",150,150,true],"medium":["https:\/\/www.measte.fi\/wp-content\/uploads\/2025\/12\/1M7A9311-Edit-300x300.jpg",300,300,true],"medium_large":["https:\/\/www.measte.fi\/wp-content\/uploads\/2025\/12\/1M7A9311-Edit-768x768.jpg",768,768,true],"large":["https:\/\/www.measte.fi\/wp-content\/uploads\/2025\/12\/1M7A9311-Edit-1024x1024.jpg",1024,1024,true],"1536x1536":["https:\/\/www.measte.fi\/wp-content\/uploads\/2025\/12\/1M7A9311-Edit-1536x1536.jpg",1536,1536,true],"2048x2048":["https:\/\/www.measte.fi\/wp-content\/uploads\/2025\/12\/1M7A9311-Edit.jpg",1600,1600,false],"woocommerce_thumbnail":["https:\/\/www.measte.fi\/wp-content\/uploads\/2025\/12\/1M7A9311-Edit-300x300.jpg",300,300,true],"woocommerce_single":["https:\/\/www.measte.fi\/wp-content\/uploads\/2025\/12\/1M7A9311-Edit-600x600.jpg",600,600,true],"woocommerce_gallery_thumbnail":["https:\/\/www.measte.fi\/wp-content\/uploads\/2025\/12\/1M7A9311-Edit-100x100.jpg",100,100,true]},"uagb_author_info":{"display_name":"admin","author_link":"https:\/\/www.measte.fi\/index.php\/author\/"},"uagb_comment_info":0,"uagb_excerpt":"HUMAX CX-1201 Conax-digivastaanotin kaapeliverkkoon. Tukee salattujen DVB-C-kanavien katselua Conax-kortilla. Ei tallennusominaisuuksia.","_links":{"self":[{"href":"https:\/\/www.measte.fi\/index.php\/wp-json\/wp\/v2\/product\/3129","targetHints":{"allow":["GET"]}}],"collection":[{"href":"https:\/\/www.measte.fi\/index.php\/wp-json\/wp\/v2\/product"}],"about":[{"href":"https:\/\/www.measte.fi\/index.php\/wp-json\/wp\/v2\/types\/product"}],"wp:featuredmedia":[{"embeddable":true,"href":"https:\/\/www.measte.fi\/index.php\/wp-json\/wp\/v2\/media\/3111"}],"wp:attachment":[{"href":"https:\/\/www.measte.fi\/index.php\/wp-json\/wp\/v2\/media?parent=3129"}],"wp:term":[{"taxonomy":"product_brand","embeddable":true,"href":"https:\/\/www.measte.fi\/index.php\/wp-json\/wp\/v2\/product_brand?post=3129"},{"taxonomy":"product_cat","embeddable":true,"href":"https:\/\/www.measte.fi\/index.php\/wp-json\/wp\/v2\/product_cat?post=3129"},{"taxonomy":"product_tag","embeddable":true,"href":"https:\/\/www.measte.fi\/index.php\/wp-json\/wp\/v2\/product_tag?post=3129"}],"curies":[{"name":"wp","href":"https:\/\/api.w.org\/{rel}","templated":true}]}}