{"id":3130,"date":"2025-12-13T11:05:33","date_gmt":"2025-12-13T09:05:33","guid":{"rendered":"https:\/\/www.measte.fi\/?post_type=product&#038;p=3130"},"modified":"2025-12-13T13:02:45","modified_gmt":"2025-12-13T11:02:45","slug":"aggregaatin-etupaneeli-osiksi","status":"publish","type":"product","link":"https:\/\/www.measte.fi\/index.php\/tuote\/aggregaatin-etupaneeli-osiksi\/","title":{"rendered":"Aggregaatin etupaneeli"},"content":{"rendered":"<p>Myynniss\u00e4 aggregaatin etupaneeli osak\u00e4ytt\u00f6\u00f6n tai varaosiksi. Paneeli sis\u00e4lt\u00e4\u00e4 useita toiminnallisia komponentteja, kuten j\u00e4nnitemittarin, \u00f6ljyvaroituslampun, virtakytkimen, sulakkeen, sek\u00e4 AC- ja DC-pistorasiat. Paneeli soveltuu esimerkiksi varaosiksi generaattorin korjaukseen tai projektik\u00e4ytt\u00f6\u00f6n. Mukana my\u00f6s varoitustarrat ja merkinn\u00e4t, jotka helpottavat asennusta ja k\u00e4ytt\u00f6\u00e4. Osien kunto visuaalisesti hyv\u00e4, mutta toimivuutta ei testattu.<\/p>\n<p>Tekniset tiedot:<br \/>\n&#8211; J\u00e4nnitemittari: analoginen, AC230V<br \/>\n&#8211; Virtakytkin: ENG. S.W. (ON\/OFF)<br \/>\n&#8211; \u00d6ljyvaroitus: OIL ALERT LAMP + LOW OIL WARNING -merkint\u00e4<br \/>\n&#8211; Sulake: SHAXIN DZ47-63 C20, 400V~ 50Hz, IEC60898<br \/>\n&#8211; Pistorasiat:<br \/>\n&#8211; 1 x punainen AC230V (arvio: kolmivaihe)<br \/>\n&#8211; 1 x sininen AC230V (arvio: yksivaihe)<br \/>\n&#8211; 1 x musta AC230V (arvio: yksivaihe)<br \/>\n&#8211; DC-l\u00e4ht\u00f6: DC12V \/ 8.3A<br \/>\n&#8211; Varoitustarrat: polttoaineen t\u00e4ytt\u00f6, \u00f6ljyh\u00e4lytys<br \/>\n&#8211; Taajuusmerkint\u00e4: 50 Hz<br \/>\n&#8211; Merkint\u00e4: &#8221;OPTIONAL DOES NOT WORK SYSTEM INVERTER AVR&#8221; (ei sis\u00e4ll\u00e4 invertteri\u00e4 tai AVR-s\u00e4\u00e4t\u00f6\u00e4)<\/p>\n","protected":false},"excerpt":{"rendered":"<p>Aggregaatin etupaneeli osiksi. Sis\u00e4lt\u00e4\u00e4 j\u00e4nnitemittarin, \u00f6ljyh\u00e4lytyksen, virtakytkimen, pistorasiat ja sulakkeen.<\/p>\n","protected":false},"featured_media":3112,"template":"","meta":{"_uag_custom_page_level_css":"","site-sidebar-layout":"default","site-content-layout":"default","ast-site-content-layout":"default","site-content-style":"default","site-sidebar-style":"default","ast-global-header-display":"","ast-banner-title-visibility":"","ast-main-header-display":"","ast-hfb-above-header-display":"","ast-hfb-below-header-display":"","ast-hfb-mobile-header-display":"","site-post-title":"","ast-breadcrumbs-content":"","ast-featured-img":"","footer-sml-layout":"","ast-disable-related-posts":"","theme-transparent-header-meta":"default","adv-header-id-meta":"","stick-header-meta":"","header-above-stick-meta":"","header-main-stick-meta":"","header-below-stick-meta":"","astra-migrate-meta-layouts":"set","ast-page-background-enabled":"default","ast-page-background-meta":{"desktop":{"background-color":"var(--ast-global-color-4)","background-image":"","background-repeat":"repeat","background-position":"center center","background-size":"auto","background-attachment":"scroll","background-type":"","background-media":"","overlay-type":"","overlay-color":"","overlay-opacity":"","overlay-gradient":""},"tablet":{"background-color":"","background-image":"","background-repeat":"repeat","background-position":"center center","background-size":"auto","background-attachment":"scroll","background-type":"","background-media":"","overlay-type":"","overlay-color":"","overlay-opacity":"","overlay-gradient":""},"mobile":{"background-color":"","background-image":"","background-repeat":"repeat","background-position":"center center","background-size":"auto","background-attachment":"scroll","background-type":"","background-media":"","overlay-type":"","overlay-color":"","overlay-opacity":"","overlay-gradient":""}},"ast-content-background-meta":{"desktop":{"background-color":"var(--ast-global-color-5)","background-image":"","background-repeat":"repeat","background-position":"center center","background-size":"auto","background-attachment":"scroll","background-type":"","background-media":"","overlay-type":"","overlay-color":"","overlay-opacity":"","overlay-gradient":""},"tablet":{"background-color":"var(--ast-global-color-5)","background-image":"","background-repeat":"repeat","background-position":"center center","background-size":"auto","background-attachment":"scroll","background-type":"","background-media":"","overlay-type":"","overlay-color":"","overlay-opacity":"","overlay-gradient":""},"mobile":{"background-color":"var(--ast-global-color-5)","background-image":"","background-repeat":"repeat","background-position":"center center","background-size":"auto","background-attachment":"scroll","background-type":"","background-media":"","overlay-type":"","overlay-color":"","overlay-opacity":"","overlay-gradient":""}}},"product_brand":[],"product_cat":[44],"product_tag":[],"class_list":{"0":"post-3130","1":"product","2":"type-product","3":"status-publish","4":"has-post-thumbnail","6":"product_cat-enaergia","7":"product_shipping_class-noutotuotteet","8":"desktop-align-center","9":"tablet-align-left","10":"mobile-align-left","12":"first","13":"instock","14":"sold-individually","15":"taxable","16":"shipping-taxable","17":"purchasable","18":"product-type-simple"},"aioseo_notices":[],"uagb_featured_image_src":{"full":["https:\/\/www.measte.fi\/wp-content\/uploads\/2025\/12\/1M7A9313-Edit.jpg",1600,1600,false],"thumbnail":["https:\/\/www.measte.fi\/wp-content\/uploads\/2025\/12\/1M7A9313-Edit-150x150.jpg",150,150,true],"medium":["https:\/\/www.measte.fi\/wp-content\/uploads\/2025\/12\/1M7A9313-Edit-300x300.jpg",300,300,true],"medium_large":["https:\/\/www.measte.fi\/wp-content\/uploads\/2025\/12\/1M7A9313-Edit-768x768.jpg",768,768,true],"large":["https:\/\/www.measte.fi\/wp-content\/uploads\/2025\/12\/1M7A9313-Edit-1024x1024.jpg",1024,1024,true],"1536x1536":["https:\/\/www.measte.fi\/wp-content\/uploads\/2025\/12\/1M7A9313-Edit-1536x1536.jpg",1536,1536,true],"2048x2048":["https:\/\/www.measte.fi\/wp-content\/uploads\/2025\/12\/1M7A9313-Edit.jpg",1600,1600,false],"woocommerce_thumbnail":["https:\/\/www.measte.fi\/wp-content\/uploads\/2025\/12\/1M7A9313-Edit-300x300.jpg",300,300,true],"woocommerce_single":["https:\/\/www.measte.fi\/wp-content\/uploads\/2025\/12\/1M7A9313-Edit-600x600.jpg",600,600,true],"woocommerce_gallery_thumbnail":["https:\/\/www.measte.fi\/wp-content\/uploads\/2025\/12\/1M7A9313-Edit-100x100.jpg",100,100,true]},"uagb_author_info":{"display_name":"admin","author_link":"https:\/\/www.measte.fi\/index.php\/author\/"},"uagb_comment_info":0,"uagb_excerpt":"Aggregaatin etupaneeli osiksi. Sis\u00e4lt\u00e4\u00e4 j\u00e4nnitemittarin, \u00f6ljyh\u00e4lytyksen, virtakytkimen, pistorasiat ja sulakkeen.","_links":{"self":[{"href":"https:\/\/www.measte.fi\/index.php\/wp-json\/wp\/v2\/product\/3130","targetHints":{"allow":["GET"]}}],"collection":[{"href":"https:\/\/www.measte.fi\/index.php\/wp-json\/wp\/v2\/product"}],"about":[{"href":"https:\/\/www.measte.fi\/index.php\/wp-json\/wp\/v2\/types\/product"}],"wp:featuredmedia":[{"embeddable":true,"href":"https:\/\/www.measte.fi\/index.php\/wp-json\/wp\/v2\/media\/3112"}],"wp:attachment":[{"href":"https:\/\/www.measte.fi\/index.php\/wp-json\/wp\/v2\/media?parent=3130"}],"wp:term":[{"taxonomy":"product_brand","embeddable":true,"href":"https:\/\/www.measte.fi\/index.php\/wp-json\/wp\/v2\/product_brand?post=3130"},{"taxonomy":"product_cat","embeddable":true,"href":"https:\/\/www.measte.fi\/index.php\/wp-json\/wp\/v2\/product_cat?post=3130"},{"taxonomy":"product_tag","embeddable":true,"href":"https:\/\/www.measte.fi\/index.php\/wp-json\/wp\/v2\/product_tag?post=3130"}],"curies":[{"name":"wp","href":"https:\/\/api.w.org\/{rel}","templated":true}]}}