{"id":3137,"date":"2025-12-13T11:12:54","date_gmt":"2025-12-13T09:12:54","guid":{"rendered":"https:\/\/www.measte.fi\/?post_type=product&#038;p=3137"},"modified":"2025-12-13T13:04:36","modified_gmt":"2025-12-13T11:04:36","slug":"zn-led-driver-zndy-9-12w","status":"publish","type":"product","link":"https:\/\/www.measte.fi\/index.php\/tuote\/zn-led-driver-zndy-9-12w\/","title":{"rendered":"ZN LED DRIVER ZNDY(9\u201312)W (6 kpl)"},"content":{"rendered":"<p>ZN LED DRIVER ZNDY(9\u201312)W on LED-paneelivalaisimille tarkoitettu muuntaja, joka muuntaa verkkovirran (100\u2013240V AC) turvalliseksi tasavirraksi (DC27\u201340V, 300mA). Se soveltuu erityisesti 9\u201312 watin LED-valaisimille ja t\u00e4ytt\u00e4\u00e4 SELV-turvavaatimukset (Safety Extra-Low Voltage). Muuntajassa on IP20-suojaus ja se toimii 50\/60 Hz taajuudella. Kompaktin kokonsa ja kevyen rakenteensa ansiosta se on helppo asentaa paneelivalaisimen yhteyteen.<\/p>\n<p>Tekniset tiedot:<br \/>\n&#8211; Malli: ZNDY(9\u201312)W<br \/>\n&#8211; Sy\u00f6tt\u00f6j\u00e4nnite: 100\u2013240V AC, 50\/60Hz<br \/>\n&#8211; L\u00e4ht\u00f6j\u00e4nnite: DC 27\u201340V<br \/>\n&#8211; L\u00e4ht\u00f6virta: 300 mA<br \/>\n&#8211; Tehoalue: 9\u201312W LED-valaisimille<br \/>\n&#8211; Suojausluokka: IP20<br \/>\n&#8211; Turvaluokitus: SELV (Safety Extra-Low Voltage)<br \/>\n&#8211; K\u00e4ytt\u00f6l\u00e4mp\u00f6tila: ta: 45\u00b0C<br \/>\n&#8211; Kotelon l\u00e4mp\u00f6tila: tc: 85\u00b0C<br \/>\n&#8211; Liit\u00e4nn\u00e4t: AC-N (sininen), AC-L (ruskea), DC-ulostulo<br \/>\n&#8211; Soveltuvuus: uppoasennettavat LED-paneelivalaisimet<\/p>\n","protected":false},"excerpt":{"rendered":"<p>ZN LED DRIVER ZNDY(9\u201312)W muuntaja LED-paneelivalaisimille. Soveltuu 9\u201312W valaisimille, IP20-suojaus.<\/p>\n","protected":false},"featured_media":3120,"template":"","meta":{"_uag_custom_page_level_css":"","site-sidebar-layout":"default","site-content-layout":"default","ast-site-content-layout":"default","site-content-style":"default","site-sidebar-style":"default","ast-global-header-display":"","ast-banner-title-visibility":"","ast-main-header-display":"","ast-hfb-above-header-display":"","ast-hfb-below-header-display":"","ast-hfb-mobile-header-display":"","site-post-title":"","ast-breadcrumbs-content":"","ast-featured-img":"","footer-sml-layout":"","ast-disable-related-posts":"","theme-transparent-header-meta":"default","adv-header-id-meta":"","stick-header-meta":"","header-above-stick-meta":"","header-main-stick-meta":"","header-below-stick-meta":"","astra-migrate-meta-layouts":"set","ast-page-background-enabled":"default","ast-page-background-meta":{"desktop":{"background-color":"var(--ast-global-color-4)","background-image":"","background-repeat":"repeat","background-position":"center center","background-size":"auto","background-attachment":"scroll","background-type":"","background-media":"","overlay-type":"","overlay-color":"","overlay-opacity":"","overlay-gradient":""},"tablet":{"background-color":"","background-image":"","background-repeat":"repeat","background-position":"center center","background-size":"auto","background-attachment":"scroll","background-type":"","background-media":"","overlay-type":"","overlay-color":"","overlay-opacity":"","overlay-gradient":""},"mobile":{"background-color":"","background-image":"","background-repeat":"repeat","background-position":"center center","background-size":"auto","background-attachment":"scroll","background-type":"","background-media":"","overlay-type":"","overlay-color":"","overlay-opacity":"","overlay-gradient":""}},"ast-content-background-meta":{"desktop":{"background-color":"var(--ast-global-color-5)","background-image":"","background-repeat":"repeat","background-position":"center center","background-size":"auto","background-attachment":"scroll","background-type":"","background-media":"","overlay-type":"","overlay-color":"","overlay-opacity":"","overlay-gradient":""},"tablet":{"background-color":"var(--ast-global-color-5)","background-image":"","background-repeat":"repeat","background-position":"center center","background-size":"auto","background-attachment":"scroll","background-type":"","background-media":"","overlay-type":"","overlay-color":"","overlay-opacity":"","overlay-gradient":""},"mobile":{"background-color":"var(--ast-global-color-5)","background-image":"","background-repeat":"repeat","background-position":"center center","background-size":"auto","background-attachment":"scroll","background-type":"","background-media":"","overlay-type":"","overlay-color":"","overlay-opacity":"","overlay-gradient":""}}},"product_brand":[],"product_cat":[38],"product_tag":[],"class_list":{"0":"post-3137","1":"product","2":"type-product","3":"status-publish","4":"has-post-thumbnail","6":"product_cat-valaistus","7":"desktop-align-center","8":"tablet-align-left","9":"mobile-align-left","11":"first","12":"instock","13":"sold-individually","14":"taxable","15":"shipping-taxable","16":"purchasable","17":"product-type-simple"},"aioseo_notices":[],"uagb_featured_image_src":{"full":["https:\/\/www.measte.fi\/wp-content\/uploads\/2025\/12\/1M7A9328-Edit.jpg",1600,1600,false],"thumbnail":["https:\/\/www.measte.fi\/wp-content\/uploads\/2025\/12\/1M7A9328-Edit-150x150.jpg",150,150,true],"medium":["https:\/\/www.measte.fi\/wp-content\/uploads\/2025\/12\/1M7A9328-Edit-300x300.jpg",300,300,true],"medium_large":["https:\/\/www.measte.fi\/wp-content\/uploads\/2025\/12\/1M7A9328-Edit-768x768.jpg",768,768,true],"large":["https:\/\/www.measte.fi\/wp-content\/uploads\/2025\/12\/1M7A9328-Edit-1024x1024.jpg",1024,1024,true],"1536x1536":["https:\/\/www.measte.fi\/wp-content\/uploads\/2025\/12\/1M7A9328-Edit-1536x1536.jpg",1536,1536,true],"2048x2048":["https:\/\/www.measte.fi\/wp-content\/uploads\/2025\/12\/1M7A9328-Edit.jpg",1600,1600,false],"woocommerce_thumbnail":["https:\/\/www.measte.fi\/wp-content\/uploads\/2025\/12\/1M7A9328-Edit-300x300.jpg",300,300,true],"woocommerce_single":["https:\/\/www.measte.fi\/wp-content\/uploads\/2025\/12\/1M7A9328-Edit-600x600.jpg",600,600,true],"woocommerce_gallery_thumbnail":["https:\/\/www.measte.fi\/wp-content\/uploads\/2025\/12\/1M7A9328-Edit-100x100.jpg",100,100,true]},"uagb_author_info":{"display_name":"admin","author_link":"https:\/\/www.measte.fi\/index.php\/author\/"},"uagb_comment_info":0,"uagb_excerpt":"ZN LED DRIVER ZNDY(9\u201312)W muuntaja LED-paneelivalaisimille. Soveltuu 9\u201312W valaisimille, IP20-suojaus.","_links":{"self":[{"href":"https:\/\/www.measte.fi\/index.php\/wp-json\/wp\/v2\/product\/3137","targetHints":{"allow":["GET"]}}],"collection":[{"href":"https:\/\/www.measte.fi\/index.php\/wp-json\/wp\/v2\/product"}],"about":[{"href":"https:\/\/www.measte.fi\/index.php\/wp-json\/wp\/v2\/types\/product"}],"wp:featuredmedia":[{"embeddable":true,"href":"https:\/\/www.measte.fi\/index.php\/wp-json\/wp\/v2\/media\/3120"}],"wp:attachment":[{"href":"https:\/\/www.measte.fi\/index.php\/wp-json\/wp\/v2\/media?parent=3137"}],"wp:term":[{"taxonomy":"product_brand","embeddable":true,"href":"https:\/\/www.measte.fi\/index.php\/wp-json\/wp\/v2\/product_brand?post=3137"},{"taxonomy":"product_cat","embeddable":true,"href":"https:\/\/www.measte.fi\/index.php\/wp-json\/wp\/v2\/product_cat?post=3137"},{"taxonomy":"product_tag","embeddable":true,"href":"https:\/\/www.measte.fi\/index.php\/wp-json\/wp\/v2\/product_tag?post=3137"}],"curies":[{"name":"wp","href":"https:\/\/api.w.org\/{rel}","templated":true}]}}