{"id":3138,"date":"2025-12-13T11:13:38","date_gmt":"2025-12-13T09:13:38","guid":{"rendered":"https:\/\/www.measte.fi\/?post_type=product&#038;p=3138"},"modified":"2025-12-13T11:41:59","modified_gmt":"2025-12-13T09:41:59","slug":"led-energia-paneelivalaisin","status":"publish","type":"product","link":"https:\/\/www.measte.fi\/index.php\/tuote\/led-energia-paneelivalaisin\/","title":{"rendered":"LED energie -paneelivalaisin"},"content":{"rendered":"<p>LED energie -paneelivalaisin on energiatehokas ja monipuolinen ratkaisu sis\u00e4tilojen valaistukseen. Valaisin on suunniteltu uppoasennukseen ja tarjoaa kolme s\u00e4\u00e4dett\u00e4v\u00e4\u00e4 v\u00e4ril\u00e4mp\u00f6tilaa (3000K, 4000K, 6500K), joten se sopii sek\u00e4 tunnelmavalaistukseen ett\u00e4 kirkkaaseen ty\u00f6valoon. Himmennystoiminto mahdollistaa valon s\u00e4\u00e4t\u00e4misen tarpeen mukaan. IP20\/IP44-suojaus tekee siit\u00e4 sopivan my\u00f6s kosteisiin tiloihin. Valaisin tuottaa 370 lumenin valovirran ja toimii 230V j\u00e4nnitteell\u00e4.<\/p>\n<p>Tekniset tiedot:<br \/>\n&#8211; Teho: 6W<br \/>\n&#8211; Valovirta: 370 lumenia<br \/>\n&#8211; V\u00e4ril\u00e4mp\u00f6tila: 3CCT (3000K \/ 4000K \/ 6500K)<br \/>\n&#8211; Himmennys: kyll\u00e4<br \/>\n&#8211; K\u00e4ytt\u00f6j\u00e4nnite: 230V, 50Hz<br \/>\n&#8211; Suojausluokka: IP20 ja IP44<br \/>\n&#8211; Asennustapa: uppoasennus<br \/>\n&#8211; Valmistaja: LED energie<\/p>\n","protected":false},"excerpt":{"rendered":"<p>LED energie 6W uppoasennettava paneelivalaisin, himmennett\u00e4v\u00e4 ja s\u00e4\u00e4dett\u00e4v\u00e4ll\u00e4 v\u00e4ril\u00e4mp\u00f6tilalla. IP20\/IP44-suojaus<\/p>\n","protected":false},"featured_media":3121,"template":"","meta":{"_uag_custom_page_level_css":"","site-sidebar-layout":"default","site-content-layout":"default","ast-site-content-layout":"default","site-content-style":"default","site-sidebar-style":"default","ast-global-header-display":"","ast-banner-title-visibility":"","ast-main-header-display":"","ast-hfb-above-header-display":"","ast-hfb-below-header-display":"","ast-hfb-mobile-header-display":"","site-post-title":"","ast-breadcrumbs-content":"","ast-featured-img":"","footer-sml-layout":"","ast-disable-related-posts":"","theme-transparent-header-meta":"default","adv-header-id-meta":"","stick-header-meta":"","header-above-stick-meta":"","header-main-stick-meta":"","header-below-stick-meta":"","astra-migrate-meta-layouts":"set","ast-page-background-enabled":"default","ast-page-background-meta":{"desktop":{"background-color":"var(--ast-global-color-4)","background-image":"","background-repeat":"repeat","background-position":"center center","background-size":"auto","background-attachment":"scroll","background-type":"","background-media":"","overlay-type":"","overlay-color":"","overlay-opacity":"","overlay-gradient":""},"tablet":{"background-color":"","background-image":"","background-repeat":"repeat","background-position":"center center","background-size":"auto","background-attachment":"scroll","background-type":"","background-media":"","overlay-type":"","overlay-color":"","overlay-opacity":"","overlay-gradient":""},"mobile":{"background-color":"","background-image":"","background-repeat":"repeat","background-position":"center center","background-size":"auto","background-attachment":"scroll","background-type":"","background-media":"","overlay-type":"","overlay-color":"","overlay-opacity":"","overlay-gradient":""}},"ast-content-background-meta":{"desktop":{"background-color":"var(--ast-global-color-5)","background-image":"","background-repeat":"repeat","background-position":"center center","background-size":"auto","background-attachment":"scroll","background-type":"","background-media":"","overlay-type":"","overlay-color":"","overlay-opacity":"","overlay-gradient":""},"tablet":{"background-color":"var(--ast-global-color-5)","background-image":"","background-repeat":"repeat","background-position":"center center","background-size":"auto","background-attachment":"scroll","background-type":"","background-media":"","overlay-type":"","overlay-color":"","overlay-opacity":"","overlay-gradient":""},"mobile":{"background-color":"var(--ast-global-color-5)","background-image":"","background-repeat":"repeat","background-position":"center center","background-size":"auto","background-attachment":"scroll","background-type":"","background-media":"","overlay-type":"","overlay-color":"","overlay-opacity":"","overlay-gradient":""}}},"product_brand":[],"product_cat":[38],"product_tag":[],"class_list":{"0":"post-3138","1":"product","2":"type-product","3":"status-publish","4":"has-post-thumbnail","6":"product_cat-valaistus","7":"product_shipping_class-noutotuotteet","8":"desktop-align-center","9":"tablet-align-left","10":"mobile-align-left","12":"first","13":"instock","14":"sold-individually","15":"taxable","16":"shipping-taxable","17":"purchasable","18":"product-type-simple"},"aioseo_notices":[],"uagb_featured_image_src":{"full":["https:\/\/www.measte.fi\/wp-content\/uploads\/2025\/12\/1M7A9330-Edit.jpg",1600,1600,false],"thumbnail":["https:\/\/www.measte.fi\/wp-content\/uploads\/2025\/12\/1M7A9330-Edit-150x150.jpg",150,150,true],"medium":["https:\/\/www.measte.fi\/wp-content\/uploads\/2025\/12\/1M7A9330-Edit-300x300.jpg",300,300,true],"medium_large":["https:\/\/www.measte.fi\/wp-content\/uploads\/2025\/12\/1M7A9330-Edit-768x768.jpg",768,768,true],"large":["https:\/\/www.measte.fi\/wp-content\/uploads\/2025\/12\/1M7A9330-Edit-1024x1024.jpg",1024,1024,true],"1536x1536":["https:\/\/www.measte.fi\/wp-content\/uploads\/2025\/12\/1M7A9330-Edit-1536x1536.jpg",1536,1536,true],"2048x2048":["https:\/\/www.measte.fi\/wp-content\/uploads\/2025\/12\/1M7A9330-Edit.jpg",1600,1600,false],"woocommerce_thumbnail":["https:\/\/www.measte.fi\/wp-content\/uploads\/2025\/12\/1M7A9330-Edit-300x300.jpg",300,300,true],"woocommerce_single":["https:\/\/www.measte.fi\/wp-content\/uploads\/2025\/12\/1M7A9330-Edit-600x600.jpg",600,600,true],"woocommerce_gallery_thumbnail":["https:\/\/www.measte.fi\/wp-content\/uploads\/2025\/12\/1M7A9330-Edit-100x100.jpg",100,100,true]},"uagb_author_info":{"display_name":"admin","author_link":"https:\/\/www.measte.fi\/index.php\/author\/"},"uagb_comment_info":0,"uagb_excerpt":"LED energie 6W uppoasennettava paneelivalaisin, himmennett\u00e4v\u00e4 ja s\u00e4\u00e4dett\u00e4v\u00e4ll\u00e4 v\u00e4ril\u00e4mp\u00f6tilalla. IP20\/IP44-suojaus","_links":{"self":[{"href":"https:\/\/www.measte.fi\/index.php\/wp-json\/wp\/v2\/product\/3138","targetHints":{"allow":["GET"]}}],"collection":[{"href":"https:\/\/www.measte.fi\/index.php\/wp-json\/wp\/v2\/product"}],"about":[{"href":"https:\/\/www.measte.fi\/index.php\/wp-json\/wp\/v2\/types\/product"}],"wp:featuredmedia":[{"embeddable":true,"href":"https:\/\/www.measte.fi\/index.php\/wp-json\/wp\/v2\/media\/3121"}],"wp:attachment":[{"href":"https:\/\/www.measte.fi\/index.php\/wp-json\/wp\/v2\/media?parent=3138"}],"wp:term":[{"taxonomy":"product_brand","embeddable":true,"href":"https:\/\/www.measte.fi\/index.php\/wp-json\/wp\/v2\/product_brand?post=3138"},{"taxonomy":"product_cat","embeddable":true,"href":"https:\/\/www.measte.fi\/index.php\/wp-json\/wp\/v2\/product_cat?post=3138"},{"taxonomy":"product_tag","embeddable":true,"href":"https:\/\/www.measte.fi\/index.php\/wp-json\/wp\/v2\/product_tag?post=3138"}],"curies":[{"name":"wp","href":"https:\/\/api.w.org\/{rel}","templated":true}]}}