{"id":3165,"date":"2025-12-13T17:50:06","date_gmt":"2025-12-13T15:50:06","guid":{"rendered":"https:\/\/www.measte.fi\/?post_type=product&#038;p=3165"},"modified":"2026-04-28T21:47:21","modified_gmt":"2026-04-28T18:47:21","slug":"sr-2000-tuulimylly-pystyakseli","status":"publish","type":"product","link":"https:\/\/www.measte.fi\/index.php\/tuote\/sr-2000-tuulimylly-pystyakseli\/","title":{"rendered":"Tuulimylly SR-2000"},"content":{"rendered":"<p>SR-2000 on tehokas ja kompakti pystyakselinen tuuligeneraattori, joka soveltuu pienimuotoiseen s\u00e4hk\u00f6n tuotantoon esimerkiksi m\u00f6kille, varastolle tai omakotitalon tukij\u00e4rjestelm\u00e4ksi. Viisilapainen rakenne ja alhainen k\u00e4ynnistystuuli mahdollistavat energian keruun jo kevyess\u00e4 tuulessa. Nylonkuituiset lavat kest\u00e4v\u00e4t s\u00e4\u00e4vaihteluita, ja kolmivaiheinen kestomagneettigeneraattori takaa tasaisen tuotannon. Mukana ohjausj\u00e4rjestelm\u00e4 ja 30 ripustuskoukkua. Arviot perustuvat pakkauksen tietoihin.<\/p>\n<p>\ud83d\udd27 Tekniset tiedot (pakkauksesta):<br \/>\n&#8211; Malli: SR-2000<br \/>\n&#8211; Nimellisteho: 2000 W<br \/>\n&#8211; Maksimiteho: 2250 W<br \/>\n&#8211; Nimellisj\u00e4nnite: 12V \/ 24V \/ 48V<br \/>\n&#8211; K\u00e4ynnistystuulen nopeus: 2,0 m\/s<br \/>\n&#8211; Nimellistuulen nopeus: 13 m\/s<br \/>\n&#8211; Kestotuulen nopeus: 50 m\/s<br \/>\n&#8211; Lapojen m\u00e4\u00e4r\u00e4: 5<br \/>\n&#8211; Lapojen materiaali: Nylonkuitu<br \/>\n&#8211; Tuulipy\u00f6r\u00e4n halkaisija: 0,85 m<br \/>\n&#8211; Generaattori: Kolmivaiheinen AC-kestomagneettigeneraattori<br \/>\n&#8211; Magneettiter\u00e4s: NdFeB<br \/>\n&#8211; Ohjausj\u00e4rjestelm\u00e4: Elektromagneettinen<br \/>\n&#8211; K\u00e4ytt\u00f6l\u00e4mp\u00f6tila: \u201340\u00b0C \u2026 +80\u00b0C<br \/>\n&#8211; Suunniteltu k\u00e4ytt\u00f6ik\u00e4: 20 vuotta<\/p>\n","protected":false},"excerpt":{"rendered":"<p>SR-2000 pystyakselinen tuulimylly, 2000 W teho, 5 lapaa, alhainen k\u00e4ynnistystuuli. Soveltuu pientuotantoon.<\/p>\n","protected":false},"featured_media":3161,"template":"","meta":{"_uag_custom_page_level_css":"","site-sidebar-layout":"default","site-content-layout":"default","ast-site-content-layout":"default","site-content-style":"default","site-sidebar-style":"default","ast-global-header-display":"","ast-banner-title-visibility":"","ast-main-header-display":"","ast-hfb-above-header-display":"","ast-hfb-below-header-display":"","ast-hfb-mobile-header-display":"","site-post-title":"","ast-breadcrumbs-content":"","ast-featured-img":"","footer-sml-layout":"","ast-disable-related-posts":"","theme-transparent-header-meta":"default","adv-header-id-meta":"","stick-header-meta":"","header-above-stick-meta":"","header-main-stick-meta":"","header-below-stick-meta":"","astra-migrate-meta-layouts":"set","ast-page-background-enabled":"default","ast-page-background-meta":{"desktop":{"background-color":"var(--ast-global-color-4)","background-image":"","background-repeat":"repeat","background-position":"center center","background-size":"auto","background-attachment":"scroll","background-type":"","background-media":"","overlay-type":"","overlay-color":"","overlay-opacity":"","overlay-gradient":""},"tablet":{"background-color":"","background-image":"","background-repeat":"repeat","background-position":"center center","background-size":"auto","background-attachment":"scroll","background-type":"","background-media":"","overlay-type":"","overlay-color":"","overlay-opacity":"","overlay-gradient":""},"mobile":{"background-color":"","background-image":"","background-repeat":"repeat","background-position":"center center","background-size":"auto","background-attachment":"scroll","background-type":"","background-media":"","overlay-type":"","overlay-color":"","overlay-opacity":"","overlay-gradient":""}},"ast-content-background-meta":{"desktop":{"background-color":"var(--ast-global-color-5)","background-image":"","background-repeat":"repeat","background-position":"center center","background-size":"auto","background-attachment":"scroll","background-type":"","background-media":"","overlay-type":"","overlay-color":"","overlay-opacity":"","overlay-gradient":""},"tablet":{"background-color":"var(--ast-global-color-5)","background-image":"","background-repeat":"repeat","background-position":"center center","background-size":"auto","background-attachment":"scroll","background-type":"","background-media":"","overlay-type":"","overlay-color":"","overlay-opacity":"","overlay-gradient":""},"mobile":{"background-color":"var(--ast-global-color-5)","background-image":"","background-repeat":"repeat","background-position":"center center","background-size":"auto","background-attachment":"scroll","background-type":"","background-media":"","overlay-type":"","overlay-color":"","overlay-opacity":"","overlay-gradient":""}}},"product_brand":[],"product_cat":[44],"product_tag":[],"class_list":{"0":"post-3165","1":"product","2":"type-product","3":"status-publish","4":"has-post-thumbnail","6":"product_cat-enaergia","7":"product_shipping_class-noutotuotteet","8":"desktop-align-center","9":"tablet-align-left","10":"mobile-align-left","12":"first","13":"instock","14":"sold-individually","15":"taxable","16":"shipping-taxable","17":"purchasable","18":"product-type-simple"},"aioseo_notices":[],"uagb_featured_image_src":{"full":["https:\/\/www.measte.fi\/wp-content\/uploads\/2025\/12\/1M7A9226-Edit-Edit-2.jpg",1600,1600,false],"thumbnail":["https:\/\/www.measte.fi\/wp-content\/uploads\/2025\/12\/1M7A9226-Edit-Edit-2-150x150.jpg",150,150,true],"medium":["https:\/\/www.measte.fi\/wp-content\/uploads\/2025\/12\/1M7A9226-Edit-Edit-2-300x300.jpg",300,300,true],"medium_large":["https:\/\/www.measte.fi\/wp-content\/uploads\/2025\/12\/1M7A9226-Edit-Edit-2-768x768.jpg",768,768,true],"large":["https:\/\/www.measte.fi\/wp-content\/uploads\/2025\/12\/1M7A9226-Edit-Edit-2-1024x1024.jpg",1024,1024,true],"1536x1536":["https:\/\/www.measte.fi\/wp-content\/uploads\/2025\/12\/1M7A9226-Edit-Edit-2-1536x1536.jpg",1536,1536,true],"2048x2048":["https:\/\/www.measte.fi\/wp-content\/uploads\/2025\/12\/1M7A9226-Edit-Edit-2.jpg",1600,1600,false],"woocommerce_thumbnail":["https:\/\/www.measte.fi\/wp-content\/uploads\/2025\/12\/1M7A9226-Edit-Edit-2-300x300.jpg",300,300,true],"woocommerce_single":["https:\/\/www.measte.fi\/wp-content\/uploads\/2025\/12\/1M7A9226-Edit-Edit-2-600x600.jpg",600,600,true],"woocommerce_gallery_thumbnail":["https:\/\/www.measte.fi\/wp-content\/uploads\/2025\/12\/1M7A9226-Edit-Edit-2-100x100.jpg",100,100,true]},"uagb_author_info":{"display_name":"admin","author_link":"https:\/\/www.measte.fi\/index.php\/author\/"},"uagb_comment_info":0,"uagb_excerpt":"SR-2000 pystyakselinen tuulimylly, 2000 W teho, 5 lapaa, alhainen k\u00e4ynnistystuuli. Soveltuu pientuotantoon.","_links":{"self":[{"href":"https:\/\/www.measte.fi\/index.php\/wp-json\/wp\/v2\/product\/3165","targetHints":{"allow":["GET"]}}],"collection":[{"href":"https:\/\/www.measte.fi\/index.php\/wp-json\/wp\/v2\/product"}],"about":[{"href":"https:\/\/www.measte.fi\/index.php\/wp-json\/wp\/v2\/types\/product"}],"wp:featuredmedia":[{"embeddable":true,"href":"https:\/\/www.measte.fi\/index.php\/wp-json\/wp\/v2\/media\/3161"}],"wp:attachment":[{"href":"https:\/\/www.measte.fi\/index.php\/wp-json\/wp\/v2\/media?parent=3165"}],"wp:term":[{"taxonomy":"product_brand","embeddable":true,"href":"https:\/\/www.measte.fi\/index.php\/wp-json\/wp\/v2\/product_brand?post=3165"},{"taxonomy":"product_cat","embeddable":true,"href":"https:\/\/www.measte.fi\/index.php\/wp-json\/wp\/v2\/product_cat?post=3165"},{"taxonomy":"product_tag","embeddable":true,"href":"https:\/\/www.measte.fi\/index.php\/wp-json\/wp\/v2\/product_tag?post=3165"}],"curies":[{"name":"wp","href":"https:\/\/api.w.org\/{rel}","templated":true}]}}