{"id":3241,"date":"2025-12-13T18:57:29","date_gmt":"2025-12-13T16:57:29","guid":{"rendered":"https:\/\/www.measte.fi\/?post_type=product&#038;p=3241"},"modified":"2025-12-16T11:38:19","modified_gmt":"2025-12-16T09:38:19","slug":"st250piip-psu","status":"publish","type":"product","link":"https:\/\/www.measte.fi\/index.php\/tuote\/st250piip-psu\/","title":{"rendered":"SEVENTEAM ST-250PIIP ATX-virtal\u00e4hde 250W"},"content":{"rendered":"<p>SEVENTEAM ST-250PIIP on 250 watin ATX-standardin mukainen virtal\u00e4hde, joka on suunniteltu tarjoamaan vakaata virtaa tietokoneen komponentteihin. Se on ihanteellinen korvaava virtal\u00e4hde vanhempiin ty\u00f6p\u00f6yt\u00e4kokoonpanoihin, joissa ei tarvita suurta tehoa tai uusimpia liittimi\u00e4. Erityisesti +5V ja +3.3V linjojen yhdistetty maksimiteho on 150 W, mik\u00e4 soveltuu j\u00e4rjestelmiin, jotka k\u00e4ytt\u00e4v\u00e4t n\u00e4it\u00e4 j\u00e4nnitelinjoja kuormitukseen enemm\u00e4n kuin nykyaikaiset, +12V-painotteiset j\u00e4rjestelm\u00e4t. Malli on testattu ja sen on todettu t\u00e4ytt\u00e4v\u00e4n FC- ja UL\/cUL-standardit kotik\u00e4ytt\u00f6\u00f6n ja toimistok\u00e4ytt\u00f6\u00f6n.<\/p>\n<p>Tekniset tiedot:<\/p>\n<p>    Malli: ST-250PIIP<\/p>\n<p>    Maksimiteho: 250 W<\/p>\n<p>    AC Sis\u00e4\u00e4ntulo (Input): 115V \/ 230V, 5A \/ 2.5A, 50-60 Hz<\/p>\n<p>    DC Ulostulo (Output) J\u00e4nnitteet ja Virrat (Max):<\/p>\n<p>        +3.3V: 15A<\/p>\n<p>        +5V: 20A<\/p>\n<p>        +12V: 8A<\/p>\n<p>        -5V: 0.3A<\/p>\n<p>        -12V: 1A<\/p>\n<p>        +5VSB (Standby): 2A<\/p>\n<p>    Yhdistetty maksimiteho:<\/p>\n<p>        (+5V &#038; +3.3V): 150 W<\/p>\n<p>        (+5V &#038; +12V): 235 W<\/p>\n<p>    Liittimet: Tyypilliset ATX-liittimet (sis. 20-pin ATX, 4-pin P4, Molex, FDD, SATA [Arvio: SATA-liittimi\u00e4 saattaa olla, riippuen valmistusajankohdasta]).<\/p>\n","protected":false},"excerpt":{"rendered":"<p>Luotettava SEVENTEAM ST-250PIIP -tietokoneen virtal\u00e4hde. 250 W teho, sopii vanhempiin PC-kokoonpanoihin tai korvaavaksi osaksi. Tarjoaa vakaat +5V ja +12V j\u00e4nnitteet, maksimi teho +5V &#038; +3.3V linjoilla 150 W<\/p>\n","protected":false},"featured_media":3219,"template":"","meta":{"_uag_custom_page_level_css":"","site-sidebar-layout":"default","site-content-layout":"default","ast-site-content-layout":"default","site-content-style":"default","site-sidebar-style":"default","ast-global-header-display":"","ast-banner-title-visibility":"","ast-main-header-display":"","ast-hfb-above-header-display":"","ast-hfb-below-header-display":"","ast-hfb-mobile-header-display":"","site-post-title":"","ast-breadcrumbs-content":"","ast-featured-img":"","footer-sml-layout":"","ast-disable-related-posts":"","theme-transparent-header-meta":"default","adv-header-id-meta":"","stick-header-meta":"","header-above-stick-meta":"","header-main-stick-meta":"","header-below-stick-meta":"","astra-migrate-meta-layouts":"set","ast-page-background-enabled":"default","ast-page-background-meta":{"desktop":{"background-color":"var(--ast-global-color-4)","background-image":"","background-repeat":"repeat","background-position":"center center","background-size":"auto","background-attachment":"scroll","background-type":"","background-media":"","overlay-type":"","overlay-color":"","overlay-opacity":"","overlay-gradient":""},"tablet":{"background-color":"","background-image":"","background-repeat":"repeat","background-position":"center center","background-size":"auto","background-attachment":"scroll","background-type":"","background-media":"","overlay-type":"","overlay-color":"","overlay-opacity":"","overlay-gradient":""},"mobile":{"background-color":"","background-image":"","background-repeat":"repeat","background-position":"center center","background-size":"auto","background-attachment":"scroll","background-type":"","background-media":"","overlay-type":"","overlay-color":"","overlay-opacity":"","overlay-gradient":""}},"ast-content-background-meta":{"desktop":{"background-color":"var(--ast-global-color-5)","background-image":"","background-repeat":"repeat","background-position":"center center","background-size":"auto","background-attachment":"scroll","background-type":"","background-media":"","overlay-type":"","overlay-color":"","overlay-opacity":"","overlay-gradient":""},"tablet":{"background-color":"var(--ast-global-color-5)","background-image":"","background-repeat":"repeat","background-position":"center center","background-size":"auto","background-attachment":"scroll","background-type":"","background-media":"","overlay-type":"","overlay-color":"","overlay-opacity":"","overlay-gradient":""},"mobile":{"background-color":"var(--ast-global-color-5)","background-image":"","background-repeat":"repeat","background-position":"center center","background-size":"auto","background-attachment":"scroll","background-type":"","background-media":"","overlay-type":"","overlay-color":"","overlay-opacity":"","overlay-gradient":""}}},"product_brand":[],"product_cat":[44],"product_tag":[],"class_list":{"0":"post-3241","1":"product","2":"type-product","3":"status-publish","4":"has-post-thumbnail","6":"product_cat-enaergia","7":"desktop-align-center","8":"tablet-align-left","9":"mobile-align-left","11":"first","12":"instock","13":"sold-individually","14":"taxable","15":"shipping-taxable","16":"purchasable","17":"product-type-simple"},"aioseo_notices":[],"uagb_featured_image_src":{"full":["https:\/\/www.measte.fi\/wp-content\/uploads\/2025\/12\/1M7A1852.jpg",1600,1600,false],"thumbnail":["https:\/\/www.measte.fi\/wp-content\/uploads\/2025\/12\/1M7A1852-150x150.jpg",150,150,true],"medium":["https:\/\/www.measte.fi\/wp-content\/uploads\/2025\/12\/1M7A1852-300x300.jpg",300,300,true],"medium_large":["https:\/\/www.measte.fi\/wp-content\/uploads\/2025\/12\/1M7A1852-768x768.jpg",768,768,true],"large":["https:\/\/www.measte.fi\/wp-content\/uploads\/2025\/12\/1M7A1852-1024x1024.jpg",1024,1024,true],"1536x1536":["https:\/\/www.measte.fi\/wp-content\/uploads\/2025\/12\/1M7A1852-1536x1536.jpg",1536,1536,true],"2048x2048":["https:\/\/www.measte.fi\/wp-content\/uploads\/2025\/12\/1M7A1852.jpg",1600,1600,false],"woocommerce_thumbnail":["https:\/\/www.measte.fi\/wp-content\/uploads\/2025\/12\/1M7A1852-300x300.jpg",300,300,true],"woocommerce_single":["https:\/\/www.measte.fi\/wp-content\/uploads\/2025\/12\/1M7A1852-600x600.jpg",600,600,true],"woocommerce_gallery_thumbnail":["https:\/\/www.measte.fi\/wp-content\/uploads\/2025\/12\/1M7A1852-100x100.jpg",100,100,true]},"uagb_author_info":{"display_name":"admin","author_link":"https:\/\/www.measte.fi\/index.php\/author\/"},"uagb_comment_info":0,"uagb_excerpt":"Luotettava SEVENTEAM ST-250PIIP -tietokoneen virtal\u00e4hde. 250 W teho, sopii vanhempiin PC-kokoonpanoihin tai korvaavaksi osaksi. Tarjoaa vakaat +5V ja +12V j\u00e4nnitteet, maksimi teho +5V & +3.3V linjoilla 150 W","_links":{"self":[{"href":"https:\/\/www.measte.fi\/index.php\/wp-json\/wp\/v2\/product\/3241","targetHints":{"allow":["GET"]}}],"collection":[{"href":"https:\/\/www.measte.fi\/index.php\/wp-json\/wp\/v2\/product"}],"about":[{"href":"https:\/\/www.measte.fi\/index.php\/wp-json\/wp\/v2\/types\/product"}],"wp:featuredmedia":[{"embeddable":true,"href":"https:\/\/www.measte.fi\/index.php\/wp-json\/wp\/v2\/media\/3219"}],"wp:attachment":[{"href":"https:\/\/www.measte.fi\/index.php\/wp-json\/wp\/v2\/media?parent=3241"}],"wp:term":[{"taxonomy":"product_brand","embeddable":true,"href":"https:\/\/www.measte.fi\/index.php\/wp-json\/wp\/v2\/product_brand?post=3241"},{"taxonomy":"product_cat","embeddable":true,"href":"https:\/\/www.measte.fi\/index.php\/wp-json\/wp\/v2\/product_cat?post=3241"},{"taxonomy":"product_tag","embeddable":true,"href":"https:\/\/www.measte.fi\/index.php\/wp-json\/wp\/v2\/product_tag?post=3241"}],"curies":[{"name":"wp","href":"https:\/\/api.w.org\/{rel}","templated":true}]}}