{"id":3257,"date":"2025-12-13T19:13:48","date_gmt":"2025-12-13T17:13:48","guid":{"rendered":"https:\/\/www.measte.fi\/?post_type=product&#038;p=3257"},"modified":"2025-12-14T12:10:31","modified_gmt":"2025-12-14T10:10:31","slug":"entes-es25n-kwhmittari","status":"publish","type":"product","link":"https:\/\/www.measte.fi\/index.php\/tuote\/entes-es25n-kwhmittari\/","title":{"rendered":"Energiamittari Entes ES-25N"},"content":{"rendered":"<p>Entes ES-25N on Turkissa valmistettu DIN-kiskoon asennettava energiamittari, joka mittaa s\u00e4hk\u00f6nkulutusta kilowattitunneissa (kWh). Laite soveltuu yksivaiheisiin 220 V AC j\u00e4rjestelmiin ja tukee virtoja 5\u201325 A.<\/p>\n<p>Etupaneelissa on mekaaninen kWh-n\u00e4ytt\u00f6, joka tarjoaa luotettavan ja pitk\u00e4ik\u00e4isen kulutuslukeman ilman elektroniikkaa. Kotelossa on selke\u00e4 kytkent\u00e4kaavio ja merkinn\u00e4t liittimille (L, N, 1\u20134), mik\u00e4 helpottaa asennusta.<\/p>\n<p>Laite t\u00e4ytt\u00e4\u00e4 EN 62053-11 standardin vaatimukset ja on luokiteltu tarkkuusluokkaan 1 (Class 1), mik\u00e4 tekee siit\u00e4 sopivan my\u00f6s laskutukseen perustuvaan mittaukseen.<\/p>\n<p>Tekniset tiedot (arvioituja)<br \/>\n&#8211; Valmistaja: Entes<br \/>\n&#8211; Malli \/ tyyppi: ES-25N<br \/>\n&#8211; Toiminto: Energiamittari (Watt-Hour Counter)<br \/>\n&#8211; Sy\u00f6tt\u00f6j\u00e4nnite: 220 V AC<br \/>\n&#8211; Virta-alue: 5(25) A<br \/>\n&#8211; Taajuus: 50 Hz<br \/>\n&#8211; Tarkkuusluokka: Class 1<br \/>\n&#8211; Standardi: EN 62053-11<br \/>\n&#8211; N\u00e4ytt\u00f6: Mekaaninen kWh-laskuri<br \/>\n&#8211; Liit\u00e4nn\u00e4t: L, N, 1\u20134 (ruuviliittimet)<br \/>\n&#8211; Asennus: DIN-kisko<br \/>\n&#8211; Valmistusmaa: Turkki<\/p>\n","protected":false},"excerpt":{"rendered":"<p>K\u00e4ytetty Entes ES-25N DIN-kiskoon asennettava energiamittari (watt-hour counter). Mittaa s\u00e4hk\u00f6nkulutusta mekaanisella kWh-n\u00e4yt\u00f6ll\u00e4. Soveltuu 220 V AC j\u00e4rjestelmiin, max 25 A virralle.<\/p>\n","protected":false},"featured_media":3203,"template":"","meta":{"_uag_custom_page_level_css":"","site-sidebar-layout":"default","site-content-layout":"default","ast-site-content-layout":"default","site-content-style":"default","site-sidebar-style":"default","ast-global-header-display":"","ast-banner-title-visibility":"","ast-main-header-display":"","ast-hfb-above-header-display":"","ast-hfb-below-header-display":"","ast-hfb-mobile-header-display":"","site-post-title":"","ast-breadcrumbs-content":"","ast-featured-img":"","footer-sml-layout":"","ast-disable-related-posts":"","theme-transparent-header-meta":"default","adv-header-id-meta":"","stick-header-meta":"","header-above-stick-meta":"","header-main-stick-meta":"","header-below-stick-meta":"","astra-migrate-meta-layouts":"set","ast-page-background-enabled":"default","ast-page-background-meta":{"desktop":{"background-color":"var(--ast-global-color-4)","background-image":"","background-repeat":"repeat","background-position":"center center","background-size":"auto","background-attachment":"scroll","background-type":"","background-media":"","overlay-type":"","overlay-color":"","overlay-opacity":"","overlay-gradient":""},"tablet":{"background-color":"","background-image":"","background-repeat":"repeat","background-position":"center center","background-size":"auto","background-attachment":"scroll","background-type":"","background-media":"","overlay-type":"","overlay-color":"","overlay-opacity":"","overlay-gradient":""},"mobile":{"background-color":"","background-image":"","background-repeat":"repeat","background-position":"center center","background-size":"auto","background-attachment":"scroll","background-type":"","background-media":"","overlay-type":"","overlay-color":"","overlay-opacity":"","overlay-gradient":""}},"ast-content-background-meta":{"desktop":{"background-color":"var(--ast-global-color-5)","background-image":"","background-repeat":"repeat","background-position":"center center","background-size":"auto","background-attachment":"scroll","background-type":"","background-media":"","overlay-type":"","overlay-color":"","overlay-opacity":"","overlay-gradient":""},"tablet":{"background-color":"var(--ast-global-color-5)","background-image":"","background-repeat":"repeat","background-position":"center center","background-size":"auto","background-attachment":"scroll","background-type":"","background-media":"","overlay-type":"","overlay-color":"","overlay-opacity":"","overlay-gradient":""},"mobile":{"background-color":"var(--ast-global-color-5)","background-image":"","background-repeat":"repeat","background-position":"center center","background-size":"auto","background-attachment":"scroll","background-type":"","background-media":"","overlay-type":"","overlay-color":"","overlay-opacity":"","overlay-gradient":""}}},"product_brand":[],"product_cat":[42],"product_tag":[],"class_list":{"0":"post-3257","1":"product","2":"type-product","3":"status-publish","4":"has-post-thumbnail","6":"product_cat-sahkotarvikkeet","7":"desktop-align-center","8":"tablet-align-left","9":"mobile-align-left","11":"first","12":"instock","13":"sold-individually","14":"taxable","15":"shipping-taxable","16":"purchasable","17":"product-type-simple"},"aioseo_notices":[],"uagb_featured_image_src":{"full":["https:\/\/www.measte.fi\/wp-content\/uploads\/2025\/12\/1M7A1822.jpg",1600,1600,false],"thumbnail":["https:\/\/www.measte.fi\/wp-content\/uploads\/2025\/12\/1M7A1822-150x150.jpg",150,150,true],"medium":["https:\/\/www.measte.fi\/wp-content\/uploads\/2025\/12\/1M7A1822-300x300.jpg",300,300,true],"medium_large":["https:\/\/www.measte.fi\/wp-content\/uploads\/2025\/12\/1M7A1822-768x768.jpg",768,768,true],"large":["https:\/\/www.measte.fi\/wp-content\/uploads\/2025\/12\/1M7A1822-1024x1024.jpg",1024,1024,true],"1536x1536":["https:\/\/www.measte.fi\/wp-content\/uploads\/2025\/12\/1M7A1822-1536x1536.jpg",1536,1536,true],"2048x2048":["https:\/\/www.measte.fi\/wp-content\/uploads\/2025\/12\/1M7A1822.jpg",1600,1600,false],"woocommerce_thumbnail":["https:\/\/www.measte.fi\/wp-content\/uploads\/2025\/12\/1M7A1822-300x300.jpg",300,300,true],"woocommerce_single":["https:\/\/www.measte.fi\/wp-content\/uploads\/2025\/12\/1M7A1822-600x600.jpg",600,600,true],"woocommerce_gallery_thumbnail":["https:\/\/www.measte.fi\/wp-content\/uploads\/2025\/12\/1M7A1822-100x100.jpg",100,100,true]},"uagb_author_info":{"display_name":"admin","author_link":"https:\/\/www.measte.fi\/index.php\/author\/"},"uagb_comment_info":0,"uagb_excerpt":"K\u00e4ytetty Entes ES-25N DIN-kiskoon asennettava energiamittari (watt-hour counter). Mittaa s\u00e4hk\u00f6nkulutusta mekaanisella kWh-n\u00e4yt\u00f6ll\u00e4. Soveltuu 220 V AC j\u00e4rjestelmiin, max 25 A virralle.","_links":{"self":[{"href":"https:\/\/www.measte.fi\/index.php\/wp-json\/wp\/v2\/product\/3257","targetHints":{"allow":["GET"]}}],"collection":[{"href":"https:\/\/www.measte.fi\/index.php\/wp-json\/wp\/v2\/product"}],"about":[{"href":"https:\/\/www.measte.fi\/index.php\/wp-json\/wp\/v2\/types\/product"}],"wp:featuredmedia":[{"embeddable":true,"href":"https:\/\/www.measte.fi\/index.php\/wp-json\/wp\/v2\/media\/3203"}],"wp:attachment":[{"href":"https:\/\/www.measte.fi\/index.php\/wp-json\/wp\/v2\/media?parent=3257"}],"wp:term":[{"taxonomy":"product_brand","embeddable":true,"href":"https:\/\/www.measte.fi\/index.php\/wp-json\/wp\/v2\/product_brand?post=3257"},{"taxonomy":"product_cat","embeddable":true,"href":"https:\/\/www.measte.fi\/index.php\/wp-json\/wp\/v2\/product_cat?post=3257"},{"taxonomy":"product_tag","embeddable":true,"href":"https:\/\/www.measte.fi\/index.php\/wp-json\/wp\/v2\/product_tag?post=3257"}],"curies":[{"name":"wp","href":"https:\/\/api.w.org\/{rel}","templated":true}]}}