{"id":37,"date":"2023-04-21T23:32:51","date_gmt":"2023-04-21T20:32:51","guid":{"rendered":"https:\/\/www.measte.fi\/?post_type=product&#038;p=37"},"modified":"2023-05-09T12:29:57","modified_gmt":"2023-05-09T09:29:57","slug":"varaosatuote-tnu10-02-virtakaapeli","status":"publish","type":"product","link":"https:\/\/www.measte.fi\/index.php\/tuote\/varaosatuote-tnu10-02-virtakaapeli\/","title":{"rendered":"Varaosatuote: TNU10-02 virtakaapeli"},"content":{"rendered":"<p>T\u00e4m\u00e4 on Tunkka 100 varaosa.<\/p>\n<p>TNU10-02 USB-virtakaapeli sis\u00e4ltyy Tunkka 100 tuotteen pakkaukseen.<\/p>\n<p>Vaikka kaapeli on luotettava ja kest\u00e4v\u00e4, voi esim. kotiel\u00e4in j\u00e4rsi\u00e4 kaapelin rikki, eik\u00e4 takuu ole voimassa sellaisissa tapauksissa.<\/p>\n<p>&nbsp;<\/p>\n","protected":false},"excerpt":{"rendered":"<p>T\u00e4m\u00e4 on Tunkka 100 varaosa. TNU10-02 USB-virtakaapeli sis\u00e4ltyy Tunkka 100 tuotteen pakkaukseen. Vaikka kaapeli on luotettava ja kest\u00e4v\u00e4, voi esim. kotiel\u00e4in j\u00e4rsi\u00e4 kaapelin rikki, eik\u00e4 takuu ole voimassa sellaisissa tapauksissa. &nbsp;<\/p>\n","protected":false},"featured_media":68,"template":"","meta":{"_uag_custom_page_level_css":"","site-sidebar-layout":"default","site-content-layout":"default","ast-site-content-layout":"default","site-content-style":"default","site-sidebar-style":"default","ast-global-header-display":"","ast-banner-title-visibility":"","ast-main-header-display":"","ast-hfb-above-header-display":"","ast-hfb-below-header-display":"","ast-hfb-mobile-header-display":"","site-post-title":"","ast-breadcrumbs-content":"","ast-featured-img":"","footer-sml-layout":"","ast-disable-related-posts":"","theme-transparent-header-meta":"default","adv-header-id-meta":"","stick-header-meta":"","header-above-stick-meta":"","header-main-stick-meta":"","header-below-stick-meta":"","astra-migrate-meta-layouts":"default","ast-page-background-enabled":"default","ast-page-background-meta":{"desktop":{"background-color":"var(--ast-global-color-4)","background-image":"","background-repeat":"repeat","background-position":"center center","background-size":"auto","background-attachment":"scroll","background-type":"","background-media":"","overlay-type":"","overlay-color":"","overlay-opacity":"","overlay-gradient":""},"tablet":{"background-color":"","background-image":"","background-repeat":"repeat","background-position":"center center","background-size":"auto","background-attachment":"scroll","background-type":"","background-media":"","overlay-type":"","overlay-color":"","overlay-opacity":"","overlay-gradient":""},"mobile":{"background-color":"","background-image":"","background-repeat":"repeat","background-position":"center center","background-size":"auto","background-attachment":"scroll","background-type":"","background-media":"","overlay-type":"","overlay-color":"","overlay-opacity":"","overlay-gradient":""}},"ast-content-background-meta":{"desktop":{"background-color":"var(--ast-global-color-5)","background-image":"","background-repeat":"repeat","background-position":"center center","background-size":"auto","background-attachment":"scroll","background-type":"","background-media":"","overlay-type":"","overlay-color":"","overlay-opacity":"","overlay-gradient":""},"tablet":{"background-color":"var(--ast-global-color-5)","background-image":"","background-repeat":"repeat","background-position":"center center","background-size":"auto","background-attachment":"scroll","background-type":"","background-media":"","overlay-type":"","overlay-color":"","overlay-opacity":"","overlay-gradient":""},"mobile":{"background-color":"var(--ast-global-color-5)","background-image":"","background-repeat":"repeat","background-position":"center center","background-size":"auto","background-attachment":"scroll","background-type":"","background-media":"","overlay-type":"","overlay-color":"","overlay-opacity":"","overlay-gradient":""}}},"product_brand":[],"product_cat":[16],"product_tag":[],"class_list":{"0":"post-37","1":"product","2":"type-product","3":"status-publish","4":"has-post-thumbnail","6":"product_cat-tunkka-100","7":"desktop-align-center","8":"tablet-align-left","9":"mobile-align-left","11":"first","12":"instock","13":"taxable","14":"shipping-taxable","15":"purchasable","16":"product-type-simple"},"aioseo_notices":[],"uagb_featured_image_src":{"full":["https:\/\/www.measte.fi\/wp-content\/uploads\/2023\/04\/KaapeliW.jpg",472,475,false],"thumbnail":["https:\/\/www.measte.fi\/wp-content\/uploads\/2023\/04\/KaapeliW-150x150.jpg",150,150,true],"medium":["https:\/\/www.measte.fi\/wp-content\/uploads\/2023\/04\/KaapeliW-298x300.jpg",298,300,true],"medium_large":["https:\/\/www.measte.fi\/wp-content\/uploads\/2023\/04\/KaapeliW.jpg",472,475,false],"large":["https:\/\/www.measte.fi\/wp-content\/uploads\/2023\/04\/KaapeliW.jpg",472,475,false],"1536x1536":["https:\/\/www.measte.fi\/wp-content\/uploads\/2023\/04\/KaapeliW.jpg",472,475,false],"2048x2048":["https:\/\/www.measte.fi\/wp-content\/uploads\/2023\/04\/KaapeliW.jpg",472,475,false],"woocommerce_thumbnail":["https:\/\/www.measte.fi\/wp-content\/uploads\/2023\/04\/KaapeliW-300x300.jpg",300,300,true],"woocommerce_single":["https:\/\/www.measte.fi\/wp-content\/uploads\/2023\/04\/KaapeliW.jpg",472,475,false],"woocommerce_gallery_thumbnail":["https:\/\/www.measte.fi\/wp-content\/uploads\/2023\/04\/KaapeliW-100x100.jpg",100,100,true]},"uagb_author_info":{"display_name":"admin","author_link":"https:\/\/www.measte.fi\/index.php\/author\/"},"uagb_comment_info":0,"uagb_excerpt":"T\u00e4m\u00e4 on Tunkka 100 varaosa. TNU10-02 USB-virtakaapeli sis\u00e4ltyy Tunkka 100 tuotteen pakkaukseen. Vaikka kaapeli on luotettava ja kest\u00e4v\u00e4, voi esim. kotiel\u00e4in j\u00e4rsi\u00e4 kaapelin rikki, eik\u00e4 takuu ole voimassa sellaisissa tapauksissa. &nbsp;","_links":{"self":[{"href":"https:\/\/www.measte.fi\/index.php\/wp-json\/wp\/v2\/product\/37","targetHints":{"allow":["GET"]}}],"collection":[{"href":"https:\/\/www.measte.fi\/index.php\/wp-json\/wp\/v2\/product"}],"about":[{"href":"https:\/\/www.measte.fi\/index.php\/wp-json\/wp\/v2\/types\/product"}],"wp:featuredmedia":[{"embeddable":true,"href":"https:\/\/www.measte.fi\/index.php\/wp-json\/wp\/v2\/media\/68"}],"wp:attachment":[{"href":"https:\/\/www.measte.fi\/index.php\/wp-json\/wp\/v2\/media?parent=37"}],"wp:term":[{"taxonomy":"product_brand","embeddable":true,"href":"https:\/\/www.measte.fi\/index.php\/wp-json\/wp\/v2\/product_brand?post=37"},{"taxonomy":"product_cat","embeddable":true,"href":"https:\/\/www.measte.fi\/index.php\/wp-json\/wp\/v2\/product_cat?post=37"},{"taxonomy":"product_tag","embeddable":true,"href":"https:\/\/www.measte.fi\/index.php\/wp-json\/wp\/v2\/product_tag?post=37"}],"curies":[{"name":"wp","href":"https:\/\/api.w.org\/{rel}","templated":true}]}}